{"id":523990,"date":"2025-07-30T13:44:07","date_gmt":"2025-07-30T11:44:07","guid":{"rendered":"https:\/\/lucacastelli.com\/prodotto\/stihl-herrenuhr-retrograde-2\/"},"modified":"2025-07-30T13:44:12","modified_gmt":"2025-07-30T11:44:12","slug":"stihl-herrenuhr-retrograde-2","status":"publish","type":"product","link":"https:\/\/lucacastelli.com\/de\/produkt\/stihl-herrenuhr-retrograde-2\/","title":{"rendered":"STIHL Herrenuhr Retrograde"},"content":{"rendered":"<p>Die Multifunktionsuhr im STIHL Design ist ein echter Allesk\u00f6nner: Neben der klassischen Zeitanzeige bietet die Herrenuhr eine frei einstellbare Dualtime-Funktion, eine Datums- sowie eine 24-Stunden-Anzeige. Das massive Edelstahlgeh\u00e4use und das robuste Lederarmband sorgen daf\u00fcr, dass die Sportuhr jedes Abenteuer mitmacht. Gefertigt von Jacques Lemans.<\/p>\n<p>Geh\u00e4use aus massivem Edelstahl, Durchmesser 44 mm, Lederarmband, geh\u00e4rtetes Crystexglas, wasserdicht bis 10 ATM, 24-Stundenz\u00e4hler und Stoppfunktion.<\/p>\n","protected":false},"excerpt":{"rendered":"<p>Die Multifunktionsuhr im STIHL Design ist ein echter Allesk\u00f6nner: Neben der klassischen Zeitanzeige bietet die Herrenuhr eine frei einstellbare Dualtime-Funktion,<\/p>\n","protected":false},"featured_media":523984,"template":"","meta":{"_seopress_robots_primary_cat":"","_seopress_titles_title":"","_seopress_titles_desc":"","_seopress_robots_index":""},"product_brand":[3554],"product_cat":[1478],"product_tag":[],"class_list":{"0":"post-523990","1":"product","2":"type-product","3":"status-publish","4":"has-post-thumbnail","6":"product_brand-stihl-de","7":"product_cat-shop-de","9":"first","10":"instock","11":"shipping-taxable","12":"purchasable","13":"product-type-simple"},"_links":{"self":[{"href":"https:\/\/lucacastelli.com\/de\/wp-json\/wp\/v2\/product\/523990","targetHints":{"allow":["GET"]}}],"collection":[{"href":"https:\/\/lucacastelli.com\/de\/wp-json\/wp\/v2\/product"}],"about":[{"href":"https:\/\/lucacastelli.com\/de\/wp-json\/wp\/v2\/types\/product"}],"wp:featuredmedia":[{"embeddable":true,"href":"https:\/\/lucacastelli.com\/de\/wp-json\/wp\/v2\/media\/523984"}],"wp:attachment":[{"href":"https:\/\/lucacastelli.com\/de\/wp-json\/wp\/v2\/media?parent=523990"}],"wp:term":[{"taxonomy":"product_brand","embeddable":true,"href":"https:\/\/lucacastelli.com\/de\/wp-json\/wp\/v2\/product_brand?post=523990"},{"taxonomy":"product_cat","embeddable":true,"href":"https:\/\/lucacastelli.com\/de\/wp-json\/wp\/v2\/product_cat?post=523990"},{"taxonomy":"product_tag","embeddable":true,"href":"https:\/\/lucacastelli.com\/de\/wp-json\/wp\/v2\/product_tag?post=523990"}],"curies":[{"name":"wp","href":"https:\/\/api.w.org\/{rel}","templated":true}]}}