{"id":523782,"date":"2025-07-30T09:31:51","date_gmt":"2025-07-30T07:31:51","guid":{"rendered":"https:\/\/lucacastelli.com\/prodotto\/stihl-coffee-2-go-cup-2\/"},"modified":"2025-07-30T09:31:56","modified_gmt":"2025-07-30T07:31:56","slug":"stihl-coffee-2-go-cup-2","status":"publish","type":"product","link":"https:\/\/lucacastelli.com\/de\/produkt\/stihl-coffee-2-go-cup-2\/","title":{"rendered":"STIHL Coffee 2 Go Cup"},"content":{"rendered":"<p>Schwarzer Kaffeebecher zum Mitnehmen mit aufgedruckten \u00c4xten und &#8216;STIHL TIMBERSPORTS\u00ae&#8217;-Logo. Der hochwertige Becher ist aus robustem Edelstahl gefertigt und h\u00e4lt den Kaffee lange hei\u00df. Ein praktischer Deckel mit Schraubverschluss verhindert ein ungewolltes Auslaufen des Getr\u00e4nks. Die Trink\u00f6ffnung kann mit einer Druckkappe verschlossen werden.<\/p>\n<p>Edelstahl, Kunststoff<br \/>\nFarbe schwarz<\/p>\n","protected":false},"excerpt":{"rendered":"<p>Schwarzer Kaffeebecher zum Mitnehmen mit aufgedruckten \u00c4xten und &#8216;STIHL TIMBERSPORTS\u00ae&#8217;-Logo. Der hochwertige Becher ist aus robustem Edelstahl gefertigt und h\u00e4lt<\/p>\n","protected":false},"featured_media":523776,"template":"","meta":{"_seopress_robots_primary_cat":"","_seopress_titles_title":"","_seopress_titles_desc":"","_seopress_robots_index":""},"product_brand":[3366],"product_cat":[1103],"product_tag":[],"class_list":{"0":"post-523782","1":"product","2":"type-product","3":"status-publish","4":"has-post-thumbnail","6":"product_brand-stihl","7":"product_cat-shops","9":"first","10":"onbackorder","11":"shipping-taxable","12":"purchasable","13":"product-type-simple"},"_links":{"self":[{"href":"https:\/\/lucacastelli.com\/de\/wp-json\/wp\/v2\/product\/523782","targetHints":{"allow":["GET"]}}],"collection":[{"href":"https:\/\/lucacastelli.com\/de\/wp-json\/wp\/v2\/product"}],"about":[{"href":"https:\/\/lucacastelli.com\/de\/wp-json\/wp\/v2\/types\/product"}],"wp:featuredmedia":[{"embeddable":true,"href":"https:\/\/lucacastelli.com\/de\/wp-json\/wp\/v2\/media\/523776"}],"wp:attachment":[{"href":"https:\/\/lucacastelli.com\/de\/wp-json\/wp\/v2\/media?parent=523782"}],"wp:term":[{"taxonomy":"product_brand","embeddable":true,"href":"https:\/\/lucacastelli.com\/de\/wp-json\/wp\/v2\/product_brand?post=523782"},{"taxonomy":"product_cat","embeddable":true,"href":"https:\/\/lucacastelli.com\/de\/wp-json\/wp\/v2\/product_cat?post=523782"},{"taxonomy":"product_tag","embeddable":true,"href":"https:\/\/lucacastelli.com\/de\/wp-json\/wp\/v2\/product_tag?post=523782"}],"curies":[{"name":"wp","href":"https:\/\/api.w.org\/{rel}","templated":true}]}}