{"id":523774,"date":"2025-07-30T09:31:42","date_gmt":"2025-07-30T07:31:42","guid":{"rendered":"https:\/\/lucacastelli.com\/prodotto\/stihl-pannello-portachiavi-motosega-con-magnete-2\/"},"modified":"2025-07-30T09:31:46","modified_gmt":"2025-07-30T07:31:46","slug":"stihl-pannello-portachiavi-motosega-con-magnete-2","status":"publish","type":"product","link":"https:\/\/lucacastelli.com\/de\/produkt\/stihl-pannello-portachiavi-motosega-con-magnete-2\/","title":{"rendered":"STIHL Pannello portachiavi &#8216;MOTOSEGA&#8217; con magnete"},"content":{"rendered":"<p>Suchen Sie nie wieder nach Ihren Schl\u00fcsseln! Mit dieser STIHL Schl\u00fcsseltafel in Form einer Kettens\u00e4ge finden Sie in Zukunft alle Ihre Schl\u00fcssel leicht wieder. Das Tastenfeld besteht aus Holz und ist der MS 500i nachempfunden. Ein im Geh\u00e4use integrierter Magnet sorgt daf\u00fcr, dass Schl\u00fcssel und andere leichte Metallgegenst\u00e4nde zus\u00e4tzlich abgelegt werden k\u00f6nnen und nicht herausfallen. Die Schl\u00fcsseltafel enth\u00e4lt au\u00dferdem vier Schl\u00fcsselringe, die an den Griff einer Metallkettens\u00e4ge erinnern.<\/p>\n<p>Schl\u00fcsselanh\u00e4nger: MDF mit HPL-Frontplatte, mit integriertem Magneten; Anh\u00e4nger, Metallguss, galvanisiertes schwarzes Nylon.<\/p>\n","protected":false},"excerpt":{"rendered":"<p>Suchen Sie nie wieder nach Ihren Schl\u00fcsseln! Mit dieser STIHL Schl\u00fcsseltafel in Form einer Kettens\u00e4ge finden Sie in Zukunft alle<\/p>\n","protected":false},"featured_media":523768,"template":"","meta":{"_seopress_robots_primary_cat":"","_seopress_titles_title":"","_seopress_titles_desc":"","_seopress_robots_index":""},"product_brand":[3554],"product_cat":[1478],"product_tag":[],"class_list":{"0":"post-523774","1":"product","2":"type-product","3":"status-publish","4":"has-post-thumbnail","6":"product_brand-stihl-de","7":"product_cat-shop-de","9":"first","10":"onbackorder","11":"shipping-taxable","12":"purchasable","13":"product-type-simple"},"_links":{"self":[{"href":"https:\/\/lucacastelli.com\/de\/wp-json\/wp\/v2\/product\/523774","targetHints":{"allow":["GET"]}}],"collection":[{"href":"https:\/\/lucacastelli.com\/de\/wp-json\/wp\/v2\/product"}],"about":[{"href":"https:\/\/lucacastelli.com\/de\/wp-json\/wp\/v2\/types\/product"}],"wp:featuredmedia":[{"embeddable":true,"href":"https:\/\/lucacastelli.com\/de\/wp-json\/wp\/v2\/media\/523768"}],"wp:attachment":[{"href":"https:\/\/lucacastelli.com\/de\/wp-json\/wp\/v2\/media?parent=523774"}],"wp:term":[{"taxonomy":"product_brand","embeddable":true,"href":"https:\/\/lucacastelli.com\/de\/wp-json\/wp\/v2\/product_brand?post=523774"},{"taxonomy":"product_cat","embeddable":true,"href":"https:\/\/lucacastelli.com\/de\/wp-json\/wp\/v2\/product_cat?post=523774"},{"taxonomy":"product_tag","embeddable":true,"href":"https:\/\/lucacastelli.com\/de\/wp-json\/wp\/v2\/product_tag?post=523774"}],"curies":[{"name":"wp","href":"https:\/\/api.w.org\/{rel}","templated":true}]}}