{"id":523758,"date":"2025-07-30T09:31:20","date_gmt":"2025-07-30T07:31:20","guid":{"rendered":"https:\/\/lucacastelli.com\/prodotto\/stihl-zaino-refrigerato-timbersports-2\/"},"modified":"2025-07-30T09:31:24","modified_gmt":"2025-07-30T07:31:24","slug":"stihl-zaino-refrigerato-timbersports-2","status":"publish","type":"product","link":"https:\/\/lucacastelli.com\/de\/produkt\/stihl-zaino-refrigerato-timbersports-2\/","title":{"rendered":"STIHL Zaino refrigerato TIMBERSPORTS"},"content":{"rendered":"<p>Lust auf ein gem\u00fctliches Sommerpicknick? Mit dem TIMBERSPORTS\u00ae K\u00fchlrucksack bleiben Speisen und Getr\u00e4nke auch bei hohen Temperaturen k\u00fchl. Der Rucksack hat ein sportliches Design. Er ist mit den typischen TIMBERSPORTS\u00ae \u00c4xten und dem TIMBERSPORTS\u00ae Logo verziert und verf\u00fcgt \u00fcber Rei\u00dfverschl\u00fcsse im STIHL-Startergriff-Design. Der K\u00fchlrucksack ist aus wasserabweisendem Material gefertigt. Er l\u00e4sst sich leicht abwischen.<\/p>\n<p>Plane, Isolierung mit 5 mm Schaumstoff f\u00fcr langanhaltende K\u00fchlung, alubeschichtete Innenseite.<\/p>\n<p>Farbe Schwarz \/ Wei\u00df \/ Orange<br \/>\nMa\u00dfe: ca. 45 x 30 x 15 cm<\/p>\n","protected":false},"excerpt":{"rendered":"<p>Lust auf ein gem\u00fctliches Sommerpicknick? Mit dem TIMBERSPORTS\u00ae K\u00fchlrucksack bleiben Speisen und Getr\u00e4nke auch bei hohen Temperaturen k\u00fchl. Der Rucksack<\/p>\n","protected":false},"featured_media":523752,"template":"","meta":{"_seopress_robots_primary_cat":"","_seopress_titles_title":"","_seopress_titles_desc":"","_seopress_robots_index":""},"product_brand":[3366],"product_cat":[1103],"product_tag":[],"class_list":{"0":"post-523758","1":"product","2":"type-product","3":"status-publish","4":"has-post-thumbnail","6":"product_brand-stihl","7":"product_cat-shops","9":"first","10":"instock","11":"shipping-taxable","12":"purchasable","13":"product-type-simple"},"_links":{"self":[{"href":"https:\/\/lucacastelli.com\/de\/wp-json\/wp\/v2\/product\/523758","targetHints":{"allow":["GET"]}}],"collection":[{"href":"https:\/\/lucacastelli.com\/de\/wp-json\/wp\/v2\/product"}],"about":[{"href":"https:\/\/lucacastelli.com\/de\/wp-json\/wp\/v2\/types\/product"}],"wp:featuredmedia":[{"embeddable":true,"href":"https:\/\/lucacastelli.com\/de\/wp-json\/wp\/v2\/media\/523752"}],"wp:attachment":[{"href":"https:\/\/lucacastelli.com\/de\/wp-json\/wp\/v2\/media?parent=523758"}],"wp:term":[{"taxonomy":"product_brand","embeddable":true,"href":"https:\/\/lucacastelli.com\/de\/wp-json\/wp\/v2\/product_brand?post=523758"},{"taxonomy":"product_cat","embeddable":true,"href":"https:\/\/lucacastelli.com\/de\/wp-json\/wp\/v2\/product_cat?post=523758"},{"taxonomy":"product_tag","embeddable":true,"href":"https:\/\/lucacastelli.com\/de\/wp-json\/wp\/v2\/product_tag?post=523758"}],"curies":[{"name":"wp","href":"https:\/\/api.w.org\/{rel}","templated":true}]}}