{"id":523663,"date":"2025-07-30T08:24:41","date_gmt":"2025-07-30T06:24:41","guid":{"rendered":"https:\/\/lucacastelli.com\/prodotto\/stihl-cappellino-contra-59-2\/"},"modified":"2025-09-02T21:32:22","modified_gmt":"2025-09-02T19:32:22","slug":"stihl-cappellino-contra-59-2","status":"publish","type":"product","link":"https:\/\/lucacastelli.com\/de\/produkt\/stihl-cappellino-contra-59-2\/","title":{"rendered":"STIHL CONTRA 59 Kappe"},"content":{"rendered":"<p>Sieht immer gut aus: die 5-Panel-M\u00fctze in Grau\/Beige. Dank des Druckknopfes kann die Gr\u00f6\u00dfe der M\u00fctze individuell angepasst werden.  Auf dem gestickten Abzeichen ist die legend\u00e4re STIHL Contra abgebildet. Umgeben ist das Motiv von der Aufschrift &#8220;ONE MAN POWER CHAINSAW&#8221;. <\/p>\n<p>100 % Baumwolle<br \/>\nFARBE: Grau\/Beige<br \/>\nONE SIZE  <\/p>\n","protected":false},"excerpt":{"rendered":"<p>Sieht immer gut aus: die 5-Panel-M\u00fctze in Grau\/Beige. Dank des Druckknopfes kann die Gr\u00f6\u00dfe der M\u00fctze individuell angepasst werden. Auf<\/p>\n","protected":false},"featured_media":523660,"template":"","meta":{"_seopress_robots_primary_cat":"","_seopress_titles_title":"","_seopress_titles_desc":"","_seopress_robots_index":""},"product_brand":[3366],"product_cat":[21,186],"product_tag":[],"class_list":{"0":"post-523663","1":"product","2":"type-product","3":"status-publish","4":"has-post-thumbnail","6":"product_brand-stihl","7":"product_cat-abbigliamento","8":"product_cat-accessori-per-labbigliamento","9":"sws-gruppo-abb-libero-de","10":"sws-conto-ricavi-merci-rivendita-abbigliamento-de","11":"sws-gruppo-iva-iva81-de","13":"first","14":"onbackorder","15":"shipping-taxable","16":"purchasable","17":"product-type-simple"},"_links":{"self":[{"href":"https:\/\/lucacastelli.com\/de\/wp-json\/wp\/v2\/product\/523663","targetHints":{"allow":["GET"]}}],"collection":[{"href":"https:\/\/lucacastelli.com\/de\/wp-json\/wp\/v2\/product"}],"about":[{"href":"https:\/\/lucacastelli.com\/de\/wp-json\/wp\/v2\/types\/product"}],"wp:featuredmedia":[{"embeddable":true,"href":"https:\/\/lucacastelli.com\/de\/wp-json\/wp\/v2\/media\/523660"}],"wp:attachment":[{"href":"https:\/\/lucacastelli.com\/de\/wp-json\/wp\/v2\/media?parent=523663"}],"wp:term":[{"taxonomy":"product_brand","embeddable":true,"href":"https:\/\/lucacastelli.com\/de\/wp-json\/wp\/v2\/product_brand?post=523663"},{"taxonomy":"product_cat","embeddable":true,"href":"https:\/\/lucacastelli.com\/de\/wp-json\/wp\/v2\/product_cat?post=523663"},{"taxonomy":"product_tag","embeddable":true,"href":"https:\/\/lucacastelli.com\/de\/wp-json\/wp\/v2\/product_tag?post=523663"}],"curies":[{"name":"wp","href":"https:\/\/api.w.org\/{rel}","templated":true}]}}