{"id":523655,"date":"2025-07-30T08:24:30","date_gmt":"2025-07-30T06:24:30","guid":{"rendered":"https:\/\/lucacastelli.com\/prodotto\/stihl-base-di-ricarica-organizer-icon-2\/"},"modified":"2025-07-30T08:43:07","modified_gmt":"2025-07-30T06:43:07","slug":"stihl-base-di-ricarica-organizer-icon-2","status":"publish","type":"product","link":"https:\/\/lucacastelli.com\/de\/produkt\/stihl-base-di-ricarica-organizer-icon-2\/","title":{"rendered":"STIHL Ladestation Organizer ICON"},"content":{"rendered":"<p>Maximale Praktikabilit\u00e4t. Diese 3-in-1-Ladestation aus hochwertigem Eichenholz ist perfekt f\u00fcr das B\u00fcro oder den Schreibtisch zu Hause und bietet Platz f\u00fcr Stifte und Zubeh\u00f6r. Mit ihr k\u00f6nnen Sie mobile Ger\u00e4te, Kopfh\u00f6rer und Smartwatches aufladen. Mehrere Kabel werden direkt mitgeliefert, so dass die Ladestation mit verschiedenen Herstellern (u.a. Apple und Samsung) kompatibel ist. Die Smartwatch wird mit einem eigenen Ladekabel aufgeladen und ist nicht im Lieferumfang enthalten; es werden jedoch verschiedene Adapter f\u00fcr die Verwendung verschiedener Ladeger\u00e4te mitgeliefert. Mit diesem praktischen Alltagshelfer werden verlorene Ladeger\u00e4te und verhedderte Kabel nur noch eine schlechte Erinnerung sein.     <\/p>\n<p>Spezifikationen: Handy-Ladung 5 V, 2,4 A; Uhr 5 V, 0,5 A; Headset<br \/>\nTWS 5 V, 0,5 A; insgesamt 3,4 A; Leistung 17 W; Material: Eichenholz, Filz<\/p>\n","protected":false},"excerpt":{"rendered":"<p>Maximale Praktikabilit\u00e4t. Diese 3-in-1-Ladestation aus hochwertigem Eichenholz ist perfekt f\u00fcr das B\u00fcro oder den Schreibtisch zu Hause und bietet Platz<\/p>\n","protected":false},"featured_media":523652,"template":"","meta":{"_seopress_robots_primary_cat":"","_seopress_titles_title":"","_seopress_titles_desc":"","_seopress_robots_index":""},"product_brand":[3366],"product_cat":[1103],"product_tag":[],"class_list":{"0":"post-523655","1":"product","2":"type-product","3":"status-publish","4":"has-post-thumbnail","6":"product_brand-stihl","7":"product_cat-shops","8":"sws-gruppo-abb-libero-de","9":"sws-conto-ricavi-merci-rivendita-abbigliamento-de","10":"sws-gruppo-iva-iva81-de","12":"first","13":"instock","14":"shipping-taxable","15":"purchasable","16":"product-type-simple"},"_links":{"self":[{"href":"https:\/\/lucacastelli.com\/de\/wp-json\/wp\/v2\/product\/523655","targetHints":{"allow":["GET"]}}],"collection":[{"href":"https:\/\/lucacastelli.com\/de\/wp-json\/wp\/v2\/product"}],"about":[{"href":"https:\/\/lucacastelli.com\/de\/wp-json\/wp\/v2\/types\/product"}],"wp:featuredmedia":[{"embeddable":true,"href":"https:\/\/lucacastelli.com\/de\/wp-json\/wp\/v2\/media\/523652"}],"wp:attachment":[{"href":"https:\/\/lucacastelli.com\/de\/wp-json\/wp\/v2\/media?parent=523655"}],"wp:term":[{"taxonomy":"product_brand","embeddable":true,"href":"https:\/\/lucacastelli.com\/de\/wp-json\/wp\/v2\/product_brand?post=523655"},{"taxonomy":"product_cat","embeddable":true,"href":"https:\/\/lucacastelli.com\/de\/wp-json\/wp\/v2\/product_cat?post=523655"},{"taxonomy":"product_tag","embeddable":true,"href":"https:\/\/lucacastelli.com\/de\/wp-json\/wp\/v2\/product_tag?post=523655"}],"curies":[{"name":"wp","href":"https:\/\/api.w.org\/{rel}","templated":true}]}}