{"id":523647,"date":"2025-07-30T08:24:15","date_gmt":"2025-07-30T06:24:15","guid":{"rendered":"https:\/\/lucacastelli.com\/prodotto\/stihl-modellini-storici-di-motoseghe-2\/"},"modified":"2026-03-02T09:30:12","modified_gmt":"2026-03-02T08:30:12","slug":"stihl-modellini-storici-di-motoseghe-2","status":"publish","type":"product","link":"https:\/\/lucacastelli.com\/de\/produkt\/stihl-modellini-storici-di-motoseghe-2\/","title":{"rendered":"STIHL Historische Motors\u00e4gen-Modelle"},"content":{"rendered":"<p>Diese Sammlerst\u00fccke lassen das Herz jedes Fans h\u00f6herschlagen. Das Zinkdruckguss-Modell im Ma\u00dfstab 1:12 von Schuco, in Originalfarben lackiert, nimmt Sammler mit auf eine Zeitreise in die Anfangsjahre von STIHL. <\/p>\n","protected":false},"excerpt":{"rendered":"<p>Diese Sammlerst\u00fccke lassen das Herz jedes Fans h\u00f6herschlagen. Das Zinkdruckguss-Modell im Ma\u00dfstab 1:12 von Schuco, in Originalfarben lackiert, nimmt Sammler<\/p>\n","protected":false},"featured_media":523608,"template":"","meta":{"_seopress_robots_primary_cat":"","_seopress_titles_title":"","_seopress_titles_desc":"","_seopress_robots_index":""},"product_brand":[3366],"product_cat":[1103],"product_tag":[],"class_list":{"0":"post-523647","1":"product","2":"type-product","3":"status-publish","4":"has-post-thumbnail","6":"product_brand-stihl","7":"product_cat-shops","8":"sws-gruppo-abb-libero-de","9":"sws-conto-ricavi-merci-rivendita-abbigliamento-de","10":"sws-gruppo-iva-iva81-de","12":"first","13":"outofstock","14":"shipping-taxable","15":"product-type-variable"},"_links":{"self":[{"href":"https:\/\/lucacastelli.com\/de\/wp-json\/wp\/v2\/product\/523647","targetHints":{"allow":["GET"]}}],"collection":[{"href":"https:\/\/lucacastelli.com\/de\/wp-json\/wp\/v2\/product"}],"about":[{"href":"https:\/\/lucacastelli.com\/de\/wp-json\/wp\/v2\/types\/product"}],"wp:featuredmedia":[{"embeddable":true,"href":"https:\/\/lucacastelli.com\/de\/wp-json\/wp\/v2\/media\/523608"}],"wp:attachment":[{"href":"https:\/\/lucacastelli.com\/de\/wp-json\/wp\/v2\/media?parent=523647"}],"wp:term":[{"taxonomy":"product_brand","embeddable":true,"href":"https:\/\/lucacastelli.com\/de\/wp-json\/wp\/v2\/product_brand?post=523647"},{"taxonomy":"product_cat","embeddable":true,"href":"https:\/\/lucacastelli.com\/de\/wp-json\/wp\/v2\/product_cat?post=523647"},{"taxonomy":"product_tag","embeddable":true,"href":"https:\/\/lucacastelli.com\/de\/wp-json\/wp\/v2\/product_tag?post=523647"}],"curies":[{"name":"wp","href":"https:\/\/api.w.org\/{rel}","templated":true}]}}