{"id":523596,"date":"2025-07-30T08:13:05","date_gmt":"2025-07-30T06:13:05","guid":{"rendered":"https:\/\/lucacastelli.com\/prodotto\/stihl-cap-reflective-kids-2\/"},"modified":"2025-07-30T08:43:48","modified_gmt":"2025-07-30T06:43:48","slug":"stihl-cap-reflective-kids-2","status":"publish","type":"product","link":"https:\/\/lucacastelli.com\/de\/produkt\/stihl-cap-reflective-kids-2\/","title":{"rendered":"STIHL M\u00fctze REFLECTIVE Kinder"},"content":{"rendered":"<p>Diese gr\u00fcne STIHL M\u00fctze mit dem reflektierenden &#8220;S&#8221; rundet jedes Outfit ab und f\u00e4llt auf, sowohl in der Stadt als auch in der Natur. Dank des gr\u00f6\u00dfenverstellbaren Druckknopfes passt sie auf jeden Kopf und das Cotton-Touch-Polyestergewebe gibt der M\u00fctze den n\u00f6tigen Komfort. <\/p>\n<p>100% Polyester<\/p>\n","protected":false},"excerpt":{"rendered":"<p>Diese gr\u00fcne STIHL M\u00fctze mit dem reflektierenden &#8220;S&#8221; rundet jedes Outfit ab und f\u00e4llt auf, sowohl in der Stadt als<\/p>\n","protected":false},"featured_media":523593,"template":"","meta":{"_seopress_robots_primary_cat":"","_seopress_titles_title":"","_seopress_titles_desc":"","_seopress_robots_index":""},"product_brand":[3366],"product_cat":[21,685,186],"product_tag":[],"class_list":{"0":"post-523596","1":"product","2":"type-product","3":"status-publish","4":"has-post-thumbnail","6":"product_brand-stihl","7":"product_cat-abbigliamento","8":"product_cat-abbigliamento-da-bambino","9":"product_cat-accessori-per-labbigliamento","10":"sws-gruppo-abb-libero-de","11":"sws-conto-ricavi-merci-rivendita-abbigliamento-de","12":"sws-gruppo-iva-iva81-de","14":"first","15":"instock","16":"shipping-taxable","17":"purchasable","18":"product-type-simple"},"_links":{"self":[{"href":"https:\/\/lucacastelli.com\/de\/wp-json\/wp\/v2\/product\/523596","targetHints":{"allow":["GET"]}}],"collection":[{"href":"https:\/\/lucacastelli.com\/de\/wp-json\/wp\/v2\/product"}],"about":[{"href":"https:\/\/lucacastelli.com\/de\/wp-json\/wp\/v2\/types\/product"}],"wp:featuredmedia":[{"embeddable":true,"href":"https:\/\/lucacastelli.com\/de\/wp-json\/wp\/v2\/media\/523593"}],"wp:attachment":[{"href":"https:\/\/lucacastelli.com\/de\/wp-json\/wp\/v2\/media?parent=523596"}],"wp:term":[{"taxonomy":"product_brand","embeddable":true,"href":"https:\/\/lucacastelli.com\/de\/wp-json\/wp\/v2\/product_brand?post=523596"},{"taxonomy":"product_cat","embeddable":true,"href":"https:\/\/lucacastelli.com\/de\/wp-json\/wp\/v2\/product_cat?post=523596"},{"taxonomy":"product_tag","embeddable":true,"href":"https:\/\/lucacastelli.com\/de\/wp-json\/wp\/v2\/product_tag?post=523596"}],"curies":[{"name":"wp","href":"https:\/\/api.w.org\/{rel}","templated":true}]}}