{"id":523569,"date":"2025-07-30T08:01:05","date_gmt":"2025-07-30T06:01:05","guid":{"rendered":"https:\/\/lucacastelli.com\/prodotto\/stihl-hoodiejacke-gr-xl-damen-icon-2\/"},"modified":"2025-07-30T08:43:04","modified_gmt":"2025-07-30T06:43:04","slug":"stihl-hoodiejacke-gr-xl-damen-icon-2","status":"publish","type":"product","link":"https:\/\/lucacastelli.com\/de\/produkt\/stihl-hoodiejacke-gr-xl-damen-icon-2\/","title":{"rendered":"STIHL Kapuzenjacke GR. XL &#8211; DAMEN IKON"},"content":{"rendered":"<p>Coole, trendige, etwas k\u00fcrzere Damenstrickjacke mit durchgehendem Rei\u00dfverschluss, Kork-Badge auf dem R\u00fccken, Kapuze und Kordelzug an Hals und Taille. Das graue Emblem mit Kettens\u00e4gen-Motiv in Brusth\u00f6he ist ein echter Blickfang.<\/p>\n","protected":false},"excerpt":{"rendered":"<p>Coole, trendige, etwas k\u00fcrzere Damenstrickjacke mit durchgehendem Rei\u00dfverschluss, Kork-Badge auf dem R\u00fccken, Kapuze und Kordelzug an Hals und Taille. Das<\/p>\n","protected":false},"featured_media":523565,"template":"","meta":{"_seopress_robots_primary_cat":"","_seopress_titles_title":"","_seopress_titles_desc":"","_seopress_robots_index":""},"product_brand":[3366],"product_cat":[21,189,200],"product_tag":[],"class_list":{"0":"post-523569","1":"product","2":"type-product","3":"status-publish","4":"has-post-thumbnail","6":"product_brand-stihl","7":"product_cat-abbigliamento","8":"product_cat-abbigliamento-per-il-tempo-libero","9":"product_cat-abbigliamento-da-donna","10":"sws-gruppo-abb-libero-de","11":"sws-conto-ricavi-merci-rivendita-abbigliamento-de","12":"sws-gruppo-iva-iva81-de","14":"first","15":"instock","16":"sale","17":"shipping-taxable","18":"purchasable","19":"product-type-simple"},"_links":{"self":[{"href":"https:\/\/lucacastelli.com\/de\/wp-json\/wp\/v2\/product\/523569","targetHints":{"allow":["GET"]}}],"collection":[{"href":"https:\/\/lucacastelli.com\/de\/wp-json\/wp\/v2\/product"}],"about":[{"href":"https:\/\/lucacastelli.com\/de\/wp-json\/wp\/v2\/types\/product"}],"wp:featuredmedia":[{"embeddable":true,"href":"https:\/\/lucacastelli.com\/de\/wp-json\/wp\/v2\/media\/523565"}],"wp:attachment":[{"href":"https:\/\/lucacastelli.com\/de\/wp-json\/wp\/v2\/media?parent=523569"}],"wp:term":[{"taxonomy":"product_brand","embeddable":true,"href":"https:\/\/lucacastelli.com\/de\/wp-json\/wp\/v2\/product_brand?post=523569"},{"taxonomy":"product_cat","embeddable":true,"href":"https:\/\/lucacastelli.com\/de\/wp-json\/wp\/v2\/product_cat?post=523569"},{"taxonomy":"product_tag","embeddable":true,"href":"https:\/\/lucacastelli.com\/de\/wp-json\/wp\/v2\/product_tag?post=523569"}],"curies":[{"name":"wp","href":"https:\/\/api.w.org\/{rel}","templated":true}]}}