{"id":523545,"date":"2025-07-30T08:00:20","date_gmt":"2025-07-30T06:00:20","guid":{"rendered":"https:\/\/lucacastelli.com\/prodotto\/stihl-portachiavi-apribottiglia-2\/"},"modified":"2025-07-30T08:42:38","modified_gmt":"2025-07-30T06:42:38","slug":"stihl-portachiavi-apribottiglia-2","status":"publish","type":"product","link":"https:\/\/lucacastelli.com\/de\/produkt\/stihl-portachiavi-apribottiglia-2\/","title":{"rendered":"STIHL Schl\u00fcsselanh\u00e4nger-Flaschen\u00f6ffner"},"content":{"rendered":"<p>Vorbei sind die Zeiten, in denen man ohne Flaschen\u00f6ffner dastand: mit dem STIHL Flaschen\u00f6ffner-Schl\u00fcsselanh\u00e4nger im Look des MS 500i. Dank des Karabinerverschlusses passt er an jeden Schl\u00fcsselbund. Nicht nur praktisch, sondern auch sch\u00f6n: Die kleine Kettens\u00e4ge ist aus einer Zinklegierung mit matter Nickelbeschichtung gefertigt.<\/p>\n<p>Material: Zinklegierung mit matter Nickelbeschichtung<br \/>\nL\u00e4nge: 9 cm<br \/>\nDicke: 4-5 mm, mit Karabinerverschlu\u00df<\/p>\n","protected":false},"excerpt":{"rendered":"<p>Vorbei sind die Zeiten, in denen man ohne Flaschen\u00f6ffner dastand: mit dem STIHL Flaschen\u00f6ffner-Schl\u00fcsselanh\u00e4nger im Look des MS 500i. Dank<\/p>\n","protected":false},"featured_media":523542,"template":"","meta":{"_seopress_robots_primary_cat":"","_seopress_titles_title":"","_seopress_titles_desc":"","_seopress_robots_index":""},"product_brand":[3366],"product_cat":[1103],"product_tag":[],"class_list":{"0":"post-523545","1":"product","2":"type-product","3":"status-publish","4":"has-post-thumbnail","6":"product_brand-stihl","7":"product_cat-shops","8":"sws-gruppo-abb-libero-de","9":"sws-conto-ricavi-merci-rivendita-abbigliamento-de","10":"sws-gruppo-iva-iva81-de","12":"first","13":"onbackorder","14":"shipping-taxable","15":"purchasable","16":"product-type-simple"},"_links":{"self":[{"href":"https:\/\/lucacastelli.com\/de\/wp-json\/wp\/v2\/product\/523545","targetHints":{"allow":["GET"]}}],"collection":[{"href":"https:\/\/lucacastelli.com\/de\/wp-json\/wp\/v2\/product"}],"about":[{"href":"https:\/\/lucacastelli.com\/de\/wp-json\/wp\/v2\/types\/product"}],"wp:featuredmedia":[{"embeddable":true,"href":"https:\/\/lucacastelli.com\/de\/wp-json\/wp\/v2\/media\/523542"}],"wp:attachment":[{"href":"https:\/\/lucacastelli.com\/de\/wp-json\/wp\/v2\/media?parent=523545"}],"wp:term":[{"taxonomy":"product_brand","embeddable":true,"href":"https:\/\/lucacastelli.com\/de\/wp-json\/wp\/v2\/product_brand?post=523545"},{"taxonomy":"product_cat","embeddable":true,"href":"https:\/\/lucacastelli.com\/de\/wp-json\/wp\/v2\/product_cat?post=523545"},{"taxonomy":"product_tag","embeddable":true,"href":"https:\/\/lucacastelli.com\/de\/wp-json\/wp\/v2\/product_tag?post=523545"}],"curies":[{"name":"wp","href":"https:\/\/api.w.org\/{rel}","templated":true}]}}