{"id":523537,"date":"2025-07-30T08:00:09","date_gmt":"2025-07-30T06:00:09","guid":{"rendered":"https:\/\/lucacastelli.com\/prodotto\/stihl-cappellino-logo-mesh-2\/"},"modified":"2025-07-30T08:43:32","modified_gmt":"2025-07-30T06:43:32","slug":"stihl-cappellino-logo-mesh-2","status":"publish","type":"product","link":"https:\/\/lucacastelli.com\/de\/produkt\/stihl-cappellino-logo-mesh-2\/","title":{"rendered":"STIHL LOGO MESH M\u00fctze"},"content":{"rendered":"<p>Die Trucker-Cap f\u00fcr echte STIHL Fans! Schwarze Kappe mit flachem Profil und leicht vorgew\u00f6lbtem Visier. Akzente in typischem STIHL Orange sorgen f\u00fcr Kontrast und machen die Kappe zu einem echten Hingucker. Durch einen Kunststoff-Druckknopf l\u00e4sst sich die Gr\u00f6\u00dfe der Trucker-Cap individuell einstellen. Das STIHL Kreislogo ist als Flaggenlabel auf der R\u00fcckseite angebracht.    <\/p>\n<p>Vorderseite: 100 % Baumwolle &#8211; Netz: 100 % Polyester<br \/>\nFARBE: Schwarz<br \/>\nONE SIZE  <\/p>\n","protected":false},"excerpt":{"rendered":"<p>Die Trucker-Cap f\u00fcr echte STIHL Fans! Schwarze Kappe mit flachem Profil und leicht vorgew\u00f6lbtem Visier. Akzente in typischem STIHL Orange<\/p>\n","protected":false},"featured_media":523534,"template":"","meta":{"_seopress_robots_primary_cat":"","_seopress_titles_title":"","_seopress_titles_desc":"","_seopress_robots_index":""},"product_brand":[3366],"product_cat":[21,186],"product_tag":[],"class_list":{"0":"post-523537","1":"product","2":"type-product","3":"status-publish","4":"has-post-thumbnail","6":"product_brand-stihl","7":"product_cat-abbigliamento","8":"product_cat-accessori-per-labbigliamento","9":"sws-gruppo-abb-libero-de","10":"sws-conto-ricavi-merci-rivendita-abbigliamento-de","11":"sws-gruppo-iva-iva81-de","13":"first","14":"instock","15":"shipping-taxable","16":"purchasable","17":"product-type-simple"},"_links":{"self":[{"href":"https:\/\/lucacastelli.com\/de\/wp-json\/wp\/v2\/product\/523537","targetHints":{"allow":["GET"]}}],"collection":[{"href":"https:\/\/lucacastelli.com\/de\/wp-json\/wp\/v2\/product"}],"about":[{"href":"https:\/\/lucacastelli.com\/de\/wp-json\/wp\/v2\/types\/product"}],"wp:featuredmedia":[{"embeddable":true,"href":"https:\/\/lucacastelli.com\/de\/wp-json\/wp\/v2\/media\/523534"}],"wp:attachment":[{"href":"https:\/\/lucacastelli.com\/de\/wp-json\/wp\/v2\/media?parent=523537"}],"wp:term":[{"taxonomy":"product_brand","embeddable":true,"href":"https:\/\/lucacastelli.com\/de\/wp-json\/wp\/v2\/product_brand?post=523537"},{"taxonomy":"product_cat","embeddable":true,"href":"https:\/\/lucacastelli.com\/de\/wp-json\/wp\/v2\/product_cat?post=523537"},{"taxonomy":"product_tag","embeddable":true,"href":"https:\/\/lucacastelli.com\/de\/wp-json\/wp\/v2\/product_tag?post=523537"}],"curies":[{"name":"wp","href":"https:\/\/api.w.org\/{rel}","templated":true}]}}