{"id":523461,"date":"2025-07-30T07:25:03","date_gmt":"2025-07-30T05:25:03","guid":{"rendered":"https:\/\/lucacastelli.com\/prodotto\/stihl-cap-1926-grun-rot-2\/"},"modified":"2025-07-30T08:42:05","modified_gmt":"2025-07-30T06:42:05","slug":"stihl-cap-1926-grun-rot-2","status":"publish","type":"product","link":"https:\/\/lucacastelli.com\/de\/produkt\/stihl-cap-1926-grun-rot-2\/","title":{"rendered":"STIHL M\u00fctze &#8216;1926&#8217; gr\u00fcn\/rot"},"content":{"rendered":"<p>STIHL &#8216;1926&#8217; Kappe in gr\u00fcn und rot, 100 % Baumwolle, mit gebogenem Schirm, Frontprint mit Markenemblem, gr\u00f6\u00dfenverstellbar, Einheitsgr\u00f6\u00dfe.<\/p>\n","protected":false},"excerpt":{"rendered":"<p>STIHL &#8216;1926&#8217; Kappe in gr\u00fcn und rot, 100 % Baumwolle, mit gebogenem Schirm, Frontprint mit Markenemblem, gr\u00f6\u00dfenverstellbar, Einheitsgr\u00f6\u00dfe.<\/p>\n","protected":false},"featured_media":523458,"template":"","meta":{"_seopress_robots_primary_cat":"","_seopress_titles_title":"","_seopress_titles_desc":"","_seopress_robots_index":""},"product_brand":[3366],"product_cat":[21,186],"product_tag":[],"class_list":{"0":"post-523461","1":"product","2":"type-product","3":"status-publish","4":"has-post-thumbnail","6":"product_brand-stihl","7":"product_cat-abbigliamento","8":"product_cat-accessori-per-labbigliamento","9":"sws-gruppo-abb-libero-de","10":"sws-conto-ricavi-merci-rivendita-abbigliamento-de","11":"sws-gruppo-iva-iva81-de","13":"first","14":"instock","15":"shipping-taxable","16":"purchasable","17":"product-type-simple"},"_links":{"self":[{"href":"https:\/\/lucacastelli.com\/de\/wp-json\/wp\/v2\/product\/523461","targetHints":{"allow":["GET"]}}],"collection":[{"href":"https:\/\/lucacastelli.com\/de\/wp-json\/wp\/v2\/product"}],"about":[{"href":"https:\/\/lucacastelli.com\/de\/wp-json\/wp\/v2\/types\/product"}],"wp:featuredmedia":[{"embeddable":true,"href":"https:\/\/lucacastelli.com\/de\/wp-json\/wp\/v2\/media\/523458"}],"wp:attachment":[{"href":"https:\/\/lucacastelli.com\/de\/wp-json\/wp\/v2\/media?parent=523461"}],"wp:term":[{"taxonomy":"product_brand","embeddable":true,"href":"https:\/\/lucacastelli.com\/de\/wp-json\/wp\/v2\/product_brand?post=523461"},{"taxonomy":"product_cat","embeddable":true,"href":"https:\/\/lucacastelli.com\/de\/wp-json\/wp\/v2\/product_cat?post=523461"},{"taxonomy":"product_tag","embeddable":true,"href":"https:\/\/lucacastelli.com\/de\/wp-json\/wp\/v2\/product_tag?post=523461"}],"curies":[{"name":"wp","href":"https:\/\/api.w.org\/{rel}","templated":true}]}}