{"id":523427,"date":"2025-07-30T07:23:44","date_gmt":"2025-07-30T05:23:44","guid":{"rendered":"https:\/\/lucacastelli.com\/prodotto\/stihl-badehose-orange-2\/"},"modified":"2025-07-30T08:42:38","modified_gmt":"2025-07-30T06:42:38","slug":"stihl-badehose-orange-2","status":"publish","type":"product","link":"https:\/\/lucacastelli.com\/de\/produkt\/stihl-badehose-orange-2\/","title":{"rendered":"STIHL BADEHOSE ORANGE"},"content":{"rendered":"<p>Halten Sie Ihre Badesachen bereit! Mit dieser Herren-Badehose in klassischem STIHL Orange kann die Freibadsaison beginnen. Die Details: zwei Seitentaschen, eine Ges\u00e4\u00dftasche, Innenhose aus Mesh und ein gro\u00dfer, tonaler STIHL Print auf dem linken Bein.<\/p>\n","protected":false},"excerpt":{"rendered":"<p>Halten Sie Ihre Badesachen bereit! Mit dieser Herren-Badehose in klassischem STIHL Orange kann die Freibadsaison beginnen. Die Details: zwei Seitentaschen,<\/p>\n","protected":false},"featured_media":523423,"template":"","meta":{"_seopress_robots_primary_cat":"","_seopress_titles_title":"","_seopress_titles_desc":"","_seopress_robots_index":""},"product_brand":[3554],"product_cat":[974,975,82],"product_tag":[],"class_list":{"0":"post-523427","1":"product","2":"type-product","3":"status-publish","4":"has-post-thumbnail","6":"product_brand-stihl-de","7":"product_cat-freizeitkleidung","8":"product_cat-herrenbekleidung","9":"product_cat-kleidung","10":"sws-gruppo-abb-libero-de","11":"sws-conto-ricavi-merci-rivendita-abbigliamento-de","12":"sws-gruppo-iva-iva81-de","14":"first","15":"instock","16":"sale","17":"shipping-taxable","18":"purchasable","19":"product-type-variable"},"_links":{"self":[{"href":"https:\/\/lucacastelli.com\/de\/wp-json\/wp\/v2\/product\/523427","targetHints":{"allow":["GET"]}}],"collection":[{"href":"https:\/\/lucacastelli.com\/de\/wp-json\/wp\/v2\/product"}],"about":[{"href":"https:\/\/lucacastelli.com\/de\/wp-json\/wp\/v2\/types\/product"}],"wp:featuredmedia":[{"embeddable":true,"href":"https:\/\/lucacastelli.com\/de\/wp-json\/wp\/v2\/media\/523423"}],"wp:attachment":[{"href":"https:\/\/lucacastelli.com\/de\/wp-json\/wp\/v2\/media?parent=523427"}],"wp:term":[{"taxonomy":"product_brand","embeddable":true,"href":"https:\/\/lucacastelli.com\/de\/wp-json\/wp\/v2\/product_brand?post=523427"},{"taxonomy":"product_cat","embeddable":true,"href":"https:\/\/lucacastelli.com\/de\/wp-json\/wp\/v2\/product_cat?post=523427"},{"taxonomy":"product_tag","embeddable":true,"href":"https:\/\/lucacastelli.com\/de\/wp-json\/wp\/v2\/product_tag?post=523427"}],"curies":[{"name":"wp","href":"https:\/\/api.w.org\/{rel}","templated":true}]}}