{"id":519565,"date":"2025-07-29T21:37:55","date_gmt":"2025-07-29T19:37:55","guid":{"rendered":"https:\/\/lucacastelli.com\/prodotto\/stihl-sporttasche-timbersports-2\/"},"modified":"2025-11-17T21:53:24","modified_gmt":"2025-11-17T20:53:24","slug":"stihl-sporttasche-timbersports-2","status":"publish","type":"product","link":"https:\/\/lucacastelli.com\/de\/produkt\/stihl-sporttasche-timbersports-2\/","title":{"rendered":"STIHL Sporttasche TIMBERSPORTS\u00ae"},"content":{"rendered":"<p>TIMBERSPORTS Sporttasche<br \/>\nF\u00fcr passionierte Sportler: die TIMBERSPORTS\u00ae Sporttasche in den Originalfarben Schwarz, Wei\u00df und Orange. Mit einer Gr\u00f6\u00dfe von ca. 80 \u00d7 30 \u00d7 40 cm bietet diese Tasche ausreichend Platz f\u00fcr Kleidung, Handt\u00fccher, Turnschuhe und mehr. Ideal f\u00fcr alle Sportler und zum Mitf\u00fchren einer ausreichenden Menge an Ausr\u00fcstung &#8211; im sch\u00f6nen TIMBERSPORTS\u00ae-Look.  <\/p>\n","protected":false},"excerpt":{"rendered":"<p>TIMBERSPORTS Sporttasche F\u00fcr passionierte Sportler: die TIMBERSPORTS\u00ae Sporttasche in den Originalfarben Schwarz, Wei\u00df und Orange. Mit einer Gr\u00f6\u00dfe von ca.<\/p>\n","protected":false},"featured_media":519562,"template":"","meta":{"_seopress_robots_primary_cat":"","_seopress_titles_title":"","_seopress_titles_desc":"","_seopress_robots_index":""},"product_brand":[3366],"product_cat":[1103],"product_tag":[],"class_list":{"0":"post-519565","1":"product","2":"type-product","3":"status-publish","4":"has-post-thumbnail","6":"product_brand-stihl","7":"product_cat-shops","8":"sws-gruppo-abb-libero-de","9":"sws-conto-ricavi-merci-rivendita-abbigliamento-de","10":"sws-gruppo-iva-iva81-de","12":"first","13":"onbackorder","14":"shipping-taxable","15":"purchasable","16":"product-type-simple"},"_links":{"self":[{"href":"https:\/\/lucacastelli.com\/de\/wp-json\/wp\/v2\/product\/519565","targetHints":{"allow":["GET"]}}],"collection":[{"href":"https:\/\/lucacastelli.com\/de\/wp-json\/wp\/v2\/product"}],"about":[{"href":"https:\/\/lucacastelli.com\/de\/wp-json\/wp\/v2\/types\/product"}],"wp:featuredmedia":[{"embeddable":true,"href":"https:\/\/lucacastelli.com\/de\/wp-json\/wp\/v2\/media\/519562"}],"wp:attachment":[{"href":"https:\/\/lucacastelli.com\/de\/wp-json\/wp\/v2\/media?parent=519565"}],"wp:term":[{"taxonomy":"product_brand","embeddable":true,"href":"https:\/\/lucacastelli.com\/de\/wp-json\/wp\/v2\/product_brand?post=519565"},{"taxonomy":"product_cat","embeddable":true,"href":"https:\/\/lucacastelli.com\/de\/wp-json\/wp\/v2\/product_cat?post=519565"},{"taxonomy":"product_tag","embeddable":true,"href":"https:\/\/lucacastelli.com\/de\/wp-json\/wp\/v2\/product_tag?post=519565"}],"curies":[{"name":"wp","href":"https:\/\/api.w.org\/{rel}","templated":true}]}}