{"id":519557,"date":"2025-07-29T21:37:45","date_gmt":"2025-07-29T19:37:45","guid":{"rendered":"https:\/\/lucacastelli.com\/prodotto\/stihl-careclean-kit-ms-2\/"},"modified":"2025-08-01T13:13:28","modified_gmt":"2025-08-01T11:13:28","slug":"stihl-careclean-kit-ms-2","status":"publish","type":"product","link":"https:\/\/lucacastelli.com\/de\/produkt\/stihl-careclean-kit-ms-2\/","title":{"rendered":"STIHL Pflege&amp;Clean-Kit MS"},"content":{"rendered":"<p>Care &amp; Clean Kit MS &#8211; Testpaket: effektive Reinigung der Oberfl\u00e4chen und des HD2-Luftfilters Ihrer Kettens\u00e4ge<br \/>\nWenn Sie Ihre STIHL Kettens\u00e4ge nach dem Einsatz gr\u00fcndlich, aber schonend reinigen wollen, ist das STIHL Care &amp; Clean Kit MS Testpaket die richtige Wahl. Die regelm\u00e4\u00dfige Pflege von Geh\u00e4use, F\u00fchrungsschiene, Kettenradabdeckung, Zylinderrippen oder HD2-Luftfilter hilft, die Langlebigkeit und Leistungsf\u00e4higkeit Ihrer Kettens\u00e4ge zu erhalten. Das STIHL Care &amp; Clean Kit MS enth\u00e4lt die richtigen Reinigungs- und Pflegemittel in einem Set.<br \/>\nDas STIHL Care &amp; Clean Kit MS Probepackung enth\u00e4lt die f\u00fcr die Reinigung und Pflege notwendigen Komponenten:<br \/>\n150 ml STIHL VarioClean Eco<br \/>\nReinigungsb\u00fcrste mit Rillenreiniger<br \/>\nIn der F\u00fchrungsschienennut, der \u00d6lbohrung oder den Zylinderrippen Ihrer STIHL Kettens\u00e4ge k\u00f6nnen Sie zun\u00e4chst groben Schmutz entfernen, indem Sie ihn mit der Metallklinge des Rillenschabers abkratzen und lose Schmutzpartikel mit den Kunststoffborsten der Reinigungsb\u00fcrste abb\u00fcrsten. Anschlie\u00dfend alle Teile mit STIHL VarioClean Eco einspr\u00fchen. Das ist ein speziell entwickelter schonender Universalreiniger, bei dem 92 % der Inhaltsstoffe nat\u00fcrlichen Ursprungs sind. Mit diesem umweltfreundlichen Reiniger lassen sich alle Kunststoffoberfl\u00e4chen, Metalle wie Eisen oder Aluminium, Gummioberfl\u00e4chen und sogar Lacke schnell und effektiv von Schmutz befreien. Aufgespr\u00fcht auf Kettens\u00e4genkette, Schiene oder Werkzeuggeh\u00e4use l\u00f6st er \u00d6l, Fett, Harz und organischen Schmutz. STIHL VarioClean Eco mit biologisch abbaubaren Tensiden ist Ecocert-zertifiziert und kann einfach mit Wasser gereinigt werden.<br \/>\nDie Reinigung des HD2-Luftfilters an Ihrer Kettens\u00e4ge ist mit STIHL VarioClean Eco besonders einfach: Nach dem Einspr\u00fchen von STIHL VarioClean Eco und einer kurzen Einwirkzeit k\u00f6nnen Sie den Filter mit warmem Wasser absp\u00fclen. So wird der Filter wieder in einen nahezu neuwertigen Zustand versetzt, ein neuer Filter ist nicht n\u00f6tig und die Umwelt wird geschont.<br \/>\nWir empfehlen, bei der Reinigung eine Schutzbrille und Arbeitshandschuhe oder Schutzhandschuhe zu tragen.      <\/p>\n","protected":false},"excerpt":{"rendered":"<p>Care &amp; Clean Kit MS &#8211; Testpaket: effektive Reinigung der Oberfl\u00e4chen und des HD2-Luftfilters Ihrer Kettens\u00e4ge Wenn Sie Ihre STIHL<\/p>\n","protected":false},"featured_media":519554,"template":"","meta":{"_seopress_robots_primary_cat":"","_seopress_titles_title":"","_seopress_titles_desc":"","_seopress_robots_index":""},"product_brand":[3554],"product_cat":[1436,169,1448],"product_tag":[],"class_list":{"0":"post-519557","1":"product","2":"type-product","3":"status-publish","4":"has-post-thumbnail","6":"product_brand-stihl-de","7":"product_cat-kraftstoffe-und-ole","8":"product_cat-maschinen","9":"product_cat-schmiermittel","10":"sws-gruppo-abb-libero-de","11":"sws-conto-ricavi-merci-rivendita-macchinari-de","12":"sws-gruppo-iva-iva81-de","14":"first","15":"onbackorder","16":"shipping-taxable","17":"purchasable","18":"product-type-simple"},"_links":{"self":[{"href":"https:\/\/lucacastelli.com\/de\/wp-json\/wp\/v2\/product\/519557","targetHints":{"allow":["GET"]}}],"collection":[{"href":"https:\/\/lucacastelli.com\/de\/wp-json\/wp\/v2\/product"}],"about":[{"href":"https:\/\/lucacastelli.com\/de\/wp-json\/wp\/v2\/types\/product"}],"wp:featuredmedia":[{"embeddable":true,"href":"https:\/\/lucacastelli.com\/de\/wp-json\/wp\/v2\/media\/519554"}],"wp:attachment":[{"href":"https:\/\/lucacastelli.com\/de\/wp-json\/wp\/v2\/media?parent=519557"}],"wp:term":[{"taxonomy":"product_brand","embeddable":true,"href":"https:\/\/lucacastelli.com\/de\/wp-json\/wp\/v2\/product_brand?post=519557"},{"taxonomy":"product_cat","embeddable":true,"href":"https:\/\/lucacastelli.com\/de\/wp-json\/wp\/v2\/product_cat?post=519557"},{"taxonomy":"product_tag","embeddable":true,"href":"https:\/\/lucacastelli.com\/de\/wp-json\/wp\/v2\/product_tag?post=519557"}],"curies":[{"name":"wp","href":"https:\/\/api.w.org\/{rel}","templated":true}]}}