{"id":519549,"date":"2025-07-29T21:37:34","date_gmt":"2025-07-29T19:37:34","guid":{"rendered":"https:\/\/lucacastelli.com\/prodotto\/stihl-schneidebrett-2in1-timbersports-edition-2\/"},"modified":"2025-08-01T13:13:25","modified_gmt":"2025-08-01T11:13:25","slug":"stihl-schneidebrett-2in1-timbersports-edition-2","status":"publish","type":"product","link":"https:\/\/lucacastelli.com\/de\/produkt\/stihl-schneidebrett-2in1-timbersports-edition-2\/","title":{"rendered":"STIHL Schneidebrett 2in1 TIMBERSPORTS\u00ae Edition"},"content":{"rendered":"<p>Das K\u00fcchenset f\u00fcr alle TIMBERSPORTS\u00ae-Fans und Outdoor-Liebhaber! Dieses Schneidebrett weist die typischen<br \/>\nTIMBERSPORTS\u00ae Querachsen auf, die in dieses Schneidebrett eingefr\u00e4st sind. Zum Lieferumfang geh\u00f6ren das K\u00fcchenmesser im TIMBERSPORTS\u00ae-Look (schwarze PTFE-Beschichtung mit Lasergravur), eine praktische Aufbewahrungstasche und ein Reinigungstuch. Das K\u00fcchenmesser kann mit einem Magneten am Schneidebrett befestigt werden. Es ist also immer alles zusammen. Damit dieses Set sofort auff\u00e4llt, ist das Schneidebrett mit einem Loch zum Aufh\u00e4ngen an Ihrem Lieblingsplatz in der K\u00fcche oder im Wohnmobil versehen.<\/p>\n","protected":false},"excerpt":{"rendered":"<p>Das K\u00fcchenset f\u00fcr alle TIMBERSPORTS\u00ae-Fans und Outdoor-Liebhaber! Dieses Schneidebrett weist die typischen TIMBERSPORTS\u00ae Querachsen auf, die in dieses Schneidebrett eingefr\u00e4st<\/p>\n","protected":false},"featured_media":519546,"template":"","meta":{"_seopress_robots_primary_cat":"","_seopress_titles_title":"","_seopress_titles_desc":"","_seopress_robots_index":""},"product_brand":[3366],"product_cat":[1103],"product_tag":[],"class_list":{"0":"post-519549","1":"product","2":"type-product","3":"status-publish","4":"has-post-thumbnail","6":"product_brand-stihl","7":"product_cat-shops","8":"sws-gruppo-abb-libero-de","9":"sws-conto-ricavi-merci-rivendita-abbigliamento-de","10":"sws-gruppo-iva-iva81-de","12":"first","13":"instock","14":"shipping-taxable","15":"purchasable","16":"product-type-simple"},"_links":{"self":[{"href":"https:\/\/lucacastelli.com\/de\/wp-json\/wp\/v2\/product\/519549","targetHints":{"allow":["GET"]}}],"collection":[{"href":"https:\/\/lucacastelli.com\/de\/wp-json\/wp\/v2\/product"}],"about":[{"href":"https:\/\/lucacastelli.com\/de\/wp-json\/wp\/v2\/types\/product"}],"wp:featuredmedia":[{"embeddable":true,"href":"https:\/\/lucacastelli.com\/de\/wp-json\/wp\/v2\/media\/519546"}],"wp:attachment":[{"href":"https:\/\/lucacastelli.com\/de\/wp-json\/wp\/v2\/media?parent=519549"}],"wp:term":[{"taxonomy":"product_brand","embeddable":true,"href":"https:\/\/lucacastelli.com\/de\/wp-json\/wp\/v2\/product_brand?post=519549"},{"taxonomy":"product_cat","embeddable":true,"href":"https:\/\/lucacastelli.com\/de\/wp-json\/wp\/v2\/product_cat?post=519549"},{"taxonomy":"product_tag","embeddable":true,"href":"https:\/\/lucacastelli.com\/de\/wp-json\/wp\/v2\/product_tag?post=519549"}],"curies":[{"name":"wp","href":"https:\/\/api.w.org\/{rel}","templated":true}]}}