{"id":519513,"date":"2025-07-29T21:36:19","date_gmt":"2025-07-29T19:36:19","guid":{"rendered":"https:\/\/lucacastelli.com\/prodotto\/stihl-sport-sonnenbrille-stihl-timbersports-2\/"},"modified":"2025-08-01T13:11:30","modified_gmt":"2025-08-01T11:11:30","slug":"stihl-sport-sonnenbrille-stihl-timbersports-2","status":"publish","type":"product","link":"https:\/\/lucacastelli.com\/de\/produkt\/stihl-sport-sonnenbrille-stihl-timbersports-2\/","title":{"rendered":"STIHL Sport-Sonnenbrille STIHL TIMBERSPORTS\u00ae"},"content":{"rendered":"<p>TIMBERSPORTS\u00ae Sportsonnenbrille von STIHL<br \/>\nPerfekt zum Radfahren, Skifahren und allen anderen Outdoor-Sportarten oder einfach als stylisches Accessoire f\u00fcr den Renneinsatz &#8211; die TIMBERSPORTS\u00ae Sportsonnenbrille in Schwarz mit get\u00f6ntem Visier in &#8216;Mirror Orange&#8217;. Das Besondere an dieser Brille: 100 Prozent UV-A-, UV-B- und UV-C-Schutz, weiche B\u00fcgel und verstellbare Nasenpads. Um die gewohnt hohe STIHL Qualit\u00e4t zu gew\u00e4hrleisten, wurde diese Sonnenbrille in Zusammenarbeit mit dem Premiumhersteller UVEX entwickelt. Zwei gekreuzte \u00c4xte an der Au\u00dfenseite jedes B\u00fcgels machen diese TIMBERSPORTS\u00ae-Sonnenbrille unverwechselbar! Brillenbreite: 147 mm, Glasbreite: 147 mm, Stabl\u00e4nge: 113 mm, Glash\u00f6he: 54 mm, Nasenstegbreite: 20 mm<\/p>\n","protected":false},"excerpt":{"rendered":"<p>TIMBERSPORTS\u00ae Sportsonnenbrille von STIHL Perfekt zum Radfahren, Skifahren und allen anderen Outdoor-Sportarten oder einfach als stylisches Accessoire f\u00fcr den Renneinsatz<\/p>\n","protected":false},"featured_media":519510,"template":"","meta":{"_seopress_robots_primary_cat":"","_seopress_titles_title":"","_seopress_titles_desc":"","_seopress_robots_index":""},"product_brand":[3554],"product_cat":[150,1411,1478],"product_tag":[],"class_list":{"0":"post-519513","1":"product","2":"type-product","3":"status-publish","4":"has-post-thumbnail","6":"product_brand-stihl-de","7":"product_cat-ausrustung","8":"product_cat-visiere-und-schutzbrillen","9":"product_cat-shop-de","10":"sws-gruppo-abb-libero-de","11":"sws-conto-ricavi-merci-rivendita-abbigliamento-de","12":"sws-gruppo-iva-iva81-de","14":"first","15":"onbackorder","16":"shipping-taxable","17":"purchasable","18":"product-type-simple"},"_links":{"self":[{"href":"https:\/\/lucacastelli.com\/de\/wp-json\/wp\/v2\/product\/519513","targetHints":{"allow":["GET"]}}],"collection":[{"href":"https:\/\/lucacastelli.com\/de\/wp-json\/wp\/v2\/product"}],"about":[{"href":"https:\/\/lucacastelli.com\/de\/wp-json\/wp\/v2\/types\/product"}],"wp:featuredmedia":[{"embeddable":true,"href":"https:\/\/lucacastelli.com\/de\/wp-json\/wp\/v2\/media\/519510"}],"wp:attachment":[{"href":"https:\/\/lucacastelli.com\/de\/wp-json\/wp\/v2\/media?parent=519513"}],"wp:term":[{"taxonomy":"product_brand","embeddable":true,"href":"https:\/\/lucacastelli.com\/de\/wp-json\/wp\/v2\/product_brand?post=519513"},{"taxonomy":"product_cat","embeddable":true,"href":"https:\/\/lucacastelli.com\/de\/wp-json\/wp\/v2\/product_cat?post=519513"},{"taxonomy":"product_tag","embeddable":true,"href":"https:\/\/lucacastelli.com\/de\/wp-json\/wp\/v2\/product_tag?post=519513"}],"curies":[{"name":"wp","href":"https:\/\/api.w.org\/{rel}","templated":true}]}}