{"id":519503,"date":"2025-07-29T21:25:34","date_gmt":"2025-07-29T19:25:34","guid":{"rendered":"https:\/\/lucacastelli.com\/prodotto\/stihl-fahrwagen-mit-wassertank-2\/"},"modified":"2025-11-20T08:23:07","modified_gmt":"2025-11-20T07:23:07","slug":"stihl-fahrwagen-mit-wassertank-2","status":"publish","type":"product","link":"https:\/\/lucacastelli.com\/de\/produkt\/stihl-fahrwagen-mit-wassertank-2\/","title":{"rendered":"STIHL Fahrwagen mit Wassertank"},"content":{"rendered":"<p>Wassertankwagen: f\u00fcr den mobilen Einsatz von Akku-Hochdruckreinigern<br \/>\nDer Wassertankwagen erm\u00f6glicht den schnellen, unabh\u00e4ngigen Einsatz der Akku-Hochdruckreiniger STIHL REA 60 PLUS und STIHL REA 100 PLUS ohne Anschluss an die Wasser- und Stromversorgung sowie den bequemen Transport von Ger\u00e4t und Wassertank.<\/p>\n<p>Dank des robusten Stahlrohrrahmens lassen sich das Reinigungsger\u00e4t und der 20-Liter-Wassertank mit Deckel leicht und sicher bewegen. Der mitgelieferte 0,5 m lange Saugschlauch hat einen integrierten Wasserfilter und sch\u00fctzt das Ger\u00e4t vor Schmutz im Wasser. <\/p>\n<p>Der Wagen bietet praktische Aufbewahrungsm\u00f6glichkeiten f\u00fcr Zubeh\u00f6r, so dass das Reinigungsger\u00e4t, die Hochdrucklanze, der Wassertank und das Zubeh\u00f6r immer an einem Ort griffbereit sind. Der Wagen kann mit wenigen Handgriffen zusammengeklappt werden, um ihn zwischen den Eins\u00e4tzen platzsparend zu verstauen. <\/p>\n<p>Produktdetails<br \/>\nRobuster Wagen mit Stahlrohrrahmen<br \/>\nAbnehmbarer 20-Liter-Wassertank f\u00fcr mobile Wasserversorgung<br \/>\nZusammenklappbar f\u00fcr kompakte Lagerung und Transport<br \/>\nPraktische Aufbewahrung von Zubeh\u00f6r und Hochdrucklanze<br \/>\nMit 0,5 m Saugschlauch<\/p>\n","protected":false},"excerpt":{"rendered":"<p>Wassertankwagen: f\u00fcr den mobilen Einsatz von Akku-Hochdruckreinigern Der Wassertankwagen erm\u00f6glicht den schnellen, unabh\u00e4ngigen Einsatz der Akku-Hochdruckreiniger STIHL REA 60 PLUS<\/p>\n","protected":false},"featured_media":519500,"template":"","meta":{"_seopress_robots_primary_cat":"","_seopress_titles_title":"","_seopress_titles_desc":"","_seopress_robots_index":""},"product_brand":[3366],"product_cat":[29,514,519],"product_tag":[],"class_list":{"0":"post-519503","1":"product","2":"type-product","3":"status-publish","4":"has-post-thumbnail","6":"product_brand-stihl","7":"product_cat-macchinari","8":"product_cat-altri-dispositivi","9":"product_cat-idropulitrici","10":"sws-gruppo-abb-libero-de","11":"sws-conto-ricavi-merci-rivendita-abbigliamento-de","12":"sws-gruppo-iva-iva81-de","14":"first","15":"onbackorder","16":"shipping-taxable","17":"purchasable","18":"product-type-simple"},"_links":{"self":[{"href":"https:\/\/lucacastelli.com\/de\/wp-json\/wp\/v2\/product\/519503","targetHints":{"allow":["GET"]}}],"collection":[{"href":"https:\/\/lucacastelli.com\/de\/wp-json\/wp\/v2\/product"}],"about":[{"href":"https:\/\/lucacastelli.com\/de\/wp-json\/wp\/v2\/types\/product"}],"wp:featuredmedia":[{"embeddable":true,"href":"https:\/\/lucacastelli.com\/de\/wp-json\/wp\/v2\/media\/519500"}],"wp:attachment":[{"href":"https:\/\/lucacastelli.com\/de\/wp-json\/wp\/v2\/media?parent=519503"}],"wp:term":[{"taxonomy":"product_brand","embeddable":true,"href":"https:\/\/lucacastelli.com\/de\/wp-json\/wp\/v2\/product_brand?post=519503"},{"taxonomy":"product_cat","embeddable":true,"href":"https:\/\/lucacastelli.com\/de\/wp-json\/wp\/v2\/product_cat?post=519503"},{"taxonomy":"product_tag","embeddable":true,"href":"https:\/\/lucacastelli.com\/de\/wp-json\/wp\/v2\/product_tag?post=519503"}],"curies":[{"name":"wp","href":"https:\/\/api.w.org\/{rel}","templated":true}]}}