{"id":519495,"date":"2025-07-29T21:25:22","date_gmt":"2025-07-29T19:25:22","guid":{"rendered":"https:\/\/lucacastelli.com\/prodotto\/stihl-tubo-flessibile-di-aspirazione-2\/"},"modified":"2026-02-17T17:52:40","modified_gmt":"2026-02-17T16:52:40","slug":"stihl-tubo-flessibile-di-aspirazione-2","status":"publish","type":"product","link":"https:\/\/lucacastelli.com\/de\/produkt\/stihl-tubo-flessibile-di-aspirazione-2\/","title":{"rendered":"STIHL Absaugschlauch"},"content":{"rendered":"<p>Saugschlauch: unabh\u00e4ngige Wasserversorgung f\u00fcr Akku-Hochdruckreiniger<br \/>\nMit dem STIHL Saugschlauch k\u00f6nnen Sie Wasser aus verschiedenen Quellen, wie z. B. Regensammlern oder Zisternen, f\u00fcr Reinigungsarbeiten mit Ihrem STIHL Akku-Hochdruckreiniger nutzen. Ein robuster 5 Meter langer Schlauch saugt das Wasser ohne Druck direkt in Ihren STIHL Hochdruckreiniger. Damit kein Schmutz in Ihren Akku-Hochdruckreiniger gelangt, hat der Schlauch einen integrierten Wasserfilter.<br \/>\nDer Saugschlauch ist kompatibel mit den Akku-Hochdruckreinigern STIHL REA 60 PLUS und STIHL REA 100 PLUS.  <\/p>\n","protected":false},"excerpt":{"rendered":"<p>Saugschlauch: unabh\u00e4ngige Wasserversorgung f\u00fcr Akku-Hochdruckreiniger Mit dem STIHL Saugschlauch k\u00f6nnen Sie Wasser aus verschiedenen Quellen, wie z. B. Regensammlern oder<\/p>\n","protected":false},"featured_media":519492,"template":"","meta":{"_seopress_robots_primary_cat":"","_seopress_titles_title":"","_seopress_titles_desc":"","_seopress_robots_index":""},"product_brand":[3554],"product_cat":[1454,1512,169],"product_tag":[],"class_list":{"0":"post-519495","1":"product","2":"type-product","3":"status-publish","4":"has-post-thumbnail","6":"product_brand-stihl-de","7":"product_cat-andere-gerate","8":"product_cat-hochdruckreiniger","9":"product_cat-maschinen","10":"sws-gruppo-abb-libero-de","11":"sws-conto-ricavi-merci-rivendita-macchinari-de","12":"sws-gruppo-iva-iva81-de","14":"first","15":"onbackorder","16":"shipping-taxable","17":"purchasable","18":"product-type-simple"},"_links":{"self":[{"href":"https:\/\/lucacastelli.com\/de\/wp-json\/wp\/v2\/product\/519495","targetHints":{"allow":["GET"]}}],"collection":[{"href":"https:\/\/lucacastelli.com\/de\/wp-json\/wp\/v2\/product"}],"about":[{"href":"https:\/\/lucacastelli.com\/de\/wp-json\/wp\/v2\/types\/product"}],"wp:featuredmedia":[{"embeddable":true,"href":"https:\/\/lucacastelli.com\/de\/wp-json\/wp\/v2\/media\/519492"}],"wp:attachment":[{"href":"https:\/\/lucacastelli.com\/de\/wp-json\/wp\/v2\/media?parent=519495"}],"wp:term":[{"taxonomy":"product_brand","embeddable":true,"href":"https:\/\/lucacastelli.com\/de\/wp-json\/wp\/v2\/product_brand?post=519495"},{"taxonomy":"product_cat","embeddable":true,"href":"https:\/\/lucacastelli.com\/de\/wp-json\/wp\/v2\/product_cat?post=519495"},{"taxonomy":"product_tag","embeddable":true,"href":"https:\/\/lucacastelli.com\/de\/wp-json\/wp\/v2\/product_tag?post=519495"}],"curies":[{"name":"wp","href":"https:\/\/api.w.org\/{rel}","templated":true}]}}