{"id":519487,"date":"2025-07-29T21:25:11","date_gmt":"2025-07-29T19:25:11","guid":{"rendered":"https:\/\/lucacastelli.com\/prodotto\/stihl-spazzola-di-lavaggio-rotante-2\/"},"modified":"2025-08-01T13:14:05","modified_gmt":"2025-08-01T11:14:05","slug":"stihl-spazzola-di-lavaggio-rotante-2","status":"publish","type":"product","link":"https:\/\/lucacastelli.com\/de\/produkt\/stihl-spazzola-di-lavaggio-rotante-2\/","title":{"rendered":"STIHL Rotierende Waschb\u00fcrste"},"content":{"rendered":"<p>STIHL RCA 20 Rotationsb\u00fcrste: Empfindliche Oberfl\u00e4chen effizient und schonend reinigen.<br \/>\nMit der STIHL Rotationsb\u00fcrste, die mit Ihrem STIHL RCA 20 Akku-Hochdruckreiniger kompatibel ist, k\u00f6nnen Sie verschiedene Reinigungsaufgaben auf glatten Oberfl\u00e4chen effizient und schonend durchf\u00fchren. Sie ist ausschlie\u00dflich f\u00fcr den privaten Gebrauch bestimmt. Die STIHL B\u00fcrste hat einen Durchmesser von 155 mm und ist mit einem rotierenden Kranz f\u00fcr besonders effektives Arbeiten ausgestattet. Der Arbeitswinkel ist zudem leicht verstellbar, so dass auch leicht geneigte Fl\u00e4chen problemlos gereinigt werden k\u00f6nnen.   <\/p>\n<p>Die Rotationsb\u00fcrste ist kompatibel mit dem STIHL Akku-Hochdruckreiniger RCA 20.<\/p>\n<p>Zur Erinnerung<br \/>\nF\u00fcr alle kleinen Reinigungsarbeiten rund um Haus und Garten.<br \/>\nF\u00fcr die effektive und schonende Reinigung empfindlicher Oberfl\u00e4chen.<br \/>\nEffizientes Arbeiten dank rotierendem B\u00fcrstenring und verstellbarem Arbeitswinkel.<br \/>\nRotierende B\u00fcrste f\u00fcr Hochdruckreiniger. Geeignet f\u00fcr die Reinigung empfindlicher Oberfl\u00e4chen <\/p>\n","protected":false},"excerpt":{"rendered":"<p>STIHL RCA 20 Rotationsb\u00fcrste: Empfindliche Oberfl\u00e4chen effizient und schonend reinigen. Mit der STIHL Rotationsb\u00fcrste, die mit Ihrem STIHL RCA 20<\/p>\n","protected":false},"featured_media":519484,"template":"","meta":{"_seopress_robots_primary_cat":"","_seopress_titles_title":"","_seopress_titles_desc":"","_seopress_robots_index":""},"product_brand":[3366],"product_cat":[29,514,519],"product_tag":[],"class_list":{"0":"post-519487","1":"product","2":"type-product","3":"status-publish","4":"has-post-thumbnail","6":"product_brand-stihl","7":"product_cat-macchinari","8":"product_cat-altri-dispositivi","9":"product_cat-idropulitrici","10":"sws-gruppo-abb-libero-de","11":"sws-conto-ricavi-merci-rivendita-macchinari-de","12":"sws-gruppo-iva-iva81-de","14":"first","15":"instock","16":"shipping-taxable","17":"purchasable","18":"product-type-simple"},"_links":{"self":[{"href":"https:\/\/lucacastelli.com\/de\/wp-json\/wp\/v2\/product\/519487","targetHints":{"allow":["GET"]}}],"collection":[{"href":"https:\/\/lucacastelli.com\/de\/wp-json\/wp\/v2\/product"}],"about":[{"href":"https:\/\/lucacastelli.com\/de\/wp-json\/wp\/v2\/types\/product"}],"wp:featuredmedia":[{"embeddable":true,"href":"https:\/\/lucacastelli.com\/de\/wp-json\/wp\/v2\/media\/519484"}],"wp:attachment":[{"href":"https:\/\/lucacastelli.com\/de\/wp-json\/wp\/v2\/media?parent=519487"}],"wp:term":[{"taxonomy":"product_brand","embeddable":true,"href":"https:\/\/lucacastelli.com\/de\/wp-json\/wp\/v2\/product_brand?post=519487"},{"taxonomy":"product_cat","embeddable":true,"href":"https:\/\/lucacastelli.com\/de\/wp-json\/wp\/v2\/product_cat?post=519487"},{"taxonomy":"product_tag","embeddable":true,"href":"https:\/\/lucacastelli.com\/de\/wp-json\/wp\/v2\/product_tag?post=519487"}],"curies":[{"name":"wp","href":"https:\/\/api.w.org\/{rel}","templated":true}]}}