{"id":519479,"date":"2025-07-29T21:14:09","date_gmt":"2025-07-29T19:14:09","guid":{"rendered":"https:\/\/lucacastelli.com\/prodotto\/stihl-fss-km-2\/"},"modified":"2026-04-12T22:56:47","modified_gmt":"2026-04-12T20:56:47","slug":"stihl-fss-km-2","status":"publish","type":"product","link":"https:\/\/lucacastelli.com\/de\/produkt\/stihl-fss-km-2\/","title":{"rendered":"STIHL FSS-KM"},"content":{"rendered":"<p>Sense CombiTool FSS-KM mit 450 mm M\u00e4hkreis: F\u00fcr schnellen Arbeitsfortschritt in der professionellen Gr\u00fcnpflege<br \/>\nDas STIHL Kombi-Werkzeug FSS-KM mit einem Schneidkreis von 450 mm und dem STIHL M\u00e4hkopf AutoCut C 27-2 eignet sich besonders f\u00fcr die professionelle Gr\u00fcnpflege, die Garten- und Landschaftspflege oder anspruchsvolle private M\u00e4harbeiten. Dazu geh\u00f6ren beispielsweise die Reinigung von Mauern, Z\u00e4unen, Hecken und Wegr\u00e4ndern sowie gro\u00dffl\u00e4chige M\u00e4harbeiten in schwer zug\u00e4nglichem oder absch\u00fcssigem Gel\u00e4nde.<br \/>\nOptional k\u00f6nnen Sie die STIHL Sense FSS-KM mit dem als Zubeh\u00f6r erh\u00e4ltlichen M\u00e4hkopf AutoCut 26-2 verwenden. So lassen sich verschiedene M\u00e4harbeiten besonders effizient durchf\u00fchren. Auch der gro\u00dfe Schneidkreis von 450 mm tr\u00e4gt zu h\u00f6herer Effizienz und schnellem Arbeitsfortschritt bei. Der Schutzschild \u00fcber den rotierenden F\u00e4den erh\u00f6ht die Sicherheit, indem er das Wegschleudern von Steinen und Pflanzenteilen verhindert. Das praktische STIHL KombiSystem erm\u00f6glicht einfaches und schnelles Montieren und Wechseln des KombiTools.<br \/>\nDas STIHL Kombi-Werkzeug FSS-KM Sense ist kompatibel mit folgenden STIHL KombiMotoren:<br \/>\nSTIHL Akku-KombiMotor KMA 200 R<br \/>\nSTIHL Benzin-KombiMotor KM 131 R<br \/>\nSTIHL Benzin-KombiMotor KM 235 (nicht mehr erh\u00e4ltlich)     <\/p>\n","protected":false},"excerpt":{"rendered":"<p>Sense CombiTool FSS-KM mit 450 mm M\u00e4hkreis: F\u00fcr schnellen Arbeitsfortschritt in der professionellen Gr\u00fcnpflege Das STIHL Kombi-Werkzeug FSS-KM mit einem<\/p>\n","protected":false},"featured_media":519476,"template":"","meta":{"_seopress_robots_primary_cat":"none","_seopress_titles_title":"","_seopress_titles_desc":"","_seopress_robots_index":""},"product_brand":[3366],"product_cat":[29,296],"product_tag":[],"class_list":{"0":"post-519479","1":"product","2":"type-product","3":"status-publish","4":"has-post-thumbnail","6":"product_brand-stihl","7":"product_cat-macchinari","8":"product_cat-sistemi-kombi-e-multi","9":"sws-gruppo-abb-libero-de","10":"sws-conto-ricavi-merci-rivendita-macchinari-de","11":"sws-gruppo-iva-iva81-de","13":"first","14":"onbackorder","15":"sale","16":"shipping-taxable","17":"purchasable","18":"product-type-simple"},"_links":{"self":[{"href":"https:\/\/lucacastelli.com\/de\/wp-json\/wp\/v2\/product\/519479","targetHints":{"allow":["GET"]}}],"collection":[{"href":"https:\/\/lucacastelli.com\/de\/wp-json\/wp\/v2\/product"}],"about":[{"href":"https:\/\/lucacastelli.com\/de\/wp-json\/wp\/v2\/types\/product"}],"wp:featuredmedia":[{"embeddable":true,"href":"https:\/\/lucacastelli.com\/de\/wp-json\/wp\/v2\/media\/519476"}],"wp:attachment":[{"href":"https:\/\/lucacastelli.com\/de\/wp-json\/wp\/v2\/media?parent=519479"}],"wp:term":[{"taxonomy":"product_brand","embeddable":true,"href":"https:\/\/lucacastelli.com\/de\/wp-json\/wp\/v2\/product_brand?post=519479"},{"taxonomy":"product_cat","embeddable":true,"href":"https:\/\/lucacastelli.com\/de\/wp-json\/wp\/v2\/product_cat?post=519479"},{"taxonomy":"product_tag","embeddable":true,"href":"https:\/\/lucacastelli.com\/de\/wp-json\/wp\/v2\/product_tag?post=519479"}],"curies":[{"name":"wp","href":"https:\/\/api.w.org\/{rel}","templated":true}]}}