{"id":518681,"date":"2022-06-19T08:02:24","date_gmt":"2022-06-19T06:02:24","guid":{"rendered":"https:\/\/lucacastelli.com\/prodotto\/beretta-extrelle-active-evo-jacke-w\/"},"modified":"2022-06-19T08:02:24","modified_gmt":"2022-06-19T06:02:24","slug":"beretta-extrelle-active-evo-jacke-w","status":"publish","type":"product","link":"https:\/\/lucacastelli.com\/de\/produkt\/beretta-extrelle-active-evo-jacke-w\/","title":{"rendered":"BERETTA Extrelle Active EVO Jacke W"},"content":{"rendered":"<p>Extrelle EVO Damen-Jagdjacke f\u00fcr die Jagd unterwegs, wo Ger\u00e4uschlosigkeit wichtig ist. Die Jacke ist wasserdicht und atmungsaktiv mit abriebfesten elastischen Eins\u00e4tzen an strategischen Stellen.<\/p>\n<p>Wasserdicht und atmungsaktiv dank der BWB EVO &#8211; Beretta Waterproof Breathable EVO Membran.<br \/>\nAbriebfeste Eins\u00e4tze an Schultern und Ellbogen.<br \/>\nElastische Eins\u00e4tze unter den \u00c4rmeln sorgen f\u00fcr gro\u00dfe Bewegungsfreiheit.<br \/>\nDie Jacke ist auch in hochsichtbarem Orange erh\u00e4ltlich, zertifiziert nach EN20471.<br \/>\nDas Au\u00dfenmaterial ist wasserabweisend mit DWR &#8211; Durable Water Repellent Behandlung.<br \/>\nDie Jacke kann mit der Extrelle Active EVO W Hose kombiniert werden.   <\/p>\n<p>Eigenschaften<\/p>\n<p>Notkapuze<br \/>\nInnenkragen aus weichem Microfleece<br \/>\nYKK-Rei\u00dfverschluss und Windschutzleiste<br \/>\nFunkger\u00e4tetasche mit Antennenauslass\u00f6ffnung<br \/>\nGro\u00dfe Fronttaschen mit YKK-Rei\u00dfverschluss<br \/>\nUnterarm-Bel\u00fcftungs\u00f6ffnung mit YKK-Rei\u00dfverschluss<br \/>\nElastische Eins\u00e4tze unter den Armen<br \/>\nVerstellbare Manschette mit Klettverschluss<br \/>\nWinddichte Manschette<br \/>\nWaschbare R\u00fcckentasche mit doppeltem, diagonalem Eingriff f\u00fcr einfachen Zugriff YKK-Rei\u00dfverschluss<br \/>\nKordelzugregulierung am Saum<br \/>\nAbnehmbare &#8220;Beretta Hands Free&#8221;-Hosentr\u00e4ger<br \/>\nInnentaschen mit Rei\u00dfverschluss und Klettverschluss<br \/>\nGummiertes Beretta-Logo auf dem linken \u00c4rmel<br \/>\nPassform normale Passform  <\/p>\n<p>Aktive Jagd<\/p>\n<p>Das Active-Segment umfasst alle Kleidungsst\u00fccke, die f\u00fcr die Jagd in Bewegung entwickelt wurden, sei es f\u00fcr die Upland-Jagd, f\u00fcr die Ansitzjagd oder die Hasenjagd, oder f\u00fcr die Gro\u00dfwildjagd auf Huftiere. Die Produkte aus dem Active-Segment gew\u00e4hrleisten maximalen Schutz bei der Jagd und eignen sich f\u00fcr lange Wanderungen sowohl im Wald als auch im offenen Gel\u00e4nde. Die Details, die Jacken, Westen und Hosen auszeichnen, sind so konzipiert, dass sie den Zugang zu Taschen, Patronenh\u00fclsen und Wildboxen erleichtern und so dem Tr\u00e4ger maximalen Komfort bieten. Die Active-Linie umfasst Kleidungsst\u00fccke, die f\u00fcr verschiedene Klimasituationen geeignet sind, da sie mit dem BIS-Beretta Interactive System kombiniert werden k\u00f6nnen. Diese innovativen Kleidungsst\u00fccke eignen sich hervorragend als zweite Schicht unter Kleidungsst\u00fccken, die f\u00fcr mildere Klimazonen bei starker K\u00e4lte gedacht sind, und garantieren die Aufrechterhaltung der richtigen K\u00f6rpertemperatur. Alle Kleidungsst\u00fccke in diesem Segment sind wasserabweisend und\/oder wasserdicht, atmungsaktiv, leicht und ger\u00e4uscharm.     <\/p>\n","protected":false},"excerpt":{"rendered":"<p>Extrelle EVO Damen-Jagdjacke f\u00fcr die Jagd unterwegs, wo Ger\u00e4uschlosigkeit wichtig ist. Die Jacke ist wasserdicht und atmungsaktiv mit abriebfesten elastischen<\/p>\n","protected":false},"featured_media":70856,"template":"","meta":{"_seopress_robots_primary_cat":"","_seopress_titles_title":"","_seopress_titles_desc":"","_seopress_robots_index":""},"product_brand":[4674],"product_cat":[974,82,1394],"product_tag":[],"class_list":{"0":"post-518681","1":"product","2":"type-product","3":"status-publish","4":"has-post-thumbnail","6":"product_brand-beretta-de","7":"product_cat-freizeitkleidung","8":"product_cat-kleidung","9":"product_cat-sonstige-freizeitbekleidung","10":"sws-gruppo-macchinari-de","11":"sws-conto-ricavi-merci-rivendita-macchinari-de","12":"sws-gruppo-iva-iva81-de","14":"first","15":"instock","16":"shipping-taxable","17":"purchasable","18":"product-type-variable"},"_links":{"self":[{"href":"https:\/\/lucacastelli.com\/de\/wp-json\/wp\/v2\/product\/518681","targetHints":{"allow":["GET"]}}],"collection":[{"href":"https:\/\/lucacastelli.com\/de\/wp-json\/wp\/v2\/product"}],"about":[{"href":"https:\/\/lucacastelli.com\/de\/wp-json\/wp\/v2\/types\/product"}],"wp:featuredmedia":[{"embeddable":true,"href":"https:\/\/lucacastelli.com\/de\/wp-json\/wp\/v2\/media\/70856"}],"wp:attachment":[{"href":"https:\/\/lucacastelli.com\/de\/wp-json\/wp\/v2\/media?parent=518681"}],"wp:term":[{"taxonomy":"product_brand","embeddable":true,"href":"https:\/\/lucacastelli.com\/de\/wp-json\/wp\/v2\/product_brand?post=518681"},{"taxonomy":"product_cat","embeddable":true,"href":"https:\/\/lucacastelli.com\/de\/wp-json\/wp\/v2\/product_cat?post=518681"},{"taxonomy":"product_tag","embeddable":true,"href":"https:\/\/lucacastelli.com\/de\/wp-json\/wp\/v2\/product_tag?post=518681"}],"curies":[{"name":"wp","href":"https:\/\/api.w.org\/{rel}","templated":true}]}}