{"id":518654,"date":"2022-08-02T15:33:17","date_gmt":"2022-08-02T13:33:17","guid":{"rendered":"https:\/\/lucacastelli.com\/prodotto\/beretta-body-mapping-3d\/"},"modified":"2022-08-02T15:33:17","modified_gmt":"2022-08-02T13:33:17","slug":"beretta-body-mapping-3d","status":"publish","type":"product","link":"https:\/\/lucacastelli.com\/de\/produkt\/beretta-body-mapping-3d\/","title":{"rendered":"BERETTA Body Mapping 3D"},"content":{"rendered":"<p>Hochelastische Unisex-Langarm-Unterw\u00e4sche Body Mapping 3D mit unterschiedlich dichten Kompressionsbereichen f\u00fcr maximalen Komfort.<\/p>\n<p>Hergestellt mit nahtloser Technologie aus weichem Polypropylen und Stretch-Polyamid. Die atmungsaktiven Eigenschaften des Gewebes sorgen f\u00fcr ein hervorragendes Temperaturmanagement und halten den K\u00f6rper stets trocken. Das Shirt kann mit der Body Mapping 3D Hose kombiniert werden.  <\/p>\n<p>Merkmale:<\/p>\n<p>Differenzierte Kompressionszonen<br \/>\nFarblich abgesetzte Flachn\u00e4hte<br \/>\nBeretta-Jacquard-Logo auf Vorder- und R\u00fcckseite<br \/>\nPassform: hochelastische Slim-Fit-Passform<br \/>\nGeeignet f\u00fcr Temperaturen von 0 \u00b0C bis 10 \u00b0C<\/p>\n<p>Body Mapping Linie<\/p>\n<p>Basierend auf dem Konzept, dass unser K\u00f6rper in verschiedene Klimazonen eingeteilt ist, haben wir Body Mapping entwickelt, eine Unterw\u00e4sche-Linie aus Dryarn, einer innovativen Mikrofaser aus strapazierf\u00e4higem, leichtem, isolierendem und atmungsaktivem Polypropylen, die einen hohen Tragekomfort und die F\u00e4higkeit, eine optimale K\u00f6rpertemperatur auf nat\u00fcrliche Weise zu halten, garantiert.<\/p>\n","protected":false},"excerpt":{"rendered":"<p>Hochelastische Unisex-Langarm-Unterw\u00e4sche Body Mapping 3D mit unterschiedlich dichten Kompressionsbereichen f\u00fcr maximalen Komfort. Hergestellt mit nahtloser Technologie aus weichem Polypropylen und<\/p>\n","protected":false},"featured_media":78978,"template":"","meta":{"_seopress_robots_primary_cat":"","_seopress_titles_title":"","_seopress_titles_desc":"","_seopress_robots_index":""},"product_brand":[4674],"product_cat":[974,82,1394],"product_tag":[],"class_list":{"0":"post-518654","1":"product","2":"type-product","3":"status-publish","4":"has-post-thumbnail","6":"product_brand-beretta-de","7":"product_cat-freizeitkleidung","8":"product_cat-kleidung","9":"product_cat-sonstige-freizeitbekleidung","10":"sws-gruppo-macchinari-de","11":"sws-conto-ricavi-merci-rivendita-macchinari-de","12":"sws-gruppo-iva-iva81-de","14":"first","15":"instock","16":"shipping-taxable","17":"purchasable","18":"product-type-variable"},"_links":{"self":[{"href":"https:\/\/lucacastelli.com\/de\/wp-json\/wp\/v2\/product\/518654","targetHints":{"allow":["GET"]}}],"collection":[{"href":"https:\/\/lucacastelli.com\/de\/wp-json\/wp\/v2\/product"}],"about":[{"href":"https:\/\/lucacastelli.com\/de\/wp-json\/wp\/v2\/types\/product"}],"wp:featuredmedia":[{"embeddable":true,"href":"https:\/\/lucacastelli.com\/de\/wp-json\/wp\/v2\/media\/78978"}],"wp:attachment":[{"href":"https:\/\/lucacastelli.com\/de\/wp-json\/wp\/v2\/media?parent=518654"}],"wp:term":[{"taxonomy":"product_brand","embeddable":true,"href":"https:\/\/lucacastelli.com\/de\/wp-json\/wp\/v2\/product_brand?post=518654"},{"taxonomy":"product_cat","embeddable":true,"href":"https:\/\/lucacastelli.com\/de\/wp-json\/wp\/v2\/product_cat?post=518654"},{"taxonomy":"product_tag","embeddable":true,"href":"https:\/\/lucacastelli.com\/de\/wp-json\/wp\/v2\/product_tag?post=518654"}],"curies":[{"name":"wp","href":"https:\/\/api.w.org\/{rel}","templated":true}]}}