{"id":518644,"date":"2022-06-13T14:40:10","date_gmt":"2022-06-13T12:40:10","guid":{"rendered":"https:\/\/lucacastelli.com\/prodotto\/beretta-4-wege-stretch-evo\/"},"modified":"2022-06-13T14:40:10","modified_gmt":"2022-06-13T12:40:10","slug":"beretta-4-wege-stretch-evo","status":"publish","type":"product","link":"https:\/\/lucacastelli.com\/de\/produkt\/beretta-4-wege-stretch-evo\/","title":{"rendered":"BERETTA 4-Wege-Stretch EVO"},"content":{"rendered":"<p>4 Way Stretch EVO-Jagdhose f\u00fcr Herren, geeignet f\u00fcr Outdoor-Aktivit\u00e4ten in der Herbst-\/Wintersaison. Die Hose ist extrem dehnbar und hat abriebfeste Eins\u00e4tze an strategischen Stellen. <\/p>\n<p>Das Material ist 4-Wege-Stretch mit guter Abriebfestigkeit dank Schutzeins\u00e4tzen an den Knien und am Ges\u00e4\u00df. Die Hose hat einen ergonomischen G\u00fcrtel mit hoher Lendenwirbelst\u00fctze f\u00fcr maximalen Komfort. Die Hose kann mit allen Jacken der Kollektion kombiniert werden.  <\/p>\n<p>Merkmale:<\/p>\n<p>Elastischer G\u00fcrtel<br \/>\nG\u00fcrtelschlaufen<br \/>\nYKK-Rei\u00dfverschluss und Druckkn\u00f6pfe<br \/>\nInnere Kn\u00f6pfe f\u00fcr Hosentr\u00e4ger<br \/>\nSeitentaschen mit YKK-Rei\u00dfverschluss<br \/>\nHohe sch\u00fctzende Lendenwirbelst\u00fctze aus weichem Microfleece<br \/>\nGes\u00e4\u00dftaschen mit YKK-Rei\u00dfverschluss<br \/>\nElastische Anpassung am Beinabschluss<br \/>\nGummiertes Beretta-Logo auf dem R\u00fccken<br \/>\nPassform: Slim Fit<\/p>\n<p>Berg<\/p>\n<p>Das Gebirge mit seinen thermischen Exkursionen und dem Wechsel von Vegetation und Gel\u00e4nde zwischen Fels, Eis und Wald: das ist die Welt von Mountain.<br \/>\nElastizit\u00e4t, Ger\u00e4uscharmut und Atmungsaktivit\u00e4t sind die Schl\u00fcsselelemente, die maximale Leistung der Kleidung garantieren.<\/p>\n","protected":false},"excerpt":{"rendered":"<p>4 Way Stretch EVO-Jagdhose f\u00fcr Herren, geeignet f\u00fcr Outdoor-Aktivit\u00e4ten in der Herbst-\/Wintersaison. Die Hose ist extrem dehnbar und hat abriebfeste<\/p>\n","protected":false},"featured_media":67882,"template":"","meta":{"_seopress_robots_primary_cat":"","_seopress_titles_title":"","_seopress_titles_desc":"","_seopress_robots_index":""},"product_brand":[4674],"product_cat":[82,974,1394],"product_tag":[],"class_list":{"0":"post-518644","1":"product","2":"type-product","3":"status-publish","4":"has-post-thumbnail","6":"product_brand-beretta-de","7":"product_cat-kleidung","8":"product_cat-freizeitkleidung","9":"product_cat-sonstige-freizeitbekleidung","10":"sws-gruppo-macchinari-de","11":"sws-categoria-altro-de","12":"sws-sottocategoria-altro-de","13":"sws-marca-beretta-s-p-a","14":"sws-conto-ricavi-merci-rivendita-macchinari-de","15":"sws-gruppo-iva-iva81-de","17":"first","18":"instock","19":"shipping-taxable","20":"purchasable","21":"product-type-variable"},"_links":{"self":[{"href":"https:\/\/lucacastelli.com\/de\/wp-json\/wp\/v2\/product\/518644","targetHints":{"allow":["GET"]}}],"collection":[{"href":"https:\/\/lucacastelli.com\/de\/wp-json\/wp\/v2\/product"}],"about":[{"href":"https:\/\/lucacastelli.com\/de\/wp-json\/wp\/v2\/types\/product"}],"wp:featuredmedia":[{"embeddable":true,"href":"https:\/\/lucacastelli.com\/de\/wp-json\/wp\/v2\/media\/67882"}],"wp:attachment":[{"href":"https:\/\/lucacastelli.com\/de\/wp-json\/wp\/v2\/media?parent=518644"}],"wp:term":[{"taxonomy":"product_brand","embeddable":true,"href":"https:\/\/lucacastelli.com\/de\/wp-json\/wp\/v2\/product_brand?post=518644"},{"taxonomy":"product_cat","embeddable":true,"href":"https:\/\/lucacastelli.com\/de\/wp-json\/wp\/v2\/product_cat?post=518644"},{"taxonomy":"product_tag","embeddable":true,"href":"https:\/\/lucacastelli.com\/de\/wp-json\/wp\/v2\/product_tag?post=518644"}],"curies":[{"name":"wp","href":"https:\/\/api.w.org\/{rel}","templated":true}]}}