{"id":518637,"date":"2022-06-13T14:45:46","date_gmt":"2022-06-13T12:45:46","guid":{"rendered":"https:\/\/lucacastelli.com\/prodotto\/beretta-silberne-taubenmuetze\/"},"modified":"2022-06-13T14:45:46","modified_gmt":"2022-06-13T12:45:46","slug":"beretta-silberne-taubenmuetze","status":"publish","type":"product","link":"https:\/\/lucacastelli.com\/de\/produkt\/beretta-silberne-taubenmuetze\/","title":{"rendered":"BERETTA Silberne Taubenm\u00fctze"},"content":{"rendered":"<p>Wasserdichte Baseballm\u00fctze aus Baumwollmischung mit Beretta-Stickerei auf der Vorderseite.<br \/>\nSilver Pigeon<br \/>\nNeue Produktlinie aus leichtem, strapazierf\u00e4higem Stoff. Diese klassisch anmutende Linie ist f\u00fcr die Jagd unterwegs in feuchtem Klima oder f\u00fcr die station\u00e4re Jagd zu Beginn der Saison konzipiert. <\/p>\n","protected":false},"excerpt":{"rendered":"<p>Wasserdichte Baseballm\u00fctze aus Baumwollmischung mit Beretta-Stickerei auf der Vorderseite. Silver Pigeon Neue Produktlinie aus leichtem, strapazierf\u00e4higem Stoff. Diese klassisch anmutende<\/p>\n","protected":false},"featured_media":67908,"template":"","meta":{"_seopress_robots_primary_cat":"","_seopress_titles_title":"","_seopress_titles_desc":"","_seopress_robots_index":""},"product_brand":[4674],"product_cat":[974,82,1394],"product_tag":[],"class_list":{"0":"post-518637","1":"product","2":"type-product","3":"status-publish","4":"has-post-thumbnail","6":"product_brand-beretta-de","7":"product_cat-freizeitkleidung","8":"product_cat-kleidung","9":"product_cat-sonstige-freizeitbekleidung","10":"sws-gruppo-macchinari-de","11":"sws-conto-ricavi-merci-rivendita-macchinari-de","12":"sws-gruppo-iva-iva81-de","14":"first","15":"instock","16":"shipping-taxable","17":"purchasable","18":"product-type-variable"},"_links":{"self":[{"href":"https:\/\/lucacastelli.com\/de\/wp-json\/wp\/v2\/product\/518637","targetHints":{"allow":["GET"]}}],"collection":[{"href":"https:\/\/lucacastelli.com\/de\/wp-json\/wp\/v2\/product"}],"about":[{"href":"https:\/\/lucacastelli.com\/de\/wp-json\/wp\/v2\/types\/product"}],"wp:featuredmedia":[{"embeddable":true,"href":"https:\/\/lucacastelli.com\/de\/wp-json\/wp\/v2\/media\/67908"}],"wp:attachment":[{"href":"https:\/\/lucacastelli.com\/de\/wp-json\/wp\/v2\/media?parent=518637"}],"wp:term":[{"taxonomy":"product_brand","embeddable":true,"href":"https:\/\/lucacastelli.com\/de\/wp-json\/wp\/v2\/product_brand?post=518637"},{"taxonomy":"product_cat","embeddable":true,"href":"https:\/\/lucacastelli.com\/de\/wp-json\/wp\/v2\/product_cat?post=518637"},{"taxonomy":"product_tag","embeddable":true,"href":"https:\/\/lucacastelli.com\/de\/wp-json\/wp\/v2\/product_tag?post=518637"}],"curies":[{"name":"wp","href":"https:\/\/api.w.org\/{rel}","templated":true}]}}