{"id":518630,"date":"2022-06-10T05:01:04","date_gmt":"2022-06-10T03:01:04","guid":{"rendered":"https:\/\/lucacastelli.com\/prodotto\/beretta-butte-softshell-jacke\/"},"modified":"2022-06-10T05:01:04","modified_gmt":"2022-06-10T03:01:04","slug":"beretta-butte-softshell-jacke","status":"publish","type":"product","link":"https:\/\/lucacastelli.com\/de\/produkt\/beretta-butte-softshell-jacke\/","title":{"rendered":"BERETTA Butte Softshell Jacke"},"content":{"rendered":"<p>Herren Butte Softshell-Jagdjacke leicht, dehnbar und atmungsaktiv, geeignet f\u00fcr Outdoor-Aktivit\u00e4ten. Die Jacke ist wind- und wasserdicht mit abriebfesten Eins\u00e4tzen an strategischen Stellen. <\/p>\n<p>Winddicht, wasserabweisend und atmungsaktiv dank der BWR-Membran &#8211; Beretta Wind Resistant &#8211; gepaart mit einer weichen Microfleece-Innenseite. Das Material ist auf der Au\u00dfenseite mit einem DWR &#8211; &#8220;Durable Water Repellent&#8221; &#8211; wasserabweisenden Finish behandelt. Abriebfeste Eins\u00e4tze an den Unterarmen. Die Jacke kann mit der 4 Way Stretch EVO Hose, der 4 Way Stretch Pro Hose oder der Bymark Hose kombiniert werden.   <\/p>\n<p>Merkmale:  <\/p>\n<p>Weicher Microfleece-Kragen<br \/>\nYKK-Rei\u00dfverschluss<br \/>\nFunkger\u00e4tetasche mit Antennen\u00f6ffnung<br \/>\nSeitentaschen mit YKK-Rei\u00dfverschluss<br \/>\nElastisches Handgelenk<br \/>\nKordelzugregulierung am Saum<br \/>\nInnentaschen mit Rei\u00dfverschluss und Klettverschluss<br \/>\nGummiertes Beretta-Logo auf dem linken \u00c4rmel<br \/>\nPassform: Regular fit<\/p>\n","protected":false},"excerpt":{"rendered":"<p>Herren Butte Softshell-Jagdjacke leicht, dehnbar und atmungsaktiv, geeignet f\u00fcr Outdoor-Aktivit\u00e4ten. Die Jacke ist wind- und wasserdicht mit abriebfesten Eins\u00e4tzen an<\/p>\n","protected":false},"featured_media":64063,"template":"","meta":{"_seopress_robots_primary_cat":"","_seopress_titles_title":"","_seopress_titles_desc":"","_seopress_robots_index":""},"product_brand":[4674],"product_cat":[974,82,1394],"product_tag":[],"class_list":{"0":"post-518630","1":"product","2":"type-product","3":"status-publish","4":"has-post-thumbnail","6":"product_brand-beretta-de","7":"product_cat-freizeitkleidung","8":"product_cat-kleidung","9":"product_cat-sonstige-freizeitbekleidung","10":"sws-gruppo-macchinari-de","11":"sws-conto-ricavi-merci-rivendita-macchinari-de","12":"sws-gruppo-iva-iva81-de","14":"first","15":"instock","16":"shipping-taxable","17":"purchasable","18":"product-type-variable"},"_links":{"self":[{"href":"https:\/\/lucacastelli.com\/de\/wp-json\/wp\/v2\/product\/518630","targetHints":{"allow":["GET"]}}],"collection":[{"href":"https:\/\/lucacastelli.com\/de\/wp-json\/wp\/v2\/product"}],"about":[{"href":"https:\/\/lucacastelli.com\/de\/wp-json\/wp\/v2\/types\/product"}],"wp:featuredmedia":[{"embeddable":true,"href":"https:\/\/lucacastelli.com\/de\/wp-json\/wp\/v2\/media\/64063"}],"wp:attachment":[{"href":"https:\/\/lucacastelli.com\/de\/wp-json\/wp\/v2\/media?parent=518630"}],"wp:term":[{"taxonomy":"product_brand","embeddable":true,"href":"https:\/\/lucacastelli.com\/de\/wp-json\/wp\/v2\/product_brand?post=518630"},{"taxonomy":"product_cat","embeddable":true,"href":"https:\/\/lucacastelli.com\/de\/wp-json\/wp\/v2\/product_cat?post=518630"},{"taxonomy":"product_tag","embeddable":true,"href":"https:\/\/lucacastelli.com\/de\/wp-json\/wp\/v2\/product_tag?post=518630"}],"curies":[{"name":"wp","href":"https:\/\/api.w.org\/{rel}","templated":true}]}}