{"id":518628,"date":"2022-11-21T14:24:07","date_gmt":"2022-11-21T13:24:07","guid":{"rendered":"https:\/\/lucacastelli.com\/prodotto\/wiper-ike\/"},"modified":"2022-11-21T14:24:07","modified_gmt":"2022-11-21T13:24:07","slug":"wiper-ike","status":"publish","type":"product","link":"https:\/\/lucacastelli.com\/de\/produkt\/wiper-ike\/","title":{"rendered":"WIPER IKE"},"content":{"rendered":"<p>Maximale Schneidfl\u00e4che [m2]: 700 m2<br \/>\nVerwaltete Zonen einschlie\u00dflich der Hauptzone: 4<br \/>\nMaximale Neigung [%]: 45%<br \/>\nNeigung an der Au\u00dfenkante oder Draht f\u00fcr. [%]: 20%<br \/>\nDurchschnittliche Arbeitszeit (+-20%) [h]: 02:00<br \/>\nDurchschnittliche Wiederaufladezeit [h]: 01:00<br \/>\nMotortyp: B\u00fcrstenlos<br \/>\nRadprofil: Gummi<br \/>\nMax. [Mt\/min] (Standard): 28<br \/>\nBenutzeroberfl\u00e4che: Tastatur und LED<br \/>\nSteuerung \u00fcber APP &#8220;My Robot Wiper&#8221;: Lokal<br \/>\nMessertyp: Scheibe mit 4 Messern<br \/>\nSchnittbreite [Cm]: 18<br \/>\nH\u00f6henverstellung: Manuell<br \/>\nRobotergewicht &#8211; Batterien Inc.   [Kg]: 7.1<br \/>\nSchutzgrad: IPx5<br \/>\nGarantie: 2 Jahre<\/p>\n","protected":false},"excerpt":{"rendered":"<p>Maximale Schneidfl\u00e4che [m2]: 700 m2 Verwaltete Zonen einschlie\u00dflich der Hauptzone: 4 Maximale Neigung [%]: 45% Neigung an der Au\u00dfenkante oder<\/p>\n","protected":false},"featured_media":54532,"template":"","meta":{"_seopress_robots_primary_cat":"","_seopress_titles_title":"","_seopress_titles_desc":"","_seopress_robots_index":""},"product_brand":[5042],"product_cat":[29,262,278],"product_tag":[],"class_list":{"0":"post-518628","1":"product","2":"type-product","3":"status-publish","4":"has-post-thumbnail","6":"product_brand-wiper","7":"product_cat-macchinari","8":"product_cat-tosaerba-e-robot","9":"product_cat-robot-tosaerba","10":"sws-gruppo-macchinari","11":"sws-conto-ricavi-merci-rivendita-macchinari","12":"sws-gruppo-iva-iva81","14":"first","15":"instock","16":"shipping-taxable","17":"purchasable","18":"product-type-simple"},"_links":{"self":[{"href":"https:\/\/lucacastelli.com\/de\/wp-json\/wp\/v2\/product\/518628","targetHints":{"allow":["GET"]}}],"collection":[{"href":"https:\/\/lucacastelli.com\/de\/wp-json\/wp\/v2\/product"}],"about":[{"href":"https:\/\/lucacastelli.com\/de\/wp-json\/wp\/v2\/types\/product"}],"wp:featuredmedia":[{"embeddable":true,"href":"https:\/\/lucacastelli.com\/de\/wp-json\/wp\/v2\/media\/54532"}],"wp:attachment":[{"href":"https:\/\/lucacastelli.com\/de\/wp-json\/wp\/v2\/media?parent=518628"}],"wp:term":[{"taxonomy":"product_brand","embeddable":true,"href":"https:\/\/lucacastelli.com\/de\/wp-json\/wp\/v2\/product_brand?post=518628"},{"taxonomy":"product_cat","embeddable":true,"href":"https:\/\/lucacastelli.com\/de\/wp-json\/wp\/v2\/product_cat?post=518628"},{"taxonomy":"product_tag","embeddable":true,"href":"https:\/\/lucacastelli.com\/de\/wp-json\/wp\/v2\/product_tag?post=518628"}],"curies":[{"name":"wp","href":"https:\/\/api.w.org\/{rel}","templated":true}]}}