{"id":518600,"date":"2022-11-21T14:14:42","date_gmt":"2022-11-21T13:14:42","guid":{"rendered":"https:\/\/lucacastelli.com\/prodotto\/wischer-schuettler-xh35-s\/"},"modified":"2022-11-21T14:14:42","modified_gmt":"2022-11-21T13:14:42","slug":"wischer-schuettler-xh35-s","status":"publish","type":"product","link":"https:\/\/lucacastelli.com\/de\/produkt\/wischer-schuettler-xh35-s\/","title":{"rendered":"WISCHER SCH\u00dcTTLER XH35 S"},"content":{"rendered":"<p>Max. Schneidfl\u00e4che [m2]: 3.200 m2<br \/>\nVerwaltete Zonen einschlie\u00dflich der Hauptzone: 8<br \/>\nMax. Neigung [%]: 45%<br \/>\nNeigung an der Au\u00dfenkante oder Draht f\u00fcr. [%]: 20%<br \/>\nDurchschnittliche Arbeitszeit (+-20%) [h]: 03:30<br \/>\nDurchschnittliche Wiederaufladezeit [h]: 02:30<br \/>\nMotortyp: B\u00fcrstenlos<br \/>\nRadprofil: Gummiflex<br \/>\nMax. [Mt\/min] (Standard): 30<br \/>\nBenutzeroberfl\u00e4che: Touch Display<br \/>\nSteuerung \u00fcber &#8220;My Robot Wiper&#8221; APP: Remote Local<br \/>\nMessertyp: 4-zackiger Stern<br \/>\nSchnittbreite [Cm]: 29<br \/>\nH\u00f6henverstellung: Manuell<br \/>\nRobotergewicht &#8211; Batterien Inc.   [Kg]: 15.3 Kg<br \/>\nSchutzart: IPx4<br \/>\nGarantie: 2 Jahre<\/p>\n","protected":false},"excerpt":{"rendered":"<p>Max. Schneidfl\u00e4che [m2]: 3.200 m2 Verwaltete Zonen einschlie\u00dflich der Hauptzone: 8 Max. Neigung [%]: 45% Neigung an der Au\u00dfenkante oder<\/p>\n","protected":false},"featured_media":54527,"template":"","meta":{"_seopress_robots_primary_cat":"","_seopress_titles_title":"","_seopress_titles_desc":"","_seopress_robots_index":""},"product_brand":[5042],"product_cat":[29,262,278],"product_tag":[],"class_list":{"0":"post-518600","1":"product","2":"type-product","3":"status-publish","4":"has-post-thumbnail","6":"product_brand-wiper","7":"product_cat-macchinari","8":"product_cat-tosaerba-e-robot","9":"product_cat-robot-tosaerba","10":"sws-gruppo-macchinari","11":"sws-conto-ricavi-merci-rivendita-macchinari","12":"sws-gruppo-iva-iva81","14":"first","15":"instock","16":"shipping-taxable","17":"purchasable","18":"product-type-simple"},"_links":{"self":[{"href":"https:\/\/lucacastelli.com\/de\/wp-json\/wp\/v2\/product\/518600","targetHints":{"allow":["GET"]}}],"collection":[{"href":"https:\/\/lucacastelli.com\/de\/wp-json\/wp\/v2\/product"}],"about":[{"href":"https:\/\/lucacastelli.com\/de\/wp-json\/wp\/v2\/types\/product"}],"wp:featuredmedia":[{"embeddable":true,"href":"https:\/\/lucacastelli.com\/de\/wp-json\/wp\/v2\/media\/54527"}],"wp:attachment":[{"href":"https:\/\/lucacastelli.com\/de\/wp-json\/wp\/v2\/media?parent=518600"}],"wp:term":[{"taxonomy":"product_brand","embeddable":true,"href":"https:\/\/lucacastelli.com\/de\/wp-json\/wp\/v2\/product_brand?post=518600"},{"taxonomy":"product_cat","embeddable":true,"href":"https:\/\/lucacastelli.com\/de\/wp-json\/wp\/v2\/product_cat?post=518600"},{"taxonomy":"product_tag","embeddable":true,"href":"https:\/\/lucacastelli.com\/de\/wp-json\/wp\/v2\/product_tag?post=518600"}],"curies":[{"name":"wp","href":"https:\/\/api.w.org\/{rel}","templated":true}]}}