{"id":518431,"date":"2025-07-29T12:47:24","date_gmt":"2025-07-29T10:47:24","guid":{"rendered":"https:\/\/lucacastelli.com\/prodotto\/ortovox-berrino-pants-m-3\/"},"modified":"2026-04-16T01:10:55","modified_gmt":"2026-04-15T23:10:55","slug":"ortovox-berrino-pants-m-3","status":"publish","type":"product","link":"https:\/\/lucacastelli.com\/de\/produkt\/ortovox-berrino-pants-m-3\/","title":{"rendered":"ORTOVOX BERRINO PANTS M"},"content":{"rendered":"<p>EIN HOCHWERTIGER ALLROUNDER<br \/>\nVIELSEITIGE, LEICHTE SOFTSHELL-PANT MIT MERINO-INNENSEITE F\u00dcR SKITOUREN<br \/>\nHIGHLIGHTS<br \/>\nAbgestimmte Materialkombinationen<br \/>\nFunktionelles, klares Design<br \/>\nKomfortable Passform dank Stretch-Eins\u00e4tzen<br \/>\nDie BERRINO PANTS f\u00fcr Herren sind ein zuverl\u00e4ssiger und besonders vielseitiger Begleiter f\u00fcr genussvolle Skitouren, bei denen das Wesentliche zu einer besseren Leistung beitr\u00e4gt.<\/p>\n<p>Das Innenfutter aus tasmanischer Merinowolle mit Netzstruktur sorgt f\u00fcr eine gute Isolierung und ein angenehmes Gef\u00fchl auf der Haut. Die Aussenseite ist abriebfest und sch\u00fctzt vor Wind und Wetter. Dank Athletic Fit und Zwei-Wege-Stretch-Material macht die ultraleichte Softshell-PANT jede Bewegung mit.<\/p>\n<p>Durchdachte Details wie der Kantenschutz aus abriebfestem SCHOELLER-Material an besonders beanspruchten Stellen und der verstellbare Beinabschluss verleihen der ultraleichten Softshell-PANT eine klare, puristische Linie.<\/p>\n<p>Die BERRINO PANTS f\u00fcr Herren sitzen perfekt am K\u00f6rper und sind ein zuverl\u00e4ssiger Partner f\u00fcr pures Skitourenvergn\u00fcgen.<\/p>\n<p>FEATURES<br \/>\n2 Seitentaschen<br \/>\nKantenschutz<br \/>\nSilikonbeschichtung am Innenelsaum<br \/>\nVorgeformter Kniebereich<br \/>\nRegulierbarer Beinabschluss (Reissverschluss)<br \/>\nElastisch verstellbarer Bund (feststellbare Kordel)<br \/>\nMerinowolle auf der Haut<br \/>\nAthletic Fit<br \/>\nMATERIALEIGENSCHAFTEN<br \/>\nHoch atmungsaktiv<br \/>\nWasserabweisend und winddicht<br \/>\nPFC-frei: Wasser und Schmutz perlen ab<br \/>\nLeicht<br \/>\nMerinowolle auf der Haut<br \/>\nTrocknet schnell<br \/>\n2-Wege-Stretchmaterial<br \/>\nHohe Abriebfestigkeit<br \/>\nMATERIAL<br \/>\nZum Materiallexikon<\/p>\n<p>HAUPTMATERIAL: 79 % Polyamid + 10 % Elastan + 11 % Wolle (MERINO)<\/p>\n<p>MERINO INSIDE<br \/>\nUnsere nachhaltige MERINOWOLLE stammt aus kontrollierten Betrieben, in denen die Tiere ein gl\u00fcckliches Dasein f\u00fchren. Sie ist angenehm weich und pflegeleicht und bietet dank optimaler Temperatur- und Feuchtigkeitsregulierung einen hohen Tragekomfort. <\/p>\n","protected":false},"excerpt":{"rendered":"<p>EIN HOCHWERTIGER ALLROUNDER VIELSEITIGE, LEICHTE SOFTSHELL-PANT MIT MERINO-INNENSEITE F\u00dcR SKITOUREN HIGHLIGHTS Abgestimmte Materialkombinationen Funktionelles, klares Design Komfortable Passform dank Stretch-Eins\u00e4tzen<\/p>\n","protected":false},"featured_media":518424,"template":"","meta":{"_seopress_robots_primary_cat":"none","_seopress_titles_title":"","_seopress_titles_desc":"","_seopress_robots_index":""},"product_brand":[3280],"product_cat":[21,189,190],"product_tag":[],"class_list":{"0":"post-518431","1":"product","2":"type-product","3":"status-publish","4":"has-post-thumbnail","6":"product_brand-ortovox","7":"product_cat-abbigliamento","8":"product_cat-abbigliamento-per-il-tempo-libero","9":"product_cat-abbigliamento-da-uomo","10":"sws-gruppo-abb-libero-de","11":"sws-conto-ricavi-merci-rivendita-abbigliamento-de","12":"sws-gruppo-iva-iva81-de","14":"first","15":"instock","16":"shipping-taxable","17":"purchasable","18":"product-type-variable"},"_links":{"self":[{"href":"https:\/\/lucacastelli.com\/de\/wp-json\/wp\/v2\/product\/518431","targetHints":{"allow":["GET"]}}],"collection":[{"href":"https:\/\/lucacastelli.com\/de\/wp-json\/wp\/v2\/product"}],"about":[{"href":"https:\/\/lucacastelli.com\/de\/wp-json\/wp\/v2\/types\/product"}],"wp:featuredmedia":[{"embeddable":true,"href":"https:\/\/lucacastelli.com\/de\/wp-json\/wp\/v2\/media\/518424"}],"wp:attachment":[{"href":"https:\/\/lucacastelli.com\/de\/wp-json\/wp\/v2\/media?parent=518431"}],"wp:term":[{"taxonomy":"product_brand","embeddable":true,"href":"https:\/\/lucacastelli.com\/de\/wp-json\/wp\/v2\/product_brand?post=518431"},{"taxonomy":"product_cat","embeddable":true,"href":"https:\/\/lucacastelli.com\/de\/wp-json\/wp\/v2\/product_cat?post=518431"},{"taxonomy":"product_tag","embeddable":true,"href":"https:\/\/lucacastelli.com\/de\/wp-json\/wp\/v2\/product_tag?post=518431"}],"curies":[{"name":"wp","href":"https:\/\/api.w.org\/{rel}","templated":true}]}}