{"id":518395,"date":"2025-07-29T12:35:36","date_gmt":"2025-07-29T10:35:36","guid":{"rendered":"https:\/\/lucacastelli.com\/prodotto\/ortovox-150-cool-logo-top-w-2\/"},"modified":"2026-04-16T00:50:31","modified_gmt":"2026-04-15T22:50:31","slug":"ortovox-150-cool-logo-top-w-2","status":"publish","type":"product","link":"https:\/\/lucacastelli.com\/de\/produkt\/ortovox-150-cool-logo-top-w-2\/","title":{"rendered":"ORTOVOX 150 COOL LOGO TOP W"},"content":{"rendered":"<p>FRISCH UND ROBUST<\/p>\n<p>BEQUEMES UND STRAPAZIERF\u00c4HIGES MERINO-TOP MIT K\u00dcHLEFFEKT F\u00dcR ALPINE TOUREN<\/p>\n<p>HIGHLIGHTS<br \/>\nTemperatur- und Feuchtigkeitsregulierung<br \/>\nK\u00fchleffekt dank Tencel\u2122 Lyocell<br \/>\nLeicht und luftig mit lockerem Schnitt<\/p>\n<p>Stark, robust und mit nachhaltiger K\u00fchlfunktion: Dank des strapazierf\u00e4higen Garns und des nat\u00fcrlich k\u00fchlenden Effekts von Tencel\u2122 ist die 150 MERINO COOL Linie f\u00fcr Damen ideal f\u00fcr hei\u00dfe Sommertage in den Bergen.<\/p>\n<p>Die BETA-SPUN-Technologie verleiht dem MERINO COOL LOGO TOP die n\u00f6tige Stabilit\u00e4t: Eine sch\u00fctzende Polyamidh\u00fclle macht das Gewebe abrieb- und rei\u00dffest. Die feinen Merinowollfasern bieten gleichzeitig einzigartigen Komfort und sorgen f\u00fcr eine optimale K\u00f6rpertemperatur, w\u00e4hrend die Tencel\u2122-Fasern die Haut bei steigenden Temperaturen k\u00fchlen, dank ihrer glatten Oberfl\u00e4che und hohen Verdunstungsrate. <\/p>\n<p>Das 150 COOL LOGO TOP f\u00fcr Damen ist mit seinem weiten, l\u00e4ssigen Schnitt der perfekte Begleiter f\u00fcr hei\u00dfe Sommertage.<\/p>\n","protected":false},"excerpt":{"rendered":"<p>FRISCH UND ROBUST BEQUEMES UND STRAPAZIERF\u00c4HIGES MERINO-TOP MIT K\u00dcHLEFFEKT F\u00dcR ALPINE TOUREN HIGHLIGHTS Temperatur- und Feuchtigkeitsregulierung K\u00fchleffekt dank Tencel\u2122 Lyocell<\/p>\n","protected":false},"featured_media":518380,"template":"","meta":{"_seopress_robots_primary_cat":"none","_seopress_titles_title":"","_seopress_titles_desc":"","_seopress_robots_index":""},"product_brand":[3280],"product_cat":[21,189,200],"product_tag":[],"class_list":{"0":"post-518395","1":"product","2":"type-product","3":"status-publish","4":"has-post-thumbnail","6":"product_brand-ortovox","7":"product_cat-abbigliamento","8":"product_cat-abbigliamento-per-il-tempo-libero","9":"product_cat-abbigliamento-da-donna","10":"sws-gruppo-abb-libero-de","11":"sws-conto-ricavi-merci-rivendita-abbigliamento-de","12":"sws-gruppo-iva-iva81-de","14":"first","15":"instock","16":"shipping-taxable","17":"purchasable","18":"product-type-variable"},"_links":{"self":[{"href":"https:\/\/lucacastelli.com\/de\/wp-json\/wp\/v2\/product\/518395","targetHints":{"allow":["GET"]}}],"collection":[{"href":"https:\/\/lucacastelli.com\/de\/wp-json\/wp\/v2\/product"}],"about":[{"href":"https:\/\/lucacastelli.com\/de\/wp-json\/wp\/v2\/types\/product"}],"wp:featuredmedia":[{"embeddable":true,"href":"https:\/\/lucacastelli.com\/de\/wp-json\/wp\/v2\/media\/518380"}],"wp:attachment":[{"href":"https:\/\/lucacastelli.com\/de\/wp-json\/wp\/v2\/media?parent=518395"}],"wp:term":[{"taxonomy":"product_brand","embeddable":true,"href":"https:\/\/lucacastelli.com\/de\/wp-json\/wp\/v2\/product_brand?post=518395"},{"taxonomy":"product_cat","embeddable":true,"href":"https:\/\/lucacastelli.com\/de\/wp-json\/wp\/v2\/product_cat?post=518395"},{"taxonomy":"product_tag","embeddable":true,"href":"https:\/\/lucacastelli.com\/de\/wp-json\/wp\/v2\/product_tag?post=518395"}],"curies":[{"name":"wp","href":"https:\/\/api.w.org\/{rel}","templated":true}]}}