{"id":518367,"date":"2025-07-29T12:34:25","date_gmt":"2025-07-29T10:34:25","guid":{"rendered":"https:\/\/lucacastelli.com\/prodotto\/ortovox-berrino-pants-m-2\/"},"modified":"2026-04-01T01:51:42","modified_gmt":"2026-03-31T23:51:42","slug":"ortovox-berrino-pants-m-2","status":"publish","type":"product","link":"https:\/\/lucacastelli.com\/de\/produkt\/ortovox-berrino-pants-m-2\/","title":{"rendered":"ORTOVOX BERRINO HOSE M"},"content":{"rendered":"<p>EIN HOCHWERTIGER ALLROUNDER<\/p>\n<p>VIELSEITIGE, LEICHTE SOFTSHELL-HOSE MIT MERINOFUTTER, F\u00dcR SKIBERGSTEIGEN<\/p>\n<p>IN BEWEIS<\/p>\n<p>Ma\u00dfgeschneiderte Materialkombinationen<br \/>\nfunktionales und geradliniges Design<br \/>\nkomfortable K\u00f6rperanpassung durch Stretchmaterial-Eins\u00e4tze<\/p>\n<p>Die BERRINO PANT f\u00fcr Herren ist ein zuverl\u00e4ssiger und besonders vielseitiger Begleiter f\u00fcr aufregende Skitouren, bei denen das Wesentliche zu einer besseren Leistung beitr\u00e4gt.<\/p>\n<p>Das Futter aus tasmanischer Merinowolle sorgt mit seiner Netzstruktur f\u00fcr gute Isolierung und ein angenehmes Gef\u00fchl auf der Haut. Die Au\u00dfenseite ist abriebfest und sch\u00fctzt vor Wind und Wetter. Dank der sportlichen Passform und des bi-elastischen Stretchmaterials macht die ultraleichte Softshell-Hose jede Bewegung mit.  <\/p>\n<p>Durchdachte Details wie der abriebfeste SCHOELLER-Materialprotektor an besonders reibungstr\u00e4chtigen Stellen und der verstellbare Beinabschluss verleihen der ultraleichten Softshell-Hose eine klare und wesentliche Linie.<\/p>\n<p>Die BERRINO PANT f\u00fcr Herren schmiegt sich perfekt an den K\u00f6rper an und ist ein zuverl\u00e4ssiger Begleiter f\u00fcr den bestm\u00f6glichen Genuss einer Skitour.<\/p>\n","protected":false},"excerpt":{"rendered":"<p>EIN HOCHWERTIGER ALLROUNDER VIELSEITIGE, LEICHTE SOFTSHELL-HOSE MIT MERINOFUTTER, F\u00dcR SKIBERGSTEIGEN IN BEWEIS Ma\u00dfgeschneiderte Materialkombinationen funktionales und geradliniges Design komfortable K\u00f6rperanpassung<\/p>\n","protected":false},"featured_media":518360,"template":"","meta":{"_seopress_robots_primary_cat":"none","_seopress_titles_title":"","_seopress_titles_desc":"","_seopress_robots_index":""},"product_brand":[3280],"product_cat":[21,189,190],"product_tag":[],"class_list":{"0":"post-518367","1":"product","2":"type-product","3":"status-publish","4":"has-post-thumbnail","6":"product_brand-ortovox","7":"product_cat-abbigliamento","8":"product_cat-abbigliamento-per-il-tempo-libero","9":"product_cat-abbigliamento-da-uomo","10":"sws-gruppo-abb-libero-de","11":"sws-conto-ricavi-merci-rivendita-abbigliamento-de","12":"sws-gruppo-iva-iva81-de","14":"first","15":"instock","16":"shipping-taxable","17":"purchasable","18":"product-type-variable"},"_links":{"self":[{"href":"https:\/\/lucacastelli.com\/de\/wp-json\/wp\/v2\/product\/518367","targetHints":{"allow":["GET"]}}],"collection":[{"href":"https:\/\/lucacastelli.com\/de\/wp-json\/wp\/v2\/product"}],"about":[{"href":"https:\/\/lucacastelli.com\/de\/wp-json\/wp\/v2\/types\/product"}],"wp:featuredmedia":[{"embeddable":true,"href":"https:\/\/lucacastelli.com\/de\/wp-json\/wp\/v2\/media\/518360"}],"wp:attachment":[{"href":"https:\/\/lucacastelli.com\/de\/wp-json\/wp\/v2\/media?parent=518367"}],"wp:term":[{"taxonomy":"product_brand","embeddable":true,"href":"https:\/\/lucacastelli.com\/de\/wp-json\/wp\/v2\/product_brand?post=518367"},{"taxonomy":"product_cat","embeddable":true,"href":"https:\/\/lucacastelli.com\/de\/wp-json\/wp\/v2\/product_cat?post=518367"},{"taxonomy":"product_tag","embeddable":true,"href":"https:\/\/lucacastelli.com\/de\/wp-json\/wp\/v2\/product_tag?post=518367"}],"curies":[{"name":"wp","href":"https:\/\/api.w.org\/{rel}","templated":true}]}}