{"id":516213,"date":"2025-07-02T16:18:15","date_gmt":"2025-07-02T14:18:15","guid":{"rendered":"https:\/\/lucacastelli.com\/prodotto\/stihl-special-gummistiefel-fuer-kettensaegen\/"},"modified":"2025-07-02T16:18:15","modified_gmt":"2025-07-02T14:18:15","slug":"stihl-special-gummistiefel-fuer-kettensaegen","status":"publish","type":"product","link":"https:\/\/lucacastelli.com\/de\/produkt\/stihl-special-gummistiefel-fuer-kettensaegen\/","title":{"rendered":"STIHL SPECIAL Gummistiefel, f\u00fcr Kettens\u00e4gen"},"content":{"rendered":"<p>Profilierte Sohle mit gro\u00dfen Rillen, selbstreinigend, guter Halt. Gummischaft mit Schn\u00fcrung am Rand. Flexibles Band. Genoppte Sohle. Ristprofil. EN 17249, Schnittschutz 3 (= 28 m\/s).     <\/p>\n<p>Schnittschutzklasse<\/p>\n<p>&nbsp;<\/p>\n","protected":false},"excerpt":{"rendered":"<p>Profilierte Sohle mit gro\u00dfen Rillen, selbstreinigend, guter Halt. Gummischaft mit Schn\u00fcrung am Rand. Flexibles Band. Genoppte Sohle. Ristprofil. EN 17249,<\/p>\n","protected":false},"featured_media":438612,"template":"","meta":{"_seopress_robots_primary_cat":"none","_seopress_titles_title":"","_seopress_titles_desc":"","_seopress_robots_index":""},"product_brand":[3554],"product_cat":[1424,175],"product_tag":[3266],"class_list":{"0":"post-516213","1":"product","2":"type-product","3":"status-publish","4":"has-post-thumbnail","6":"product_brand-stihl-de","7":"product_cat-arbeitsschuhe","8":"product_cat-schuhe","9":"product_tag-import-stihl-de","10":"sws-conto-ricavi-merci-rivendita-calzature-de","11":"sws-gruppo-iva-iva81-de","13":"first","14":"instock","15":"sale","16":"shipping-taxable","17":"purchasable","18":"product-type-variable"},"_links":{"self":[{"href":"https:\/\/lucacastelli.com\/de\/wp-json\/wp\/v2\/product\/516213","targetHints":{"allow":["GET"]}}],"collection":[{"href":"https:\/\/lucacastelli.com\/de\/wp-json\/wp\/v2\/product"}],"about":[{"href":"https:\/\/lucacastelli.com\/de\/wp-json\/wp\/v2\/types\/product"}],"wp:featuredmedia":[{"embeddable":true,"href":"https:\/\/lucacastelli.com\/de\/wp-json\/wp\/v2\/media\/438612"}],"wp:attachment":[{"href":"https:\/\/lucacastelli.com\/de\/wp-json\/wp\/v2\/media?parent=516213"}],"wp:term":[{"taxonomy":"product_brand","embeddable":true,"href":"https:\/\/lucacastelli.com\/de\/wp-json\/wp\/v2\/product_brand?post=516213"},{"taxonomy":"product_cat","embeddable":true,"href":"https:\/\/lucacastelli.com\/de\/wp-json\/wp\/v2\/product_cat?post=516213"},{"taxonomy":"product_tag","embeddable":true,"href":"https:\/\/lucacastelli.com\/de\/wp-json\/wp\/v2\/product_tag?post=516213"}],"curies":[{"name":"wp","href":"https:\/\/api.w.org\/{rel}","templated":true}]}}