{"id":516110,"date":"2025-07-02T15:55:56","date_gmt":"2025-07-02T13:55:56","guid":{"rendered":"https:\/\/lucacastelli.com\/prodotto\/stihl-lederstiefel-dynamic-s3-fuer-kettensaegen\/"},"modified":"2025-07-02T15:55:56","modified_gmt":"2025-07-02T13:55:56","slug":"stihl-lederstiefel-dynamic-s3-fuer-kettensaegen","status":"publish","type":"product","link":"https:\/\/lucacastelli.com\/de\/produkt\/stihl-lederstiefel-dynamic-s3-fuer-kettensaegen\/","title":{"rendered":"STIHL Lederstiefel, DYNAMIC S3, f\u00fcr Kettens\u00e4gen"},"content":{"rendered":"<p>Futtermaterial aus hochwertigem, besonders wasserabweisendem Nubukleder. Einsetzbar in jeder Situation, z.B. auf Baustellen, braunes, besonders atmungsaktives Innenmaterial hilft, Feuchtigkeit nach au\u00dfen abzuleiten, gepolsterter Schaftrand, robuste Schn\u00fcrung mit Metallhaken, Schiebe\u00f6sen, herausnehmbare ergonomische Innensohle, Zwischensohle mit Stahldurchtrittsicherung und indirektem Schnittschutz, Zehenkappe mit abrieb- und verschlei\u00dffestem Schutz, sto\u00dfd\u00e4mpfende PU-Zwischensohle, hohe Rutschsicherheit durch rutschfeste Profilsohle, ideal f\u00fcr BGR 191. <\/p>\n<p>Schnittschutzklasse<br \/>\nPSA-Schutzklasse S3<\/p>\n","protected":false},"excerpt":{"rendered":"<p>Futtermaterial aus hochwertigem, besonders wasserabweisendem Nubukleder. Einsetzbar in jeder Situation, z.B. auf Baustellen, braunes, besonders atmungsaktives Innenmaterial hilft, Feuchtigkeit nach<\/p>\n","protected":false},"featured_media":438812,"template":"","meta":{"_seopress_robots_primary_cat":"none","_seopress_titles_title":"","_seopress_titles_desc":"","_seopress_robots_index":""},"product_brand":[3554],"product_cat":[175,1424],"product_tag":[3266],"class_list":{"0":"post-516110","1":"product","2":"type-product","3":"status-publish","4":"has-post-thumbnail","6":"product_brand-stihl-de","7":"product_cat-schuhe","8":"product_cat-arbeitsschuhe","9":"product_tag-import-stihl-de","10":"sws-conto-ricavi-merci-rivendita-calzature-de","11":"sws-gruppo-iva-iva81-de","13":"first","14":"instock","15":"sale","16":"shipping-taxable","17":"purchasable","18":"product-type-variable"},"_links":{"self":[{"href":"https:\/\/lucacastelli.com\/de\/wp-json\/wp\/v2\/product\/516110","targetHints":{"allow":["GET"]}}],"collection":[{"href":"https:\/\/lucacastelli.com\/de\/wp-json\/wp\/v2\/product"}],"about":[{"href":"https:\/\/lucacastelli.com\/de\/wp-json\/wp\/v2\/types\/product"}],"wp:featuredmedia":[{"embeddable":true,"href":"https:\/\/lucacastelli.com\/de\/wp-json\/wp\/v2\/media\/438812"}],"wp:attachment":[{"href":"https:\/\/lucacastelli.com\/de\/wp-json\/wp\/v2\/media?parent=516110"}],"wp:term":[{"taxonomy":"product_brand","embeddable":true,"href":"https:\/\/lucacastelli.com\/de\/wp-json\/wp\/v2\/product_brand?post=516110"},{"taxonomy":"product_cat","embeddable":true,"href":"https:\/\/lucacastelli.com\/de\/wp-json\/wp\/v2\/product_cat?post=516110"},{"taxonomy":"product_tag","embeddable":true,"href":"https:\/\/lucacastelli.com\/de\/wp-json\/wp\/v2\/product_tag?post=516110"}],"curies":[{"name":"wp","href":"https:\/\/api.w.org\/{rel}","templated":true}]}}