{"id":516085,"date":"2025-07-02T15:40:25","date_gmt":"2025-07-02T13:40:25","guid":{"rendered":"https:\/\/lucacastelli.com\/prodotto\/stihl-lederstiefel-dynamic-gtx-fuer-kettensaegen\/"},"modified":"2025-07-02T15:40:25","modified_gmt":"2025-07-02T13:40:25","slug":"stihl-lederstiefel-dynamic-gtx-fuer-kettensaegen","status":"publish","type":"product","link":"https:\/\/lucacastelli.com\/de\/produkt\/stihl-lederstiefel-dynamic-gtx-fuer-kettensaegen\/","title":{"rendered":"STIHL Lederstiefel, Dynamic GTX, f\u00fcr Kettens\u00e4gen"},"content":{"rendered":"<p>Wasserabweisendes Obermaterial aus Leder kombiniert mit wasserdichter und atmungsaktiver GORE-TEX\u00ae Extended Comfort Membran. Hoher Tragekomfort durch weiche, ergonomische Einlegesohle, leicht verschiebbare \u00d6sen, verschlei\u00dffester Zehenschutz und abriebfeste<br \/>\n, hohe Bewegungssicherheit durch rutschfeste Profilsohle, reflektierende Eins\u00e4tze f\u00fcr erh\u00f6hte Sicherheit. <\/p>\n<p>Schnittschutzklasse<br \/>\nPSA-Schutzklasse S2<\/p>\n","protected":false},"excerpt":{"rendered":"<p>Wasserabweisendes Obermaterial aus Leder kombiniert mit wasserdichter und atmungsaktiver GORE-TEX\u00ae Extended Comfort Membran. Hoher Tragekomfort durch weiche, ergonomische Einlegesohle, leicht<\/p>\n","protected":false},"featured_media":438868,"template":"","meta":{"_seopress_robots_primary_cat":"none","_seopress_titles_title":"","_seopress_titles_desc":"","_seopress_robots_index":""},"product_brand":[3554],"product_cat":[175,1424],"product_tag":[3266],"class_list":{"0":"post-516085","1":"product","2":"type-product","3":"status-publish","4":"has-post-thumbnail","6":"product_brand-stihl-de","7":"product_cat-schuhe","8":"product_cat-arbeitsschuhe","9":"product_tag-import-stihl-de","10":"sws-conto-ricavi-merci-rivendita-calzature-de","11":"sws-gruppo-iva-iva81-de","13":"first","14":"instock","15":"sale","16":"shipping-taxable","17":"purchasable","18":"product-type-variable"},"_links":{"self":[{"href":"https:\/\/lucacastelli.com\/de\/wp-json\/wp\/v2\/product\/516085","targetHints":{"allow":["GET"]}}],"collection":[{"href":"https:\/\/lucacastelli.com\/de\/wp-json\/wp\/v2\/product"}],"about":[{"href":"https:\/\/lucacastelli.com\/de\/wp-json\/wp\/v2\/types\/product"}],"wp:featuredmedia":[{"embeddable":true,"href":"https:\/\/lucacastelli.com\/de\/wp-json\/wp\/v2\/media\/438868"}],"wp:attachment":[{"href":"https:\/\/lucacastelli.com\/de\/wp-json\/wp\/v2\/media?parent=516085"}],"wp:term":[{"taxonomy":"product_brand","embeddable":true,"href":"https:\/\/lucacastelli.com\/de\/wp-json\/wp\/v2\/product_brand?post=516085"},{"taxonomy":"product_cat","embeddable":true,"href":"https:\/\/lucacastelli.com\/de\/wp-json\/wp\/v2\/product_cat?post=516085"},{"taxonomy":"product_tag","embeddable":true,"href":"https:\/\/lucacastelli.com\/de\/wp-json\/wp\/v2\/product_tag?post=516085"}],"curies":[{"name":"wp","href":"https:\/\/api.w.org\/{rel}","templated":true}]}}