{"id":516064,"date":"2025-07-02T16:14:19","date_gmt":"2025-07-02T14:14:19","guid":{"rendered":"https:\/\/lucacastelli.com\/prodotto\/stihl-function-gummistiefel-fuer-kettensaegen\/"},"modified":"2025-07-02T16:14:19","modified_gmt":"2025-07-02T14:14:19","slug":"stihl-function-gummistiefel-fuer-kettensaegen","status":"publish","type":"product","link":"https:\/\/lucacastelli.com\/de\/produkt\/stihl-function-gummistiefel-fuer-kettensaegen\/","title":{"rendered":"STIHL FUNCTION Gummistiefel, f\u00fcr Kettens\u00e4gen"},"content":{"rendered":"<p>EN ISO 17249, Klasse 1 (entspricht 20 m\/sec), f\u00fcr Arbeiten mit Kettens\u00e4gen, Gummisohle mit gro\u00dfen Rillen und gutem Grip, verstellbarer, gef\u00fctterter Stiefel, Fersenschutz.<\/p>\n<p>&nbsp;<\/p>\n<p>&nbsp;<\/p>\n","protected":false},"excerpt":{"rendered":"<p>EN ISO 17249, Klasse 1 (entspricht 20 m\/sec), f\u00fcr Arbeiten mit Kettens\u00e4gen, Gummisohle mit gro\u00dfen Rillen und gutem Grip, verstellbarer,<\/p>\n","protected":false},"featured_media":438668,"template":"","meta":{"_seopress_robots_primary_cat":"none","_seopress_titles_title":"","_seopress_titles_desc":"","_seopress_robots_index":""},"product_brand":[3554],"product_cat":[1424,175],"product_tag":[3266],"class_list":{"0":"post-516064","1":"product","2":"type-product","3":"status-publish","4":"has-post-thumbnail","6":"product_brand-stihl-de","7":"product_cat-arbeitsschuhe","8":"product_cat-schuhe","9":"product_tag-import-stihl-de","10":"sws-conto-ricavi-merci-rivendita-calzature-de","11":"sws-gruppo-iva-iva81-de","13":"first","14":"instock","15":"sale","16":"shipping-taxable","17":"purchasable","18":"product-type-variable"},"_links":{"self":[{"href":"https:\/\/lucacastelli.com\/de\/wp-json\/wp\/v2\/product\/516064","targetHints":{"allow":["GET"]}}],"collection":[{"href":"https:\/\/lucacastelli.com\/de\/wp-json\/wp\/v2\/product"}],"about":[{"href":"https:\/\/lucacastelli.com\/de\/wp-json\/wp\/v2\/types\/product"}],"wp:featuredmedia":[{"embeddable":true,"href":"https:\/\/lucacastelli.com\/de\/wp-json\/wp\/v2\/media\/438668"}],"wp:attachment":[{"href":"https:\/\/lucacastelli.com\/de\/wp-json\/wp\/v2\/media?parent=516064"}],"wp:term":[{"taxonomy":"product_brand","embeddable":true,"href":"https:\/\/lucacastelli.com\/de\/wp-json\/wp\/v2\/product_brand?post=516064"},{"taxonomy":"product_cat","embeddable":true,"href":"https:\/\/lucacastelli.com\/de\/wp-json\/wp\/v2\/product_cat?post=516064"},{"taxonomy":"product_tag","embeddable":true,"href":"https:\/\/lucacastelli.com\/de\/wp-json\/wp\/v2\/product_tag?post=516064"}],"curies":[{"name":"wp","href":"https:\/\/api.w.org\/{rel}","templated":true}]}}