{"id":516029,"date":"2025-07-02T15:04:06","date_gmt":"2025-07-02T13:04:06","guid":{"rendered":"https:\/\/lucacastelli.com\/prodotto\/stihl-legs-function-core-270\/"},"modified":"2025-07-02T15:04:06","modified_gmt":"2025-07-02T13:04:06","slug":"stihl-legs-function-core-270","status":"publish","type":"product","link":"https:\/\/lucacastelli.com\/de\/produkt\/stihl-legs-function-core-270\/","title":{"rendered":"STIHL LEGS FUNCTION Core 270\u00b0"},"content":{"rendered":"<p>F\u00fcr den gelegentlichen Einsatz mit der Kettens\u00e4ge einfach \u00fcber der Arbeitshose tragen, anziehen und loslegen. Farbe Anthrazit und Orange mit Jeans-Optik. Erh\u00f6hter Tragekomfort durch elastische Hosentr\u00e4ger, leicht und atmungsaktiv, reflektierendes STIHL Logo auf der rechten Seite, erweiterter Schnittschutzbereich.\/ppAu\u00dfenmaterial: 100 % recyceltes Polyester, Au\u00dfenmaterial schwarz: 55 % Elastomultiester T400\u00ae \/ 45 % Polyester, Futter: 100 % recyceltes Polyester, Schnittschutz: 100 % recyceltes Polyester<\/p>\n<p>Schnittschutzklasse 1<br \/>\nBeinschutzl\u00e4nge<\/p>\n","protected":false},"excerpt":{"rendered":"<p>F\u00fcr den gelegentlichen Einsatz mit der Kettens\u00e4ge einfach \u00fcber der Arbeitshose tragen, anziehen und loslegen. Farbe Anthrazit und Orange mit<\/p>\n","protected":false},"featured_media":436726,"template":"","meta":{"_seopress_robots_primary_cat":"none","_seopress_titles_title":"","_seopress_titles_desc":"","_seopress_robots_index":""},"product_brand":[3554],"product_cat":[1382,82],"product_tag":[3266],"class_list":{"0":"post-516029","1":"product","2":"type-product","3":"status-publish","4":"has-post-thumbnail","6":"product_brand-stihl-de","7":"product_cat-arbeitskleidung","8":"product_cat-kleidung","9":"product_tag-import-stihl-de","10":"sws-gruppo-abb-libero-de","11":"sws-conto-ricavi-merci-rivendita-abbigliamento-de","12":"sws-gruppo-iva-iva81-de","14":"first","15":"instock","16":"sale","17":"shipping-taxable","18":"purchasable","19":"product-type-variable"},"_links":{"self":[{"href":"https:\/\/lucacastelli.com\/de\/wp-json\/wp\/v2\/product\/516029","targetHints":{"allow":["GET"]}}],"collection":[{"href":"https:\/\/lucacastelli.com\/de\/wp-json\/wp\/v2\/product"}],"about":[{"href":"https:\/\/lucacastelli.com\/de\/wp-json\/wp\/v2\/types\/product"}],"wp:featuredmedia":[{"embeddable":true,"href":"https:\/\/lucacastelli.com\/de\/wp-json\/wp\/v2\/media\/436726"}],"wp:attachment":[{"href":"https:\/\/lucacastelli.com\/de\/wp-json\/wp\/v2\/media?parent=516029"}],"wp:term":[{"taxonomy":"product_brand","embeddable":true,"href":"https:\/\/lucacastelli.com\/de\/wp-json\/wp\/v2\/product_brand?post=516029"},{"taxonomy":"product_cat","embeddable":true,"href":"https:\/\/lucacastelli.com\/de\/wp-json\/wp\/v2\/product_cat?post=516029"},{"taxonomy":"product_tag","embeddable":true,"href":"https:\/\/lucacastelli.com\/de\/wp-json\/wp\/v2\/product_tag?post=516029"}],"curies":[{"name":"wp","href":"https:\/\/api.w.org\/{rel}","templated":true}]}}