{"id":515163,"date":"2025-07-02T13:09:14","date_gmt":"2025-07-02T11:09:14","guid":{"rendered":"https:\/\/lucacastelli.com\/prodotto\/stihl-advance-flextec-dac1-hose\/"},"modified":"2025-07-02T13:09:14","modified_gmt":"2025-07-02T11:09:14","slug":"stihl-advance-flextec-dac1-hose","status":"publish","type":"product","link":"https:\/\/lucacastelli.com\/de\/produkt\/stihl-advance-flextec-dac1-hose\/","title":{"rendered":"STIHL ADVANCE FlexTEC dAc1-Hose"},"content":{"rendered":"<p>Schnittschutzhose f\u00fcr die professionelle Forstarbeit und Baumpflege. Hervorragender Tragekomfort durch besonders leichtes, atmungsaktives AVERTIC pro lite+ Schnittschutzmaterial, das exklusiv f\u00fcr STIHL entwickelt wurde. Die Hose ist elastisch im Oberstoff und garantiert mehr Bewegungsfreiheit. Verstellbarer Bund, Bel\u00fcftungs\u00f6ffnungen mit Rei\u00dfverschluss. Viele praktische Rei\u00dfverschlusstaschen. Zeckenschutz mit atmungsaktiver Gamasche. Robuste, wasserabweisende Materialien. Viele in Signalorange und reflektierende Details f\u00fcr gute Sichtbarkeit.nbsp;Schnittschutzstufe 1, Ausf\u00fchrung A (EN ISO 11393)<\/p>\n<p>Schnittschutzklasse 1<\/p>\n","protected":false},"excerpt":{"rendered":"<p>Schnittschutzhose f\u00fcr die professionelle Forstarbeit und Baumpflege. Hervorragender Tragekomfort durch besonders leichtes, atmungsaktives AVERTIC pro lite+ Schnittschutzmaterial, das exklusiv f\u00fcr<\/p>\n","protected":false},"featured_media":514975,"template":"","meta":{"_seopress_robots_primary_cat":"none","_seopress_titles_title":"","_seopress_titles_desc":"","_seopress_robots_index":""},"product_brand":[3554],"product_cat":[1382,82],"product_tag":[3266],"class_list":{"0":"post-515163","1":"product","2":"type-product","3":"status-publish","4":"has-post-thumbnail","6":"product_brand-stihl-de","7":"product_cat-arbeitskleidung","8":"product_cat-kleidung","9":"product_tag-import-stihl-de","10":"sws-conto-ricavi-merci-rivendita-abbigliamento-de","11":"sws-gruppo-iva-iva81-de","13":"first","14":"instock","15":"sale","16":"shipping-taxable","17":"purchasable","18":"product-type-variable"},"_links":{"self":[{"href":"https:\/\/lucacastelli.com\/de\/wp-json\/wp\/v2\/product\/515163","targetHints":{"allow":["GET"]}}],"collection":[{"href":"https:\/\/lucacastelli.com\/de\/wp-json\/wp\/v2\/product"}],"about":[{"href":"https:\/\/lucacastelli.com\/de\/wp-json\/wp\/v2\/types\/product"}],"wp:featuredmedia":[{"embeddable":true,"href":"https:\/\/lucacastelli.com\/de\/wp-json\/wp\/v2\/media\/514975"}],"wp:attachment":[{"href":"https:\/\/lucacastelli.com\/de\/wp-json\/wp\/v2\/media?parent=515163"}],"wp:term":[{"taxonomy":"product_brand","embeddable":true,"href":"https:\/\/lucacastelli.com\/de\/wp-json\/wp\/v2\/product_brand?post=515163"},{"taxonomy":"product_cat","embeddable":true,"href":"https:\/\/lucacastelli.com\/de\/wp-json\/wp\/v2\/product_cat?post=515163"},{"taxonomy":"product_tag","embeddable":true,"href":"https:\/\/lucacastelli.com\/de\/wp-json\/wp\/v2\/product_tag?post=515163"}],"curies":[{"name":"wp","href":"https:\/\/api.w.org\/{rel}","templated":true}]}}