{"id":515076,"date":"2025-07-02T12:56:13","date_gmt":"2025-07-02T10:56:13","guid":{"rendered":"https:\/\/lucacastelli.com\/prodotto\/stihl-hose-function-core\/"},"modified":"2025-08-06T09:57:01","modified_gmt":"2025-08-06T07:57:01","slug":"stihl-hose-function-core","status":"publish","type":"product","link":"https:\/\/lucacastelli.com\/de\/produkt\/stihl-hose-function-core\/","title":{"rendered":"STIHL Hose, FUNCTION Core"},"content":{"rendered":"<p>pMix aus funktionellen Materialien, der Bewegungsfreiheit und Komfort vereint. Die Hose ist leicht und bequem. Angenehmes K\u00f6rperklima durch atmungsaktives Innenfutter und Bel\u00fcftungsmaterial auf der R\u00fcckseite der Oberschenkel. Lendenschutz, elastischer Bund und praktische Taschen. Reflektierende Elemente und asymmetrische Eins\u00e4tze in Anthrazit, Schwarz und Signalorange geben der Hose ein auff\u00e4lliges Design. Material teilweise aus recyceltem Polyester.\/p<\/p>\n<p>Schnittschutzklasse 1<\/p>\n","protected":false},"excerpt":{"rendered":"<p>pMix aus funktionellen Materialien, der Bewegungsfreiheit und Komfort vereint. Die Hose ist leicht und bequem. Angenehmes K\u00f6rperklima durch atmungsaktives Innenfutter<\/p>\n","protected":false},"featured_media":514948,"template":"","meta":{"_seopress_robots_primary_cat":"none","_seopress_titles_title":"","_seopress_titles_desc":"","_seopress_robots_index":""},"product_brand":[3554],"product_cat":[82,1382],"product_tag":[3266],"class_list":{"0":"post-515076","1":"product","2":"type-product","3":"status-publish","4":"has-post-thumbnail","6":"product_brand-stihl-de","7":"product_cat-kleidung","8":"product_cat-arbeitskleidung","9":"product_tag-import-stihl-de","10":"sws-gruppo-abb-libero-de","11":"sws-conto-ricavi-merci-rivendita-abbigliamento-de","12":"sws-gruppo-iva-iva81-de","14":"first","15":"instock","16":"sale","17":"shipping-taxable","18":"purchasable","19":"product-type-variable"},"_links":{"self":[{"href":"https:\/\/lucacastelli.com\/de\/wp-json\/wp\/v2\/product\/515076","targetHints":{"allow":["GET"]}}],"collection":[{"href":"https:\/\/lucacastelli.com\/de\/wp-json\/wp\/v2\/product"}],"about":[{"href":"https:\/\/lucacastelli.com\/de\/wp-json\/wp\/v2\/types\/product"}],"wp:featuredmedia":[{"embeddable":true,"href":"https:\/\/lucacastelli.com\/de\/wp-json\/wp\/v2\/media\/514948"}],"wp:attachment":[{"href":"https:\/\/lucacastelli.com\/de\/wp-json\/wp\/v2\/media?parent=515076"}],"wp:term":[{"taxonomy":"product_brand","embeddable":true,"href":"https:\/\/lucacastelli.com\/de\/wp-json\/wp\/v2\/product_brand?post=515076"},{"taxonomy":"product_cat","embeddable":true,"href":"https:\/\/lucacastelli.com\/de\/wp-json\/wp\/v2\/product_cat?post=515076"},{"taxonomy":"product_tag","embeddable":true,"href":"https:\/\/lucacastelli.com\/de\/wp-json\/wp\/v2\/product_tag?post=515076"}],"curies":[{"name":"wp","href":"https:\/\/api.w.org\/{rel}","templated":true}]}}