{"id":515039,"date":"2025-07-02T12:41:09","date_gmt":"2025-07-02T10:41:09","guid":{"rendered":"https:\/\/lucacastelli.com\/prodotto\/stihl-jacke-advance-shelltec\/"},"modified":"2025-07-02T12:41:09","modified_gmt":"2025-07-02T10:41:09","slug":"stihl-jacke-advance-shelltec","status":"publish","type":"product","link":"https:\/\/lucacastelli.com\/de\/produkt\/stihl-jacke-advance-shelltec\/","title":{"rendered":"STIHL Jacke, ADVANCE ShellTEC"},"content":{"rendered":"<p>Leichte, atmungsaktive und wasserabweisende Jacke f\u00fcr Forstarbeiten, Baumklettern, Garten- und Landschaftsbau bei k\u00fchleren Temperaturen. Schwarze Bereiche sind wasserabweisend und luftdurchl\u00e4ssig, orangefarbene Bereiche sind wasserdicht und atmungsaktiv. Elastisches Material f\u00fcr hohe Bewegungsfreiheit, verstellbare Bel\u00fcftungs\u00f6ffnungen mit Rei\u00dfverschluss unter den Armen. Vorgeformte Ellbogen mit Abrieb- und Dornenschutz. 2 Brusttaschen und 2 Seitentaschen, eine \u00c4rmeltasche, jeweils mit Rei\u00dfverschl\u00fcssen. Hervorragende Sichtbarkeit dank hochsichtbarer oranger Farbe und reflektierender Details.     <\/p>\n<p>&nbsp;<\/p>\n<p>&nbsp;<\/p>\n","protected":false},"excerpt":{"rendered":"<p>Leichte, atmungsaktive und wasserabweisende Jacke f\u00fcr Forstarbeiten, Baumklettern, Garten- und Landschaftsbau bei k\u00fchleren Temperaturen. Schwarze Bereiche sind wasserabweisend und luftdurchl\u00e4ssig,<\/p>\n","protected":false},"featured_media":514923,"template":"","meta":{"_seopress_robots_primary_cat":"none","_seopress_titles_title":"","_seopress_titles_desc":"","_seopress_robots_index":""},"product_brand":[3366],"product_cat":[21,284],"product_tag":[3265],"class_list":{"0":"post-515039","1":"product","2":"type-product","3":"status-publish","4":"has-post-thumbnail","6":"product_brand-stihl","7":"product_cat-abbigliamento","8":"product_cat-abbigliamento-da-lavoro","9":"product_tag-import-stihl","10":"sws-conto-ricavi-merci-rivendita-abbigliamento-de","11":"sws-gruppo-iva-iva81-de","13":"first","14":"instock","15":"sale","16":"shipping-taxable","17":"purchasable","18":"product-type-variable"},"_links":{"self":[{"href":"https:\/\/lucacastelli.com\/de\/wp-json\/wp\/v2\/product\/515039","targetHints":{"allow":["GET"]}}],"collection":[{"href":"https:\/\/lucacastelli.com\/de\/wp-json\/wp\/v2\/product"}],"about":[{"href":"https:\/\/lucacastelli.com\/de\/wp-json\/wp\/v2\/types\/product"}],"wp:featuredmedia":[{"embeddable":true,"href":"https:\/\/lucacastelli.com\/de\/wp-json\/wp\/v2\/media\/514923"}],"wp:attachment":[{"href":"https:\/\/lucacastelli.com\/de\/wp-json\/wp\/v2\/media?parent=515039"}],"wp:term":[{"taxonomy":"product_brand","embeddable":true,"href":"https:\/\/lucacastelli.com\/de\/wp-json\/wp\/v2\/product_brand?post=515039"},{"taxonomy":"product_cat","embeddable":true,"href":"https:\/\/lucacastelli.com\/de\/wp-json\/wp\/v2\/product_cat?post=515039"},{"taxonomy":"product_tag","embeddable":true,"href":"https:\/\/lucacastelli.com\/de\/wp-json\/wp\/v2\/product_tag?post=515039"}],"curies":[{"name":"wp","href":"https:\/\/api.w.org\/{rel}","templated":true}]}}