{"id":514812,"date":"2025-07-02T11:27:28","date_gmt":"2025-07-02T09:27:28","guid":{"rendered":"https:\/\/lucacastelli.com\/prodotto\/stihl-protect-ms-sicherheits-und-warnhosen\/"},"modified":"2025-07-02T11:27:28","modified_gmt":"2025-07-02T09:27:28","slug":"stihl-protect-ms-sicherheits-und-warnhosen","status":"publish","type":"product","link":"https:\/\/lucacastelli.com\/de\/produkt\/stihl-protect-ms-sicherheits-und-warnhosen\/","title":{"rendered":"STIHL PROTECT MS Sicherheits- und Warnhosen"},"content":{"rendered":"<p>Robuste Schutzhose aus funktionellem Mischmaterial. Farbe: signalorange, signalgelb und schwarz. Obermaterial und Futter: 100 % Polyester. Robustes Material: 65 % Polyester und 35 % Baumwolle. Bel\u00fcftungsmaterial am hinteren Oberschenkel, robustes Material an Knien und Unterschenkeln. Zwei Seitentaschen, eine Ges\u00e4\u00dftasche, eine Metertasche, Lendenschutz, kn\u00f6pfbarer Latz mit Tasche und hohem Antihypothermie-R\u00fccken, hoher Sichtschutz nach EN 20471 Klasse 2, Schnittschutz nach EN 381, Schutzklasse 1 (= 20 m\/s), Design A. Gebrauchswertbescheinigung KWF liegt vor.     <\/p>\n<p>&nbsp;<\/p>\n<p>&nbsp;<\/p>\n","protected":false},"excerpt":{"rendered":"<p>Robuste Schutzhose aus funktionellem Mischmaterial. Farbe: signalorange, signalgelb und schwarz. Obermaterial und Futter: 100 % Polyester. Robustes Material: 65 %<\/p>\n","protected":false},"featured_media":514294,"template":"","meta":{"_seopress_robots_primary_cat":"none","_seopress_titles_title":"","_seopress_titles_desc":"","_seopress_robots_index":""},"product_brand":[3554],"product_cat":[1382,82],"product_tag":[3266],"class_list":{"0":"post-514812","1":"product","2":"type-product","3":"status-publish","4":"has-post-thumbnail","6":"product_brand-stihl-de","7":"product_cat-arbeitskleidung","8":"product_cat-kleidung","9":"product_tag-import-stihl-de","10":"sws-conto-ricavi-merci-rivendita-abbigliamento-de","11":"sws-gruppo-iva-iva81-de","13":"first","14":"instock","15":"sale","16":"shipping-taxable","17":"purchasable","18":"product-type-variable"},"_links":{"self":[{"href":"https:\/\/lucacastelli.com\/de\/wp-json\/wp\/v2\/product\/514812","targetHints":{"allow":["GET"]}}],"collection":[{"href":"https:\/\/lucacastelli.com\/de\/wp-json\/wp\/v2\/product"}],"about":[{"href":"https:\/\/lucacastelli.com\/de\/wp-json\/wp\/v2\/types\/product"}],"wp:featuredmedia":[{"embeddable":true,"href":"https:\/\/lucacastelli.com\/de\/wp-json\/wp\/v2\/media\/514294"}],"wp:attachment":[{"href":"https:\/\/lucacastelli.com\/de\/wp-json\/wp\/v2\/media?parent=514812"}],"wp:term":[{"taxonomy":"product_brand","embeddable":true,"href":"https:\/\/lucacastelli.com\/de\/wp-json\/wp\/v2\/product_brand?post=514812"},{"taxonomy":"product_cat","embeddable":true,"href":"https:\/\/lucacastelli.com\/de\/wp-json\/wp\/v2\/product_cat?post=514812"},{"taxonomy":"product_tag","embeddable":true,"href":"https:\/\/lucacastelli.com\/de\/wp-json\/wp\/v2\/product_tag?post=514812"}],"curies":[{"name":"wp","href":"https:\/\/api.w.org\/{rel}","templated":true}]}}