{"id":514711,"date":"2025-07-25T11:37:19","date_gmt":"2025-07-25T09:37:19","guid":{"rendered":"https:\/\/lucacastelli.com\/prodotto\/pfanner-wooltec-janker-waldgruen\/"},"modified":"2026-04-16T01:17:34","modified_gmt":"2026-04-15T23:17:34","slug":"pfanner-wooltec-janker-waldgruen","status":"publish","type":"product","link":"https:\/\/lucacastelli.com\/de\/produkt\/pfanner-wooltec-janker-waldgruen\/","title":{"rendered":"PFANNER Wooltec Janker Waldgr\u00fcn"},"content":{"rendered":"<p>Die ger\u00e4uscharmen Eigenschaften machen den Wooltec Janker perfekt f\u00fcr die Jagd, wenn es darauf ankommt, sich lautlos zu bewegen. Aber auch bei anderen Outdoor-Aktivit\u00e4ten ist der Wooltec Janker ein idealer Begleiter. So bewahren Sie den Komfort, ohne K\u00f6rperw\u00e4rme zu verlieren. Der hohe Kragen verhindert das Eindringen von Schmutz und sch\u00fctzt zus\u00e4tzlich vor Windb\u00f6en. Der Wooltec Janker besteht aus 100 % Merinowolle. Diese Wolle nimmt keine Ger\u00fcche an und kratzt nicht auf der Haut. Der Rei\u00dfverschluss ist zudem mit einem Kinnschutz ausgestattet, um Reibung zu vermeiden. Ausgestattet mit einer praktischen \u00c4rmeltasche und unserer funktionellen, funkwellenabweisenden Brusttasche, ist diese Jacke wirklich komplett.<br \/>\n&#8211; Hochwertige Merinowolle<br \/>\n&#8211; Geruchsneutral<br \/>\n&#8211; Wasserabweisende Verst\u00e4rkungen an Schultern und Ellbogen<br \/>\nGer\u00e4uscharm<br \/>\n&#8211; 100 % membranfrei<br \/>\n&#8211; Zipp2Zipp\u00ae Brusttasche<br \/>\n&#8211; Schwarzes Modell mit Kapuze       <\/p>\n<p>&nbsp;<\/p>\n<p>Material:<br \/>\nObermaterial: 100 % Merinowolle<br \/>\nBesatz: 100 % Polyamid<\/p>\n","protected":false},"excerpt":{"rendered":"<p>Die ger\u00e4uscharmen Eigenschaften machen den Wooltec Janker perfekt f\u00fcr die Jagd, wenn es darauf ankommt, sich lautlos zu bewegen. Aber<\/p>\n","protected":false},"featured_media":512103,"template":"","meta":{"_seopress_robots_primary_cat":"none","_seopress_titles_title":"","_seopress_titles_desc":"","_seopress_robots_index":""},"product_brand":[3670],"product_cat":[82,974,975],"product_tag":[],"class_list":{"0":"post-514711","1":"product","2":"type-product","3":"status-publish","4":"has-post-thumbnail","6":"product_brand-pfanner-de","7":"product_cat-kleidung","8":"product_cat-freizeitkleidung","9":"product_cat-herrenbekleidung","10":"sws-gruppo-no-gruppo-de","11":"sws-conto-ricavi-merci-rivendita-abbigliamento-de","12":"sws-gruppo-iva-iva81-de","14":"first","15":"instock","16":"shipping-taxable","17":"purchasable","18":"product-type-variable","19":"has-default-attributes"},"_links":{"self":[{"href":"https:\/\/lucacastelli.com\/de\/wp-json\/wp\/v2\/product\/514711","targetHints":{"allow":["GET"]}}],"collection":[{"href":"https:\/\/lucacastelli.com\/de\/wp-json\/wp\/v2\/product"}],"about":[{"href":"https:\/\/lucacastelli.com\/de\/wp-json\/wp\/v2\/types\/product"}],"wp:featuredmedia":[{"embeddable":true,"href":"https:\/\/lucacastelli.com\/de\/wp-json\/wp\/v2\/media\/512103"}],"wp:attachment":[{"href":"https:\/\/lucacastelli.com\/de\/wp-json\/wp\/v2\/media?parent=514711"}],"wp:term":[{"taxonomy":"product_brand","embeddable":true,"href":"https:\/\/lucacastelli.com\/de\/wp-json\/wp\/v2\/product_brand?post=514711"},{"taxonomy":"product_cat","embeddable":true,"href":"https:\/\/lucacastelli.com\/de\/wp-json\/wp\/v2\/product_cat?post=514711"},{"taxonomy":"product_tag","embeddable":true,"href":"https:\/\/lucacastelli.com\/de\/wp-json\/wp\/v2\/product_tag?post=514711"}],"curies":[{"name":"wp","href":"https:\/\/api.w.org\/{rel}","templated":true}]}}