{"id":514710,"date":"2025-07-25T09:01:06","date_gmt":"2025-07-25T07:01:06","guid":{"rendered":"https:\/\/lucacastelli.com\/prodotto\/stihl-fs-3protect-sicherheitshose\/"},"modified":"2025-07-25T09:01:06","modified_gmt":"2025-07-25T07:01:06","slug":"stihl-fs-3protect-sicherheitshose","status":"publish","type":"product","link":"https:\/\/lucacastelli.com\/de\/produkt\/stihl-fs-3protect-sicherheitshose\/","title":{"rendered":"STIHL FS 3PROTECT Sicherheitshose"},"content":{"rendered":"<p>Trimmerhose mit Dreifachfunktion: Schutz gegen Wasser, Dornen und St\u00f6\u00dfe. Hohe Atmungsaktivit\u00e4t, robustes Obermaterial im Vintage-Stil. Obermaterial aus Baumwolle und 18% strapazierf\u00e4higem Stretch. Rei\u00dfverschl\u00fcsse zur Bel\u00fcftung auf der R\u00fcckseite der Oberschenkel. Zwei H\u00fcfttaschen mit Rei\u00dfverschluss, Ges\u00e4\u00dftasche, Zollstocktasche auf der rechten Seite. Oberschenkeltasche mit integriertem Handyfach auf der linken Seite. FS-Leggings mit Knieschutz f\u00fcr spezielle Eins\u00e4tze. Keine Druckstellen mit Kutterg\u00fcrtel, dank Hosentr\u00e4ger und spezieller Konstruktion.       <\/p>\n<p>&nbsp;<\/p>\n<p>&nbsp;<\/p>\n","protected":false},"excerpt":{"rendered":"<p>Trimmerhose mit Dreifachfunktion: Schutz gegen Wasser, Dornen und St\u00f6\u00dfe. Hohe Atmungsaktivit\u00e4t, robustes Obermaterial im Vintage-Stil. Obermaterial aus Baumwolle und 18%<\/p>\n","protected":false},"featured_media":514160,"template":"","meta":{"_seopress_robots_primary_cat":"none","_seopress_titles_title":"","_seopress_titles_desc":"","_seopress_robots_index":""},"product_brand":[3366],"product_cat":[21,284],"product_tag":[3265],"class_list":{"0":"post-514710","1":"product","2":"type-product","3":"status-publish","4":"has-post-thumbnail","6":"product_brand-stihl","7":"product_cat-abbigliamento","8":"product_cat-abbigliamento-da-lavoro","9":"product_tag-import-stihl","10":"sws-conto-ricavi-merci-rivendita-abbigliamento-de","11":"sws-gruppo-iva-iva81-de","13":"first","14":"instock","15":"sale","16":"shipping-taxable","17":"purchasable","18":"product-type-variable"},"_links":{"self":[{"href":"https:\/\/lucacastelli.com\/de\/wp-json\/wp\/v2\/product\/514710","targetHints":{"allow":["GET"]}}],"collection":[{"href":"https:\/\/lucacastelli.com\/de\/wp-json\/wp\/v2\/product"}],"about":[{"href":"https:\/\/lucacastelli.com\/de\/wp-json\/wp\/v2\/types\/product"}],"wp:featuredmedia":[{"embeddable":true,"href":"https:\/\/lucacastelli.com\/de\/wp-json\/wp\/v2\/media\/514160"}],"wp:attachment":[{"href":"https:\/\/lucacastelli.com\/de\/wp-json\/wp\/v2\/media?parent=514710"}],"wp:term":[{"taxonomy":"product_brand","embeddable":true,"href":"https:\/\/lucacastelli.com\/de\/wp-json\/wp\/v2\/product_brand?post=514710"},{"taxonomy":"product_cat","embeddable":true,"href":"https:\/\/lucacastelli.com\/de\/wp-json\/wp\/v2\/product_cat?post=514710"},{"taxonomy":"product_tag","embeddable":true,"href":"https:\/\/lucacastelli.com\/de\/wp-json\/wp\/v2\/product_tag?post=514710"}],"curies":[{"name":"wp","href":"https:\/\/api.w.org\/{rel}","templated":true}]}}