{"id":514604,"date":"2025-07-24T22:40:43","date_gmt":"2025-07-24T20:40:43","guid":{"rendered":"https:\/\/lucacastelli.com\/prodotto\/pfanner-canvas-shorts-flasche-gruen-schwarz\/"},"modified":"2026-04-16T01:18:13","modified_gmt":"2026-04-15T23:18:13","slug":"pfanner-canvas-shorts-flasche-gruen-schwarz","status":"publish","type":"product","link":"https:\/\/lucacastelli.com\/de\/produkt\/pfanner-canvas-shorts-flasche-gruen-schwarz\/","title":{"rendered":"PFANNER Canvas Shorts flaschengr\u00fcn-schwarz"},"content":{"rendered":"<p>Die StretchZone\u00ae Canvas Shorts sind perfekt f\u00fcr heisse Tage und den t\u00e4glichen Arbeitseinsatz. Die StretchZone\u00ae-Technologie garantiert optimalen Halt und maximale Atmungsaktivit\u00e4t bei allen T\u00e4tigkeiten. Die durchdachte Platzierung der Taschen f\u00fcr den t\u00e4glichen Gebrauch, einschliesslich einer speziellen Dreifachtasche f\u00fcr Gliedermassstab, bietet Platz f\u00fcr alle Werkzeuge. Die StretchZone\u00ae Canvas Shorts sind auch als lange Hose erh\u00e4ltlich.<br \/>\n-StretchZone\u00ae-Technologie<br \/>\n-Maximale Bewegungsfreiheit<br \/>\n-Dreifachtasche f\u00fcr Bandmass<br \/>\n-Reissfester Zwickel<br \/>\n-Flanellfutter<br \/>\n-Reflektierende Streifen<br \/>\n-Durchgehender Elastikbund   <\/p>\n<p>Material:<br \/>\nCanvas: 65% PES, 35% Baumwolle<br \/>\nStretchgewebe: 90% Polyamid, 10% Elastan<\/p>\n","protected":false},"excerpt":{"rendered":"<p>Die StretchZone\u00ae Canvas Shorts sind perfekt f\u00fcr heisse Tage und den t\u00e4glichen Arbeitseinsatz. Die StretchZone\u00ae-Technologie garantiert optimalen Halt und maximale<\/p>\n","protected":false},"featured_media":511999,"template":"","meta":{"_seopress_robots_primary_cat":"none","_seopress_titles_title":"","_seopress_titles_desc":"","_seopress_robots_index":""},"product_brand":[3458],"product_cat":[21,284],"product_tag":[],"class_list":{"0":"post-514604","1":"product","2":"type-product","3":"status-publish","4":"has-post-thumbnail","6":"product_brand-pfanner","7":"product_cat-abbigliamento","8":"product_cat-abbigliamento-da-lavoro","9":"sws-gruppo-no-gruppo-de","10":"sws-conto-ricavi-merci-rivendita-abbigliamento-de","11":"sws-gruppo-iva-iva81-de","13":"first","14":"instock","15":"shipping-taxable","16":"purchasable","17":"product-type-variable","18":"has-default-attributes"},"_links":{"self":[{"href":"https:\/\/lucacastelli.com\/de\/wp-json\/wp\/v2\/product\/514604","targetHints":{"allow":["GET"]}}],"collection":[{"href":"https:\/\/lucacastelli.com\/de\/wp-json\/wp\/v2\/product"}],"about":[{"href":"https:\/\/lucacastelli.com\/de\/wp-json\/wp\/v2\/types\/product"}],"wp:featuredmedia":[{"embeddable":true,"href":"https:\/\/lucacastelli.com\/de\/wp-json\/wp\/v2\/media\/511999"}],"wp:attachment":[{"href":"https:\/\/lucacastelli.com\/de\/wp-json\/wp\/v2\/media?parent=514604"}],"wp:term":[{"taxonomy":"product_brand","embeddable":true,"href":"https:\/\/lucacastelli.com\/de\/wp-json\/wp\/v2\/product_brand?post=514604"},{"taxonomy":"product_cat","embeddable":true,"href":"https:\/\/lucacastelli.com\/de\/wp-json\/wp\/v2\/product_cat?post=514604"},{"taxonomy":"product_tag","embeddable":true,"href":"https:\/\/lucacastelli.com\/de\/wp-json\/wp\/v2\/product_tag?post=514604"}],"curies":[{"name":"wp","href":"https:\/\/api.w.org\/{rel}","templated":true}]}}