{"id":514557,"date":"2025-07-28T08:52:38","date_gmt":"2025-07-28T06:52:38","guid":{"rendered":"https:\/\/lucacastelli.com\/prodotto\/stihl-advance-x-treem-jacke\/"},"modified":"2025-07-28T08:52:38","modified_gmt":"2025-07-28T06:52:38","slug":"stihl-advance-x-treem-jacke","status":"publish","type":"product","link":"https:\/\/lucacastelli.com\/de\/produkt\/stihl-advance-x-treem-jacke\/","title":{"rendered":"STIHL ADVANCE X-TREEm Jacke"},"content":{"rendered":"<p>Ganz neu entwickelt mit vielen n\u00fctzlichen Details: hochelastische Eins\u00e4tze aus ProElast-Material f\u00fcr optimale Bewegungsfreiheit und Atmungsaktivit\u00e4t. Farbe schwarz, signalorange und silber. Hands\u00e4genschutz kann angebracht werden. Abnehmbare \u00c4rmel, Schulterdistanzmaterial und verstellbare Bel\u00fcftungs\u00f6ffnungen f\u00fcr ein angenehmes K\u00f6rperklima. Verschlei\u00dfschutz durch Keramik-Punkte an den Ellenbogen. \u00c4u\u00dferer Schulterbereich mit Verschlei\u00dfschutz durch gepr\u00e4gte DotGrip-Punkte. Hohe Sichtbarkeit durch gro\u00dfen Anteil an Signalorange. Zwei Brusttaschen und eine Innen- und \u00c4rmeltasche. Mit KWF-Nutzwert-Zertifizierung.        <\/p>\n<p>&nbsp;<\/p>\n","protected":false},"excerpt":{"rendered":"<p>Ganz neu entwickelt mit vielen n\u00fctzlichen Details: hochelastische Eins\u00e4tze aus ProElast-Material f\u00fcr optimale Bewegungsfreiheit und Atmungsaktivit\u00e4t. Farbe schwarz, signalorange und<\/p>\n","protected":false},"featured_media":438680,"template":"","meta":{"_seopress_robots_primary_cat":"none","_seopress_titles_title":"","_seopress_titles_desc":"","_seopress_robots_index":""},"product_brand":[3554],"product_cat":[82,1382],"product_tag":[3266],"class_list":{"0":"post-514557","1":"product","2":"type-product","3":"status-publish","4":"has-post-thumbnail","6":"product_brand-stihl-de","7":"product_cat-kleidung","8":"product_cat-arbeitskleidung","9":"product_tag-import-stihl-de","10":"sws-conto-ricavi-merci-rivendita-abbigliamento-de","11":"sws-gruppo-iva-iva81-de","13":"first","14":"instock","15":"sale","16":"shipping-taxable","17":"purchasable","18":"product-type-variable"},"_links":{"self":[{"href":"https:\/\/lucacastelli.com\/de\/wp-json\/wp\/v2\/product\/514557","targetHints":{"allow":["GET"]}}],"collection":[{"href":"https:\/\/lucacastelli.com\/de\/wp-json\/wp\/v2\/product"}],"about":[{"href":"https:\/\/lucacastelli.com\/de\/wp-json\/wp\/v2\/types\/product"}],"wp:featuredmedia":[{"embeddable":true,"href":"https:\/\/lucacastelli.com\/de\/wp-json\/wp\/v2\/media\/438680"}],"wp:attachment":[{"href":"https:\/\/lucacastelli.com\/de\/wp-json\/wp\/v2\/media?parent=514557"}],"wp:term":[{"taxonomy":"product_brand","embeddable":true,"href":"https:\/\/lucacastelli.com\/de\/wp-json\/wp\/v2\/product_brand?post=514557"},{"taxonomy":"product_cat","embeddable":true,"href":"https:\/\/lucacastelli.com\/de\/wp-json\/wp\/v2\/product_cat?post=514557"},{"taxonomy":"product_tag","embeddable":true,"href":"https:\/\/lucacastelli.com\/de\/wp-json\/wp\/v2\/product_tag?post=514557"}],"curies":[{"name":"wp","href":"https:\/\/api.w.org\/{rel}","templated":true}]}}