{"id":514450,"date":"2025-07-10T10:42:04","date_gmt":"2025-07-10T08:42:04","guid":{"rendered":"https:\/\/lucacastelli.com\/prodotto\/stihl-hose-dynamic-durotec-dac1\/"},"modified":"2025-07-10T10:42:04","modified_gmt":"2025-07-10T08:42:04","slug":"stihl-hose-dynamic-durotec-dac1","status":"publish","type":"product","link":"https:\/\/lucacastelli.com\/de\/produkt\/stihl-hose-dynamic-durotec-dac1\/","title":{"rendered":"STIHL Hose, DYNAMIC DuroTEC dAc1"},"content":{"rendered":"<p>Schnittfeste Hose f\u00fcr alle Arbeiten mit der Kettens\u00e4ge. Optimale Passform, auch f\u00fcr Frauen geeignet, dank verstellbarem G\u00fcrtel und Stretchmaterial. Hoher Tragekomfort und Atmungsaktivit\u00e4t. Robuster Schutz vor Dornen und Sch\u00fcrfwunden im Unterschenkelbereich. In der Ausf\u00fchrungsvariante A ist der Schnittschutz elastisch am oberen Hosenteil fixiert f\u00fcr optimale Bewegungsfreiheit. Bel\u00fcftungs\u00f6ffnungen mit Rei\u00dfverschl\u00fcssen f\u00fcr ein angenehmes K\u00f6rperklima. Praktische Taschen. Gro\u00dfe Fl\u00e4chen in Signalorange und reflektierende Elemente f\u00fcr gute Sichtbarkeit.nbsp;Ausf\u00fchrung A, Klasse 1<\/p>\n<p>Schnittschutzklasse 1<\/p>\n","protected":false},"excerpt":{"rendered":"<p>Schnittfeste Hose f\u00fcr alle Arbeiten mit der Kettens\u00e4ge. Optimale Passform, auch f\u00fcr Frauen geeignet, dank verstellbarem G\u00fcrtel und Stretchmaterial. Hoher<\/p>\n","protected":false},"featured_media":436759,"template":"","meta":{"_seopress_robots_primary_cat":"none","_seopress_titles_title":"","_seopress_titles_desc":"","_seopress_robots_index":""},"product_brand":[3366],"product_cat":[21,284],"product_tag":[3265],"class_list":{"0":"post-514450","1":"product","2":"type-product","3":"status-publish","4":"has-post-thumbnail","6":"product_brand-stihl","7":"product_cat-abbigliamento","8":"product_cat-abbigliamento-da-lavoro","9":"product_tag-import-stihl","10":"sws-conto-ricavi-merci-rivendita-abbigliamento-de","11":"sws-gruppo-iva-iva81-de","13":"first","14":"instock","15":"sale","16":"shipping-taxable","17":"purchasable","18":"product-type-variable"},"_links":{"self":[{"href":"https:\/\/lucacastelli.com\/de\/wp-json\/wp\/v2\/product\/514450","targetHints":{"allow":["GET"]}}],"collection":[{"href":"https:\/\/lucacastelli.com\/de\/wp-json\/wp\/v2\/product"}],"about":[{"href":"https:\/\/lucacastelli.com\/de\/wp-json\/wp\/v2\/types\/product"}],"wp:featuredmedia":[{"embeddable":true,"href":"https:\/\/lucacastelli.com\/de\/wp-json\/wp\/v2\/media\/436759"}],"wp:attachment":[{"href":"https:\/\/lucacastelli.com\/de\/wp-json\/wp\/v2\/media?parent=514450"}],"wp:term":[{"taxonomy":"product_brand","embeddable":true,"href":"https:\/\/lucacastelli.com\/de\/wp-json\/wp\/v2\/product_brand?post=514450"},{"taxonomy":"product_cat","embeddable":true,"href":"https:\/\/lucacastelli.com\/de\/wp-json\/wp\/v2\/product_cat?post=514450"},{"taxonomy":"product_tag","embeddable":true,"href":"https:\/\/lucacastelli.com\/de\/wp-json\/wp\/v2\/product_tag?post=514450"}],"curies":[{"name":"wp","href":"https:\/\/api.w.org\/{rel}","templated":true}]}}