{"id":514420,"date":"2025-07-10T09:45:47","date_gmt":"2025-07-10T07:45:47","guid":{"rendered":"https:\/\/lucacastelli.com\/prodotto\/stihl-funktionshosen-advance\/"},"modified":"2025-07-10T09:45:47","modified_gmt":"2025-07-10T07:45:47","slug":"stihl-funktionshosen-advance","status":"publish","type":"product","link":"https:\/\/lucacastelli.com\/de\/produkt\/stihl-funktionshosen-advance\/","title":{"rendered":"STIHL Funktionshosen, ADVANCE"},"content":{"rendered":"<p>Kleidungsst\u00fccke, die sich besonders f\u00fcr Arbeiten in der Natur eignen. Nahtlos integrierte Teile bieten Schutz und sorgen f\u00fcr ein ideales K\u00f6rperklima. Mehrere eingearbeitete Schichten sorgen f\u00fcr guten Feuchtigkeitstransport und schnelle Trocknung. Eingebaute Silberf\u00e4den neutralisieren Ger\u00fcche.   <\/p>\n<p>ATMUNGSAKTIVIT\u00c4T 1<br \/>\nSCHUTZ VOR K\u00c4LTE<\/p>\n","protected":false},"excerpt":{"rendered":"<p>Kleidungsst\u00fccke, die sich besonders f\u00fcr Arbeiten in der Natur eignen. Nahtlos integrierte Teile bieten Schutz und sorgen f\u00fcr ein ideales<\/p>\n","protected":false},"featured_media":482206,"template":"","meta":{"_seopress_robots_primary_cat":"284","_seopress_titles_title":"","_seopress_titles_desc":"","_seopress_robots_index":""},"product_brand":[3554],"product_cat":[82,1382],"product_tag":[3266],"class_list":{"0":"post-514420","1":"product","2":"type-product","3":"status-publish","4":"has-post-thumbnail","6":"product_brand-stihl-de","7":"product_cat-kleidung","8":"product_cat-arbeitskleidung","9":"product_tag-import-stihl-de","10":"sws-conto-ricavi-merci-rivendita-abbigliamento-de","11":"sws-gruppo-iva-iva81-de","13":"first","14":"instock","15":"shipping-taxable","16":"purchasable","17":"product-type-variable"},"_links":{"self":[{"href":"https:\/\/lucacastelli.com\/de\/wp-json\/wp\/v2\/product\/514420","targetHints":{"allow":["GET"]}}],"collection":[{"href":"https:\/\/lucacastelli.com\/de\/wp-json\/wp\/v2\/product"}],"about":[{"href":"https:\/\/lucacastelli.com\/de\/wp-json\/wp\/v2\/types\/product"}],"wp:featuredmedia":[{"embeddable":true,"href":"https:\/\/lucacastelli.com\/de\/wp-json\/wp\/v2\/media\/482206"}],"wp:attachment":[{"href":"https:\/\/lucacastelli.com\/de\/wp-json\/wp\/v2\/media?parent=514420"}],"wp:term":[{"taxonomy":"product_brand","embeddable":true,"href":"https:\/\/lucacastelli.com\/de\/wp-json\/wp\/v2\/product_brand?post=514420"},{"taxonomy":"product_cat","embeddable":true,"href":"https:\/\/lucacastelli.com\/de\/wp-json\/wp\/v2\/product_cat?post=514420"},{"taxonomy":"product_tag","embeddable":true,"href":"https:\/\/lucacastelli.com\/de\/wp-json\/wp\/v2\/product_tag?post=514420"}],"curies":[{"name":"wp","href":"https:\/\/api.w.org\/{rel}","templated":true}]}}