{"id":514316,"date":"2025-07-02T11:39:28","date_gmt":"2025-07-02T09:39:28","guid":{"rendered":"https:\/\/lucacastelli.com\/prodotto\/stihl-sicherheitshose-x-climb\/"},"modified":"2025-07-02T11:39:28","modified_gmt":"2025-07-02T09:39:28","slug":"stihl-sicherheitshose-x-climb","status":"publish","type":"product","link":"https:\/\/lucacastelli.com\/de\/produkt\/stihl-sicherheitshose-x-climb\/","title":{"rendered":"STIHL Sicherheitshose, X-CLIMB"},"content":{"rendered":"<p>Robuste Kletterhose, ohne Schnittschutz. Torfarben, 89 % Polyester, 11 % Elasthan, elastisch und atmungsaktiv, auch am Knie wasserdicht, Schutz vor Dornen und N\u00e4sse am Unterschenkel, schmutzabweisend, hintere Bel\u00fcftungs\u00f6ffnungen mit Rei\u00dfverschl\u00fcssen, Lendenschutz, Haken zur Befestigung von Schn\u00fcrsenkeln, verschlie\u00dfbare Taschen, reflektierende Details. <\/p>\n<p>&nbsp;<\/p>\n","protected":false},"excerpt":{"rendered":"<p>Robuste Kletterhose, ohne Schnittschutz. Torfarben, 89 % Polyester, 11 % Elasthan, elastisch und atmungsaktiv, auch am Knie wasserdicht, Schutz vor<\/p>\n","protected":false},"featured_media":514314,"template":"","meta":{"_seopress_robots_primary_cat":"none","_seopress_titles_title":"","_seopress_titles_desc":"","_seopress_robots_index":""},"product_brand":[3554],"product_cat":[82,1382],"product_tag":[3266],"class_list":{"0":"post-514316","1":"product","2":"type-product","3":"status-publish","4":"has-post-thumbnail","6":"product_brand-stihl-de","7":"product_cat-kleidung","8":"product_cat-arbeitskleidung","9":"product_tag-import-stihl-de","10":"sws-conto-ricavi-merci-rivendita-abbigliamento-de","11":"sws-gruppo-iva-iva81-de","13":"first","14":"instock","15":"sale","16":"shipping-taxable","17":"purchasable","18":"product-type-variable"},"_links":{"self":[{"href":"https:\/\/lucacastelli.com\/de\/wp-json\/wp\/v2\/product\/514316","targetHints":{"allow":["GET"]}}],"collection":[{"href":"https:\/\/lucacastelli.com\/de\/wp-json\/wp\/v2\/product"}],"about":[{"href":"https:\/\/lucacastelli.com\/de\/wp-json\/wp\/v2\/types\/product"}],"wp:featuredmedia":[{"embeddable":true,"href":"https:\/\/lucacastelli.com\/de\/wp-json\/wp\/v2\/media\/514314"}],"wp:attachment":[{"href":"https:\/\/lucacastelli.com\/de\/wp-json\/wp\/v2\/media?parent=514316"}],"wp:term":[{"taxonomy":"product_brand","embeddable":true,"href":"https:\/\/lucacastelli.com\/de\/wp-json\/wp\/v2\/product_brand?post=514316"},{"taxonomy":"product_cat","embeddable":true,"href":"https:\/\/lucacastelli.com\/de\/wp-json\/wp\/v2\/product_cat?post=514316"},{"taxonomy":"product_tag","embeddable":true,"href":"https:\/\/lucacastelli.com\/de\/wp-json\/wp\/v2\/product_tag?post=514316"}],"curies":[{"name":"wp","href":"https:\/\/api.w.org\/{rel}","templated":true}]}}