{"id":514067,"date":"2025-06-04T03:24:22","date_gmt":"2025-06-04T01:24:22","guid":{"rendered":"https:\/\/lucacastelli.com\/prodotto\/stihl-dynamic-thermovent-arbeitshandschuhe\/"},"modified":"2025-06-04T03:24:22","modified_gmt":"2025-06-04T01:24:22","slug":"stihl-dynamic-thermovent-arbeitshandschuhe","status":"publish","type":"product","link":"https:\/\/lucacastelli.com\/de\/produkt\/stihl-dynamic-thermovent-arbeitshandschuhe\/","title":{"rendered":"STIHL DYNAMIC ThermoVent Arbeitshandschuhe"},"content":{"rendered":"<p>Robuster Winterarbeitshandschuh aus weichem Ziegenleder. Der STIHL ADVANCE Winterhandschuh ist ergonomisch vorgeformt f\u00fcr guten Grip. Elastischer Handr\u00fccken mit Kn\u00f6chelschutz. Eine elastische Stulpe verhindert das Eindringen von Fremdk\u00f6rpern und st\u00fctzt die Handgelenke.   <\/p>\n","protected":false},"excerpt":{"rendered":"<p>Robuster Winterarbeitshandschuh aus weichem Ziegenleder. Der STIHL ADVANCE Winterhandschuh ist ergonomisch vorgeformt f\u00fcr guten Grip. Elastischer Handr\u00fccken mit Kn\u00f6chelschutz. Eine<\/p>\n","protected":false},"featured_media":439220,"template":"","meta":{"_seopress_robots_primary_cat":"none","_seopress_titles_title":"","_seopress_titles_desc":"","_seopress_robots_index":""},"product_brand":[3366],"product_cat":[21,284],"product_tag":[3265],"class_list":{"0":"post-514067","1":"product","2":"type-product","3":"status-publish","4":"has-post-thumbnail","6":"product_brand-stihl","7":"product_cat-abbigliamento","8":"product_cat-abbigliamento-da-lavoro","9":"product_tag-import-stihl","10":"sws-conto-ricavi-merci-rivendita-abbigliamento-de","11":"sws-gruppo-iva-iva81-de","13":"first","14":"instock","15":"shipping-taxable","16":"purchasable","17":"product-type-variable"},"_links":{"self":[{"href":"https:\/\/lucacastelli.com\/de\/wp-json\/wp\/v2\/product\/514067","targetHints":{"allow":["GET"]}}],"collection":[{"href":"https:\/\/lucacastelli.com\/de\/wp-json\/wp\/v2\/product"}],"about":[{"href":"https:\/\/lucacastelli.com\/de\/wp-json\/wp\/v2\/types\/product"}],"wp:featuredmedia":[{"embeddable":true,"href":"https:\/\/lucacastelli.com\/de\/wp-json\/wp\/v2\/media\/439220"}],"wp:attachment":[{"href":"https:\/\/lucacastelli.com\/de\/wp-json\/wp\/v2\/media?parent=514067"}],"wp:term":[{"taxonomy":"product_brand","embeddable":true,"href":"https:\/\/lucacastelli.com\/de\/wp-json\/wp\/v2\/product_brand?post=514067"},{"taxonomy":"product_cat","embeddable":true,"href":"https:\/\/lucacastelli.com\/de\/wp-json\/wp\/v2\/product_cat?post=514067"},{"taxonomy":"product_tag","embeddable":true,"href":"https:\/\/lucacastelli.com\/de\/wp-json\/wp\/v2\/product_tag?post=514067"}],"curies":[{"name":"wp","href":"https:\/\/api.w.org\/{rel}","templated":true}]}}