{"id":514045,"date":"2025-06-05T03:36:54","date_gmt":"2025-06-05T01:36:54","guid":{"rendered":"https:\/\/lucacastelli.com\/prodotto\/stihl-advance-x-vent-jacke\/"},"modified":"2025-06-05T03:36:54","modified_gmt":"2025-06-05T01:36:54","slug":"stihl-advance-x-vent-jacke","status":"publish","type":"product","link":"https:\/\/lucacastelli.com\/de\/produkt\/stihl-advance-x-vent-jacke\/","title":{"rendered":"STIHL ADVANCE X-VENT Jacke"},"content":{"rendered":"<p>Leichte und hoch atmungsaktive Jacke f\u00fcr die Arbeit im Wald, besonders geeignet f\u00fcr sommerliche Temperaturen oder hohe k\u00f6rperliche Aktivit\u00e4t. Signalorange und schwarz, silberfarbenes Netzfutter am R\u00fccken, unter den Armen und in den Taschen f\u00fcr optimale Bel\u00fcftung, wasser- und schmutzabweisend, hoher Anteil an Signalorange, reflektierende Details, zwei Brusttaschen und eine Tasche auf dem R\u00fccken, an den \u00c4rmeln und innen, Verschlei\u00dfschutz an den Schultern, gro\u00dfes STIHL Logo auf dem R\u00fccken. Mit KWF-Nutzwert-Zertifizierung.  <\/p>\n<p>&nbsp;<\/p>\n","protected":false},"excerpt":{"rendered":"<p>Leichte und hoch atmungsaktive Jacke f\u00fcr die Arbeit im Wald, besonders geeignet f\u00fcr sommerliche Temperaturen oder hohe k\u00f6rperliche Aktivit\u00e4t. Signalorange<\/p>\n","protected":false},"featured_media":513944,"template":"","meta":{"_seopress_robots_primary_cat":"none","_seopress_titles_title":"","_seopress_titles_desc":"","_seopress_robots_index":""},"product_brand":[3366],"product_cat":[21,284],"product_tag":[3265],"class_list":{"0":"post-514045","1":"product","2":"type-product","3":"status-publish","4":"has-post-thumbnail","6":"product_brand-stihl","7":"product_cat-abbigliamento","8":"product_cat-abbigliamento-da-lavoro","9":"product_tag-import-stihl","10":"sws-conto-ricavi-merci-rivendita-abbigliamento-de","11":"sws-gruppo-iva-iva81-de","13":"first","14":"instock","15":"sale","16":"shipping-taxable","17":"purchasable","18":"product-type-variable"},"_links":{"self":[{"href":"https:\/\/lucacastelli.com\/de\/wp-json\/wp\/v2\/product\/514045","targetHints":{"allow":["GET"]}}],"collection":[{"href":"https:\/\/lucacastelli.com\/de\/wp-json\/wp\/v2\/product"}],"about":[{"href":"https:\/\/lucacastelli.com\/de\/wp-json\/wp\/v2\/types\/product"}],"wp:featuredmedia":[{"embeddable":true,"href":"https:\/\/lucacastelli.com\/de\/wp-json\/wp\/v2\/media\/513944"}],"wp:attachment":[{"href":"https:\/\/lucacastelli.com\/de\/wp-json\/wp\/v2\/media?parent=514045"}],"wp:term":[{"taxonomy":"product_brand","embeddable":true,"href":"https:\/\/lucacastelli.com\/de\/wp-json\/wp\/v2\/product_brand?post=514045"},{"taxonomy":"product_cat","embeddable":true,"href":"https:\/\/lucacastelli.com\/de\/wp-json\/wp\/v2\/product_cat?post=514045"},{"taxonomy":"product_tag","embeddable":true,"href":"https:\/\/lucacastelli.com\/de\/wp-json\/wp\/v2\/product_tag?post=514045"}],"curies":[{"name":"wp","href":"https:\/\/api.w.org\/{rel}","templated":true}]}}