{"id":514035,"date":"2025-06-04T03:20:57","date_gmt":"2025-06-04T01:20:57","guid":{"rendered":"https:\/\/lucacastelli.com\/prodotto\/stihl-profi-arbeitshandschuhe-advance-ergo-ms\/"},"modified":"2025-06-04T03:20:57","modified_gmt":"2025-06-04T01:20:57","slug":"stihl-profi-arbeitshandschuhe-advance-ergo-ms","status":"publish","type":"product","link":"https:\/\/lucacastelli.com\/de\/produkt\/stihl-profi-arbeitshandschuhe-advance-ergo-ms\/","title":{"rendered":"STIHL Profi-Arbeitshandschuhe, ADVANCE Ergo MS"},"content":{"rendered":"<p>Professionelle Arbeitshandschuhe ohne Schnittschutz. Ausgestattet mit reflektierenden Streifen, Innenfl\u00e4chen mit sto\u00dfd\u00e4mpfenden Elementen und Klettverschluss. <\/p>\n<p>&nbsp;<\/p>\n","protected":false},"excerpt":{"rendered":"<p>Professionelle Arbeitshandschuhe ohne Schnittschutz. Ausgestattet mit reflektierenden Streifen, Innenfl\u00e4chen mit sto\u00dfd\u00e4mpfenden Elementen und Klettverschluss. &nbsp;<\/p>\n","protected":false},"featured_media":424265,"template":"","meta":{"_seopress_robots_primary_cat":"none","_seopress_titles_title":"","_seopress_titles_desc":"","_seopress_robots_index":""},"product_brand":[3554],"product_cat":[82,1382],"product_tag":[3266],"class_list":{"0":"post-514035","1":"product","2":"type-product","3":"status-publish","4":"has-post-thumbnail","6":"product_brand-stihl-de","7":"product_cat-kleidung","8":"product_cat-arbeitskleidung","9":"product_tag-import-stihl-de","10":"sws-conto-ricavi-merci-rivendita-abbigliamento-de","11":"sws-gruppo-iva-iva81-de","13":"first","14":"instock","15":"shipping-taxable","16":"purchasable","17":"product-type-variable"},"_links":{"self":[{"href":"https:\/\/lucacastelli.com\/de\/wp-json\/wp\/v2\/product\/514035","targetHints":{"allow":["GET"]}}],"collection":[{"href":"https:\/\/lucacastelli.com\/de\/wp-json\/wp\/v2\/product"}],"about":[{"href":"https:\/\/lucacastelli.com\/de\/wp-json\/wp\/v2\/types\/product"}],"wp:featuredmedia":[{"embeddable":true,"href":"https:\/\/lucacastelli.com\/de\/wp-json\/wp\/v2\/media\/424265"}],"wp:attachment":[{"href":"https:\/\/lucacastelli.com\/de\/wp-json\/wp\/v2\/media?parent=514035"}],"wp:term":[{"taxonomy":"product_brand","embeddable":true,"href":"https:\/\/lucacastelli.com\/de\/wp-json\/wp\/v2\/product_brand?post=514035"},{"taxonomy":"product_cat","embeddable":true,"href":"https:\/\/lucacastelli.com\/de\/wp-json\/wp\/v2\/product_cat?post=514035"},{"taxonomy":"product_tag","embeddable":true,"href":"https:\/\/lucacastelli.com\/de\/wp-json\/wp\/v2\/product_tag?post=514035"}],"curies":[{"name":"wp","href":"https:\/\/api.w.org\/{rel}","templated":true}]}}